{"id":7316,"date":"2023-01-17T11:08:48","date_gmt":"2023-01-17T17:08:48","guid":{"rendered":"https:\/\/www.feedthehungrysma.org\/?page_id=7316"},"modified":"2026-04-02T11:26:10","modified_gmt":"2026-04-02T17:26:10","slug":"events","status":"publish","type":"page","link":"https:\/\/www.feedthehungrysma.org\/es\/events\/","title":{"rendered":"FTH-Events"},"content":{"rendered":"<div data-elementor-type=\"wp-page\" data-elementor-id=\"7316\" class=\"elementor elementor-7316\" data-elementor-post-type=\"page\">\n\t\t\t\t\t\t<section class=\"elementor-section elementor-top-section elementor-element elementor-element-b64053e elementor-section-boxed elementor-section-height-default elementor-section-height-default\" data-id=\"b64053e\" data-element_type=\"section\" data-e-type=\"section\">\n\t\t\t\t\t\t<div class=\"elementor-container elementor-column-gap-default\">\n\t\t\t\t\t<div class=\"elementor-column elementor-col-100 elementor-top-column elementor-element elementor-element-5870df5\" data-id=\"5870df5\" data-element_type=\"column\" data-e-type=\"column\">\n\t\t\t<div class=\"elementor-widget-wrap elementor-element-populated\">\n\t\t\t\t\t\t<div class=\"elementor-element elementor-element-d6c43dc elementor-widget elementor-widget-image\" data-id=\"d6c43dc\" data-element_type=\"widget\" data-e-type=\"widget\" data-widget_type=\"image.default\">\n\t\t\t\t<div class=\"elementor-widget-container\">\n\t\t\t\t\t\t\t\t\t\t\t\t\t\t\t\t<a href=\"https:\/\/www.feedthehungrysma.org\/es\/murals-of-dreams-gala\/\">\n\t\t\t\t\t\t\t<img fetchpriority=\"high\" decoding=\"async\" width=\"1280\" height=\"670\" src=\"https:\/\/www.sanmiguelsinhambre.org\/wp-content\/uploads\/2026\/01\/WhatsApp-Image-2026-01-22-at-12.56.15-PM.jpeg\" class=\"attachment-full size-full wp-image-13335\" alt=\"\" srcset=\"https:\/\/www.sanmiguelsinhambre.org\/wp-content\/uploads\/2026\/01\/WhatsApp-Image-2026-01-22-at-12.56.15-PM.jpeg 1280w, https:\/\/www.sanmiguelsinhambre.org\/wp-content\/uploads\/2026\/01\/WhatsApp-Image-2026-01-22-at-12.56.15-PM-300x157.jpeg 300w, https:\/\/www.sanmiguelsinhambre.org\/wp-content\/uploads\/2026\/01\/WhatsApp-Image-2026-01-22-at-12.56.15-PM-1024x536.jpeg 1024w, https:\/\/www.sanmiguelsinhambre.org\/wp-content\/uploads\/2026\/01\/WhatsApp-Image-2026-01-22-at-12.56.15-PM-768x402.jpeg 768w, https:\/\/www.sanmiguelsinhambre.org\/wp-content\/uploads\/2026\/01\/WhatsApp-Image-2026-01-22-at-12.56.15-PM-18x9.jpeg 18w\" sizes=\"(max-width: 1280px) 100vw, 1280px\" \/>\t\t\t\t\t\t\t\t<\/a>\n\t\t\t\t\t\t\t\t\t\t\t\t\t\t\t<\/div>\n\t\t\t\t<\/div>\n\t\t\t\t\t<\/div>\n\t\t<\/div>\n\t\t\t\t\t<\/div>\n\t\t<\/section>\n\t\t\t\t<section class=\"elementor-section elementor-top-section elementor-element elementor-element-916df98 elementor-section-boxed elementor-section-height-default elementor-section-height-default\" data-id=\"916df98\" data-element_type=\"section\" data-e-type=\"section\">\n\t\t\t\t\t\t<div class=\"elementor-container elementor-column-gap-default\">\n\t\t\t\t\t<div class=\"elementor-column elementor-col-100 elementor-top-column elementor-element elementor-element-4ccfcaf\" data-id=\"4ccfcaf\" data-element_type=\"column\" data-e-type=\"column\">\n\t\t\t<div class=\"elementor-widget-wrap elementor-element-populated\">\n\t\t\t\t\t\t<div class=\"elementor-element elementor-element-4a551ce elementor-widget elementor-widget-heading\" data-id=\"4a551ce\" data-element_type=\"widget\" data-e-type=\"widget\" data-widget_type=\"heading.default\">\n\t\t\t\t<div class=\"elementor-widget-container\">\n\t\t\t\t\t<h4 class=\"elementor-heading-title elementor-size-default\">We\u2019re delighted to share a selection of beautiful moments from this year\u2019s gala, a celebration of community, generosity, and hope.\n\n<\/h4>\t\t\t\t<\/div>\n\t\t\t\t<\/div>\n\t\t\t\t<div class=\"elementor-element elementor-element-7d451c0 elementor-widget elementor-widget-heading\" data-id=\"7d451c0\" data-element_type=\"widget\" data-e-type=\"widget\" data-widget_type=\"heading.default\">\n\t\t\t\t<div class=\"elementor-widget-container\">\n\t\t\t\t\t<h4 class=\"elementor-heading-title elementor-size-default\">Nos encanta compartir una selecci\u00f3n de los momentos m\u00e1s especiales de la gala de este a\u00f1o, una celebraci\u00f3n de comunidad, generosidad y esperanza.\n\n<\/h4>\t\t\t\t<\/div>\n\t\t\t\t<\/div>\n\t\t\t\t<div class=\"elementor-element elementor-element-270d599 elementor-widget elementor-widget-text-editor\" data-id=\"270d599\" data-element_type=\"widget\" data-e-type=\"widget\" data-widget_type=\"text-editor.default\">\n\t\t\t\t<div class=\"elementor-widget-container\">\n\t\t\t\t\t\t\t\t\t<p style=\"text-align: center;\">To respect the privacy of our guests, this gallery is password protected.<\/p><p style=\"text-align: center;\">Para respetar la privacidad de nuestros invitados, esta galer\u00eda est\u00e1 protegida con contrase\u00f1a.<\/p><p style=\"text-align: center;\">If you attended the event and would like access, please contact us at: <a href=\"mailto:contact@feedthehungrysma.org\">contact@feedthehungrysma.org<\/a><\/p><p style=\"text-align: center;\">Si asististe al evento y deseas acceder, por favor contactarnos en:<br \/><a href=\"mailto:contact@feedthehungrysma.org\">contact@feedthehungrysma.org<\/a><\/p><p style=\"text-align: center;\">Thank you for being part of such a meaningful evening and for supporting our mission.<\/p><p style=\"text-align: center;\">Gracias por ser parte de una noche tan significativa y por apoyar nuestra misi\u00f3n.<\/p><p>\u00a0<\/p>\t\t\t\t\t\t\t\t<\/div>\n\t\t\t\t<\/div>\n\t\t\t\t<div class=\"elementor-element elementor-element-afd5284 elementor-align-center elementor-widget elementor-widget-button\" data-id=\"afd5284\" data-element_type=\"widget\" data-e-type=\"widget\" data-widget_type=\"button.default\">\n\t\t\t\t<div class=\"elementor-widget-container\">\n\t\t\t\t\t\t\t\t\t<div class=\"elementor-button-wrapper\">\n\t\t\t\t\t<a class=\"elementor-button elementor-button-link elementor-size-sm\" href=\"https:\/\/www.feedthehungrysma.org\/es\/murals-of-dreams-gala\/\">\n\t\t\t\t\t\t<span class=\"elementor-button-content-wrapper\">\n\t\t\t\t\t\t\t\t\t<span class=\"elementor-button-text\">GALA PHOTO GALLERY<\/span>\n\t\t\t\t\t<\/span>\n\t\t\t\t\t<\/a>\n\t\t\t\t<\/div>\n\t\t\t\t\t\t\t\t<\/div>\n\t\t\t\t<\/div>\n\t\t\t\t\t<\/div>\n\t\t<\/div>\n\t\t\t\t\t<\/div>\n\t\t<\/section>\n\t\t\t\t<\/div>","protected":false},"excerpt":{"rendered":"<p>We\u2019re delighted to share a selection of beautiful moments from this year\u2019s gala, a celebration of community, generosity, and hope. Nos encanta compartir una selecci\u00f3n de los momentos m\u00e1s especiales de la gala de este a\u00f1o, una celebraci\u00f3n de comunidad, generosidad y esperanza. To respect the privacy of our guests, this gallery is password protected. [&hellip;]<\/p>\n","protected":false},"author":2,"featured_media":0,"parent":0,"menu_order":0,"comment_status":"closed","ping_status":"closed","template":"elementor_header_footer","meta":{"site-sidebar-layout":"no-sidebar","site-content-layout":"default","ast-site-content-layout":"default","site-content-style":"default","site-sidebar-style":"default","ast-global-header-display":"","ast-banner-title-visibility":"","ast-main-header-display":"","ast-hfb-above-header-display":"","ast-hfb-below-header-display":"","ast-hfb-mobile-header-display":"","site-post-title":"disabled","ast-breadcrumbs-content":"","ast-featured-img":"","footer-sml-layout":"","ast-disable-related-posts":"","theme-transparent-header-meta":"","adv-header-id-meta":"","stick-header-meta":"","header-above-stick-meta":"","header-main-stick-meta":"","header-below-stick-meta":"","astra-migrate-meta-layouts":"set","ast-page-background-enabled":"default","ast-page-background-meta":{"desktop":{"background-color":"","background-image":"","background-repeat":"repeat","background-position":"center center","background-size":"auto","background-attachment":"scroll","background-type":"","background-media":"","overlay-type":"","overlay-color":"","overlay-opacity":"","overlay-gradient":""},"tablet":{"background-color":"","background-image":"","background-repeat":"repeat","background-position":"center center","background-size":"auto","background-attachment":"scroll","background-type":"","background-media":"","overlay-type":"","overlay-color":"","overlay-opacity":"","overlay-gradient":""},"mobile":{"background-color":"","background-image":"","background-repeat":"repeat","background-position":"center center","background-size":"auto","background-attachment":"scroll","background-type":"","background-media":"","overlay-type":"","overlay-color":"","overlay-opacity":"","overlay-gradient":""}},"ast-content-background-meta":{"desktop":{"background-color":"var(--ast-global-color-5)","background-image":"","background-repeat":"repeat","background-position":"center center","background-size":"auto","background-attachment":"scroll","background-type":"","background-media":"","overlay-type":"","overlay-color":"","overlay-opacity":"","overlay-gradient":""},"tablet":{"background-color":"var(--ast-global-color-5)","background-image":"","background-repeat":"repeat","background-position":"center center","background-size":"auto","background-attachment":"scroll","background-type":"","background-media":"","overlay-type":"","overlay-color":"","overlay-opacity":"","overlay-gradient":""},"mobile":{"background-color":"var(--ast-global-color-5)","background-image":"","background-repeat":"repeat","background-position":"center center","background-size":"auto","background-attachment":"scroll","background-type":"","background-media":"","overlay-type":"","overlay-color":"","overlay-opacity":"","overlay-gradient":""}},"cybocfi_hide_featured_image":"yes","_joinchat":[],"footnotes":""},"class_list":["post-7316","page","type-page","status-publish","hentry"],"yoast_head":"<!-- This site is optimized with the Yoast SEO plugin v27.3 - https:\/\/yoast.com\/product\/yoast-seo-wordpress\/ -->\n<title>FTH-Events - Feed the Hungry San Miguel<\/title>\n<meta name=\"robots\" content=\"index, follow, max-snippet:-1, max-image-preview:large, max-video-preview:-1\" \/>\n<link rel=\"canonical\" href=\"https:\/\/23.102.170.58\/es\/events\/\" \/>\n<meta property=\"og:locale\" content=\"es_MX\" \/>\n<meta property=\"og:type\" content=\"article\" \/>\n<meta property=\"og:title\" content=\"FTH-Events - Feed the Hungry San Miguel\" \/>\n<meta property=\"og:description\" content=\"We\u2019re delighted to share a selection of beautiful moments from this year\u2019s gala, a celebration of community, generosity, and hope. Nos encanta compartir una selecci\u00f3n de los momentos m\u00e1s especiales de la gala de este a\u00f1o, una celebraci\u00f3n de comunidad, generosidad y esperanza. To respect the privacy of our guests, this gallery is password protected. [&hellip;]\" \/>\n<meta property=\"og:url\" content=\"https:\/\/23.102.170.58\/es\/events\/\" \/>\n<meta property=\"og:site_name\" content=\"Feed the Hungry San Miguel\" \/>\n<meta property=\"article:publisher\" content=\"https:\/\/www.facebook.com\/FeedtheHungrySMA\/\" \/>\n<meta property=\"article:modified_time\" content=\"2026-04-02T17:26:10+00:00\" \/>\n<meta property=\"og:image\" content=\"https:\/\/www.feedthehungrysma.org\/wp-content\/uploads\/2026\/01\/WhatsApp-Image-2026-01-22-at-12.56.15-PM.jpeg\" \/>\n<meta name=\"twitter:card\" content=\"summary_large_image\" \/>\n<meta name=\"twitter:site\" content=\"@FTHSanMiguel\" \/>\n<meta name=\"twitter:label1\" content=\"Tiempo de lectura\" \/>\n\t<meta name=\"twitter:data1\" content=\"1 minuto\" \/>\n<script type=\"application\/ld+json\" class=\"yoast-schema-graph\">{\"@context\":\"https:\\\/\\\/schema.org\",\"@graph\":[{\"@type\":\"WebPage\",\"@id\":\"https:\\\/\\\/23.102.170.58\\\/es\\\/events\\\/\",\"url\":\"https:\\\/\\\/23.102.170.58\\\/es\\\/events\\\/\",\"name\":\"FTH-Events - Feed the Hungry San Miguel\",\"isPartOf\":{\"@id\":\"https:\\\/\\\/www.sanmiguelsinhambre.org\\\/es\\\/#website\"},\"primaryImageOfPage\":{\"@id\":\"https:\\\/\\\/23.102.170.58\\\/es\\\/events\\\/#primaryimage\"},\"image\":{\"@id\":\"https:\\\/\\\/23.102.170.58\\\/es\\\/events\\\/#primaryimage\"},\"thumbnailUrl\":\"https:\\\/\\\/www.feedthehungrysma.org\\\/wp-content\\\/uploads\\\/2026\\\/01\\\/WhatsApp-Image-2026-01-22-at-12.56.15-PM.jpeg\",\"datePublished\":\"2023-01-17T17:08:48+00:00\",\"dateModified\":\"2026-04-02T17:26:10+00:00\",\"breadcrumb\":{\"@id\":\"https:\\\/\\\/23.102.170.58\\\/es\\\/events\\\/#breadcrumb\"},\"inLanguage\":\"es\",\"potentialAction\":[{\"@type\":\"ReadAction\",\"target\":[\"https:\\\/\\\/23.102.170.58\\\/es\\\/events\\\/\"]}]},{\"@type\":\"BreadcrumbList\",\"@id\":\"https:\\\/\\\/23.102.170.58\\\/es\\\/events\\\/#breadcrumb\",\"itemListElement\":[{\"@type\":\"ListItem\",\"position\":1,\"name\":\"Home\",\"item\":\"https:\\\/\\\/www.sanmiguelsinhambre.org\\\/es\\\/\"},{\"@type\":\"ListItem\",\"position\":2,\"name\":\"FTH-Events\"}]},{\"@type\":\"WebSite\",\"@id\":\"https:\\\/\\\/www.sanmiguelsinhambre.org\\\/es\\\/#website\",\"url\":\"https:\\\/\\\/www.sanmiguelsinhambre.org\\\/es\\\/\",\"name\":\"Feed the Hungry San Miguel\",\"description\":\"\",\"publisher\":{\"@id\":\"https:\\\/\\\/www.sanmiguelsinhambre.org\\\/es\\\/#organization\"},\"potentialAction\":[{\"@type\":\"SearchAction\",\"target\":{\"@type\":\"EntryPoint\",\"urlTemplate\":\"https:\\\/\\\/www.sanmiguelsinhambre.org\\\/es\\\/?s={search_term_string}\"},\"query-input\":{\"@type\":\"PropertyValueSpecification\",\"valueRequired\":true,\"valueName\":\"search_term_string\"}}],\"inLanguage\":\"es\"},{\"@type\":\"Organization\",\"@id\":\"https:\\\/\\\/www.sanmiguelsinhambre.org\\\/es\\\/#organization\",\"name\":\"Feed the Hungry San Miguel A.C\",\"url\":\"https:\\\/\\\/www.sanmiguelsinhambre.org\\\/es\\\/\",\"logo\":{\"@type\":\"ImageObject\",\"inLanguage\":\"es\",\"@id\":\"https:\\\/\\\/www.sanmiguelsinhambre.org\\\/es\\\/#\\\/schema\\\/logo\\\/image\\\/\",\"url\":\"https:\\\/\\\/www.feedthehungrysma.org\\\/wp-content\\\/uploads\\\/2023\\\/12\\\/fth_40anos_v2.png\",\"contentUrl\":\"https:\\\/\\\/www.feedthehungrysma.org\\\/wp-content\\\/uploads\\\/2023\\\/12\\\/fth_40anos_v2.png\",\"width\":554,\"height\":178,\"caption\":\"Feed the Hungry San Miguel A.C\"},\"image\":{\"@id\":\"https:\\\/\\\/www.sanmiguelsinhambre.org\\\/es\\\/#\\\/schema\\\/logo\\\/image\\\/\"},\"sameAs\":[\"https:\\\/\\\/www.facebook.com\\\/FeedtheHungrySMA\\\/\",\"https:\\\/\\\/x.com\\\/FTHSanMiguel\",\"https:\\\/\\\/www.instagram.com\\\/FeedTheHungrySMA\\\/\",\"https:\\\/\\\/www.youtube.com\\\/channel\\\/UC1pXgylwryRMKsayIP9bPIA\"]}]}<\/script>\n<!-- \/ Yoast SEO plugin. -->","yoast_head_json":{"title":"FTH-Events - Feed the Hungry San Miguel","robots":{"index":"index","follow":"follow","max-snippet":"max-snippet:-1","max-image-preview":"max-image-preview:large","max-video-preview":"max-video-preview:-1"},"canonical":"https:\/\/23.102.170.58\/es\/events\/","og_locale":"es_MX","og_type":"article","og_title":"FTH-Events - Feed the Hungry San Miguel","og_description":"We\u2019re delighted to share a selection of beautiful moments from this year\u2019s gala, a celebration of community, generosity, and hope. Nos encanta compartir una selecci\u00f3n de los momentos m\u00e1s especiales de la gala de este a\u00f1o, una celebraci\u00f3n de comunidad, generosidad y esperanza. To respect the privacy of our guests, this gallery is password protected. [&hellip;]","og_url":"https:\/\/23.102.170.58\/es\/events\/","og_site_name":"Feed the Hungry San Miguel","article_publisher":"https:\/\/www.facebook.com\/FeedtheHungrySMA\/","article_modified_time":"2026-04-02T17:26:10+00:00","og_image":[{"url":"https:\/\/www.feedthehungrysma.org\/wp-content\/uploads\/2026\/01\/WhatsApp-Image-2026-01-22-at-12.56.15-PM.jpeg","type":"","width":"","height":""}],"twitter_card":"summary_large_image","twitter_site":"@FTHSanMiguel","twitter_misc":{"Tiempo de lectura":"1 minuto"},"schema":{"@context":"https:\/\/schema.org","@graph":[{"@type":"WebPage","@id":"https:\/\/23.102.170.58\/es\/events\/","url":"https:\/\/23.102.170.58\/es\/events\/","name":"FTH-Events - Feed the Hungry San Miguel","isPartOf":{"@id":"https:\/\/www.sanmiguelsinhambre.org\/es\/#website"},"primaryImageOfPage":{"@id":"https:\/\/23.102.170.58\/es\/events\/#primaryimage"},"image":{"@id":"https:\/\/23.102.170.58\/es\/events\/#primaryimage"},"thumbnailUrl":"https:\/\/www.feedthehungrysma.org\/wp-content\/uploads\/2026\/01\/WhatsApp-Image-2026-01-22-at-12.56.15-PM.jpeg","datePublished":"2023-01-17T17:08:48+00:00","dateModified":"2026-04-02T17:26:10+00:00","breadcrumb":{"@id":"https:\/\/23.102.170.58\/es\/events\/#breadcrumb"},"inLanguage":"es","potentialAction":[{"@type":"ReadAction","target":["https:\/\/23.102.170.58\/es\/events\/"]}]},{"@type":"BreadcrumbList","@id":"https:\/\/23.102.170.58\/es\/events\/#breadcrumb","itemListElement":[{"@type":"ListItem","position":1,"name":"Home","item":"https:\/\/www.sanmiguelsinhambre.org\/es\/"},{"@type":"ListItem","position":2,"name":"FTH-Events"}]},{"@type":"WebSite","@id":"https:\/\/www.sanmiguelsinhambre.org\/es\/#website","url":"https:\/\/www.sanmiguelsinhambre.org\/es\/","name":"Feed the Hungry San Miguel","description":"","publisher":{"@id":"https:\/\/www.sanmiguelsinhambre.org\/es\/#organization"},"potentialAction":[{"@type":"SearchAction","target":{"@type":"EntryPoint","urlTemplate":"https:\/\/www.sanmiguelsinhambre.org\/es\/?s={search_term_string}"},"query-input":{"@type":"PropertyValueSpecification","valueRequired":true,"valueName":"search_term_string"}}],"inLanguage":"es"},{"@type":"Organization","@id":"https:\/\/www.sanmiguelsinhambre.org\/es\/#organization","name":"Feed the Hungry San Miguel A.C","url":"https:\/\/www.sanmiguelsinhambre.org\/es\/","logo":{"@type":"ImageObject","inLanguage":"es","@id":"https:\/\/www.sanmiguelsinhambre.org\/es\/#\/schema\/logo\/image\/","url":"https:\/\/www.feedthehungrysma.org\/wp-content\/uploads\/2023\/12\/fth_40anos_v2.png","contentUrl":"https:\/\/www.feedthehungrysma.org\/wp-content\/uploads\/2023\/12\/fth_40anos_v2.png","width":554,"height":178,"caption":"Feed the Hungry San Miguel A.C"},"image":{"@id":"https:\/\/www.sanmiguelsinhambre.org\/es\/#\/schema\/logo\/image\/"},"sameAs":["https:\/\/www.facebook.com\/FeedtheHungrySMA\/","https:\/\/x.com\/FTHSanMiguel","https:\/\/www.instagram.com\/FeedTheHungrySMA\/","https:\/\/www.youtube.com\/channel\/UC1pXgylwryRMKsayIP9bPIA"]}]}},"rttpg_featured_image_url":null,"rttpg_author":{"display_name":"Suriel Angel Carrasco Rodr\u00edguez","author_link":"https:\/\/www.feedthehungrysma.org\/es\/author\/suri-fth\/"},"rttpg_comment":0,"rttpg_category":null,"rttpg_excerpt":"We\u2019re delighted to share a selection of beautiful moments from this year\u2019s gala, a celebration of community, generosity, and hope. Nos encanta compartir una selecci\u00f3n de los momentos m\u00e1s especiales de la gala de este a\u00f1o, una celebraci\u00f3n de comunidad, generosidad y esperanza. To respect the privacy of our guests, this gallery is password protected.&hellip;","_links":{"self":[{"href":"https:\/\/www.feedthehungrysma.org\/es\/wp-json\/wp\/v2\/pages\/7316","targetHints":{"allow":["GET"]}}],"collection":[{"href":"https:\/\/www.feedthehungrysma.org\/es\/wp-json\/wp\/v2\/pages"}],"about":[{"href":"https:\/\/www.feedthehungrysma.org\/es\/wp-json\/wp\/v2\/types\/page"}],"author":[{"embeddable":true,"href":"https:\/\/www.feedthehungrysma.org\/es\/wp-json\/wp\/v2\/users\/2"}],"replies":[{"embeddable":true,"href":"https:\/\/www.feedthehungrysma.org\/es\/wp-json\/wp\/v2\/comments?post=7316"}],"version-history":[{"count":360,"href":"https:\/\/www.feedthehungrysma.org\/es\/wp-json\/wp\/v2\/pages\/7316\/revisions"}],"predecessor-version":[{"id":13879,"href":"https:\/\/www.feedthehungrysma.org\/es\/wp-json\/wp\/v2\/pages\/7316\/revisions\/13879"}],"wp:attachment":[{"href":"https:\/\/www.feedthehungrysma.org\/es\/wp-json\/wp\/v2\/media?parent=7316"}],"curies":[{"name":"wp","href":"https:\/\/api.w.org\/{rel}","templated":true}]}}