{"id":5465,"date":"2022-04-21T04:03:26","date_gmt":"2022-04-21T09:03:26","guid":{"rendered":"https:\/\/www.feedthehungrysma.org\/?page_id=5465"},"modified":"2022-04-21T04:05:31","modified_gmt":"2022-04-21T09:05:31","slug":"wedding-donations","status":"publish","type":"page","link":"https:\/\/www.feedthehungrysma.org\/es\/wedding-donations\/","title":{"rendered":"Donaciones de boda"},"content":{"rendered":"<div data-elementor-type=\"wp-page\" data-elementor-id=\"5465\" class=\"elementor elementor-5465\" data-elementor-post-type=\"page\">\n\t\t\t\t\t\t<section class=\"elementor-section elementor-top-section elementor-element elementor-element-39db64b elementor-section-boxed elementor-section-height-default elementor-section-height-default\" data-id=\"39db64b\" data-element_type=\"section\" data-e-type=\"section\" data-settings=\"{&quot;background_background&quot;:&quot;classic&quot;}\">\n\t\t\t\t\t\t\t<div class=\"elementor-background-overlay\"><\/div>\n\t\t\t\t\t\t\t<div class=\"elementor-container elementor-column-gap-default\">\n\t\t\t\t\t<div class=\"elementor-column elementor-col-100 elementor-top-column elementor-element elementor-element-62008a8\" data-id=\"62008a8\" data-element_type=\"column\" data-e-type=\"column\">\n\t\t\t<div class=\"elementor-widget-wrap elementor-element-populated\">\n\t\t\t\t\t\t<div class=\"elementor-element elementor-element-d610701 elementor-widget elementor-widget-menu-anchor\" data-id=\"d610701\" data-element_type=\"widget\" data-e-type=\"widget\" data-widget_type=\"menu-anchor.default\">\n\t\t\t\t<div class=\"elementor-widget-container\">\n\t\t\t\t\t\t\t<div class=\"elementor-menu-anchor\" id=\"wedding\"><\/div>\n\t\t\t\t\t\t<\/div>\n\t\t\t\t<\/div>\n\t\t\t\t<div class=\"elementor-element elementor-element-525d89e elementor-widget elementor-widget-image\" data-id=\"525d89e\" data-element_type=\"widget\" data-e-type=\"widget\" data-widget_type=\"image.default\">\n\t\t\t\t<div class=\"elementor-widget-container\">\n\t\t\t\t\t\t\t\t\t\t\t\t\t\t\t<img decoding=\"async\" src=\"https:\/\/www.feedthehungrysma.org\/wp-content\/uploads\/elementor\/thumbs\/Wedding-Donations-pofng17yecinstegp3si0xygaf6sy9voyui27u016o.jpg\" title=\"anillos de boda\" alt=\"wedding rings\" loading=\"lazy\" \/>\t\t\t\t\t\t\t\t\t\t\t\t\t\t\t<\/div>\n\t\t\t\t<\/div>\n\t\t\t\t<div class=\"elementor-element elementor-element-508f62e elementor-widget elementor-widget-text-editor\" data-id=\"508f62e\" data-element_type=\"widget\" data-e-type=\"widget\" data-widget_type=\"text-editor.default\">\n\t\t\t\t<div class=\"elementor-widget-container\">\n\t\t\t\t\t\t\t\t\t<h3 class=\"has-text-color has-very-dark-gray-color\" style=\"color: #fc7c3c;\">Como muchas parejas alrededor del mundo, han elegido San Miguel de Allende como escenario para su boda \u2013 \u00a1FELICIDADES! Todos en Feed the Hungry San Miguel te deseamos lo mejor.<\/h3><p class=\"has-text-color has-very-dark-gray-color\">Podemos ver por qu\u00e9 elegiste San Miguel: \u00a1es un lugar espectacular, hermoso y m\u00e1gico! Una de las mejores ciudades del mundo para visitar, vivir y casarse.<\/p><p>\u00bfSab\u00edas que, m\u00e1s all\u00e1 de las glamurosas fachadas de cantera rosa y las calles bordeadas de buganvillas y jacarandas, hay otro San Miguel? \u00bfUno que es mucho menos id\u00edlico pero igual de entra\u00f1able? Basta con aventurarse unas calles m\u00e1s all\u00e1 del Jard\u00edn de San Miguel (es decir, la plaza principal de la ciudad) para encontrarse cara a cara con el hambre. M\u00e1s del 60% de la poblaci\u00f3n de San Miguel de Allende, la mayor\u00eda de la cual habita en las zonas rurales del municipio, vive en extrema pobreza.<\/p><h4 style=\"color: #fc7c3c;\">\u00bfY si uno de los d\u00edas m\u00e1s felices de tu vida tambi\u00e9n pudiera traer alegr\u00eda y apoyo a los ni\u00f1os de San Miguel que m\u00e1s lo necesitan?<\/h4><p class=\"has-text-color has-very-dark-gray-color\">Hacerlo es muy sencillo: puedes pedir o sugerir a tus invitados que hagan una donaci\u00f3n a\u00a0<span class=\"notranslate\">Feed the Hungry\u00a0<\/span>San Miguel en lugar de regalos. Podemos apoyarlo creando un sitio de donaci\u00f3n personalizado y brind\u00e1ndole el enlace para que pueda reenviarlo a todos sus invitados, amigos y familiares.<\/p><p class=\"has-text-color has-very-dark-gray-color\">Complete el siguiente formulario y estar\u00e1 listo para magnificar el significado de uno de los d\u00edas m\u00e1s importantes de su vida a trav\u00e9s de comidas escolares saludables y nutrici\u00f3n para la primera infancia.\u00a0<strong style=\"color: #fc7c3c;\">\u00a1Gracias por tu generosidad!<\/strong><\/p>\t\t\t\t\t\t\t\t<\/div>\n\t\t\t\t<\/div>\n\t\t\t\t<div class=\"elementor-element elementor-element-7196cae elementor-widget elementor-widget-shortcode\" data-id=\"7196cae\" data-element_type=\"widget\" data-e-type=\"widget\" data-widget_type=\"shortcode.default\">\n\t\t\t\t<div class=\"elementor-widget-container\">\n\t\t\t\t\t\t\t<div class=\"elementor-shortcode\">\n<div class=\"wpcf7 no-js\" id=\"wpcf7-f3073-o1\" lang=\"en-US\" dir=\"ltr\" data-wpcf7-id=\"3073\">\n<div class=\"screen-reader-response\"><p role=\"status\" aria-live=\"polite\" aria-atomic=\"true\"><\/p> <ul><\/ul><\/div>\n<form action=\"\/es\/wp-json\/wp\/v2\/pages\/5465#wpcf7-f3073-o1\" method=\"post\" class=\"wpcf7-form init\" aria-label=\"Contact form\" enctype=\"multipart\/form-data\" novalidate=\"novalidate\" data-status=\"init\" data-trp-original-action=\"\/es\/wp-json\/wp\/v2\/pages\/5465#wpcf7-f3073-o1\">\n<fieldset class=\"hidden-fields-container\"><input type=\"hidden\" name=\"_wpcf7\" value=\"3073\" \/><input type=\"hidden\" name=\"_wpcf7_version\" value=\"6.1.5\" \/><input type=\"hidden\" name=\"_wpcf7_locale\" value=\"en_US\" \/><input type=\"hidden\" name=\"_wpcf7_unit_tag\" value=\"wpcf7-f3073-o1\" \/><input type=\"hidden\" name=\"_wpcf7_container_post\" value=\"0\" \/><input type=\"hidden\" name=\"_wpcf7_posted_data_hash\" value=\"\" \/><input type=\"hidden\" name=\"_wpcf7_recaptcha_response\" value=\"\" \/>\n<\/fieldset>\n<p><label> Nombre de la novia (requerido)<br \/>\n<span class=\"wpcf7-form-control-wrap\" data-name=\"brides-name\"><input size=\"40\" maxlength=\"400\" class=\"wpcf7-form-control wpcf7-text wpcf7-validates-as-required\" aria-required=\"true\" aria-invalid=\"false\" value=\"\" type=\"text\" name=\"brides-name\" \/><\/span> <\/label>\n<\/p>\n<p><label> Nombre del novio (requerido)<br \/>\n<span class=\"wpcf7-form-control-wrap\" data-name=\"grooms-name\"><input size=\"40\" maxlength=\"400\" class=\"wpcf7-form-control wpcf7-text wpcf7-validates-as-required\" aria-required=\"true\" aria-invalid=\"false\" value=\"\" type=\"text\" name=\"grooms-name\" \/><\/span> <\/label>\n<\/p>\n<p><label> Direcci\u00f3n de correo electr\u00f3nico: (obligatorio)<br \/>\n<span class=\"wpcf7-form-control-wrap\" data-name=\"email\"><input size=\"40\" maxlength=\"400\" class=\"wpcf7-form-control wpcf7-email wpcf7-validates-as-required wpcf7-text wpcf7-validates-as-email\" aria-required=\"true\" aria-invalid=\"false\" value=\"\" type=\"email\" name=\"email\" \/><\/span> <\/label>\n<\/p>\n<p><label> Fecha de la boda (requerido)<br \/>\n<span class=\"wpcf7-form-control-wrap\" data-name=\"wedding-date\"><input class=\"wpcf7-form-control wpcf7-date wpcf7-validates-as-required wpcf7-validates-as-date\" aria-required=\"true\" aria-invalid=\"false\" value=\"\" type=\"date\" name=\"wedding-date\" \/><\/span> <\/label>\n<\/p>\n<p><label> Fecha de inicio para regalar (requerido)<br \/>\n<span class=\"wpcf7-form-control-wrap\" data-name=\"start-date-for-gifting\"><input class=\"wpcf7-form-control wpcf7-date wpcf7-validates-as-required wpcf7-validates-as-date\" aria-required=\"true\" aria-invalid=\"false\" value=\"\" type=\"date\" name=\"start-date-for-gifting\" \/><\/span> <\/label>\n<\/p>\n<p><label> Fecha de finalizaci\u00f3n para obsequiar (obligatorio)<br \/>\n<span class=\"wpcf7-form-control-wrap\" data-name=\"end-date-for-gifting\"><input class=\"wpcf7-form-control wpcf7-date wpcf7-validates-as-required wpcf7-validates-as-date\" aria-required=\"true\" aria-invalid=\"false\" value=\"\" type=\"date\" name=\"end-date-for-gifting\" \/><\/span> <\/label>\n<\/p>\n<p><label> Objetivo de recaudaci\u00f3n de fondos (opcional)<br \/>\n<span class=\"wpcf7-form-control-wrap\" data-name=\"fundraising-goal\"><input size=\"40\" maxlength=\"400\" class=\"wpcf7-form-control wpcf7-text\" aria-invalid=\"false\" value=\"\" type=\"text\" name=\"fundraising-goal\" \/><\/span> <\/label>\n<\/p>\n<p><label> Mensaje para tus invitados (requerido)<br \/>\n<span class=\"wpcf7-form-control-wrap\" data-name=\"message-for-your-guests\"><textarea cols=\"40\" rows=\"10\" maxlength=\"2000\" class=\"wpcf7-form-control wpcf7-textarea\" aria-invalid=\"false\" name=\"message-for-your-guests\"><\/textarea><\/span> <\/label>\n<\/p>\n<p><label> Foto\/imagen oficial de tu boda (requerido)<br \/>\n<span class=\"wpcf7-form-control-wrap\" data-name=\"Officialphotoimageforyourwedding\"><input size=\"40\" class=\"wpcf7-form-control wpcf7-file wpcf7-validates-as-required\" accept=\"audio\/*,video\/*,image\/*\" aria-required=\"true\" aria-invalid=\"false\" type=\"file\" name=\"Officialphotoimageforyourwedding\" \/><\/span> <\/label>\n<\/p>\n<p><label> Si tiene alguna pregunta para nosotros, introd\u00fazcala aqu\u00ed: (opcional)<br \/>\n<span class=\"wpcf7-form-control-wrap\" data-name=\"any-questions\"><input size=\"40\" maxlength=\"400\" class=\"wpcf7-form-control wpcf7-text wpcf7-validates-as-required\" aria-required=\"true\" aria-invalid=\"false\" value=\"\" type=\"text\" name=\"any-questions\" \/><\/span> <\/label>\n<\/p>\n\n<p><input class=\"wpcf7-form-control wpcf7-submit has-spinner\" type=\"submit\" value=\"Entregar\" \/>\n<\/p><p style=\"display: none !important;\" class=\"akismet-fields-container\" data-prefix=\"_wpcf7_ak_\"><label>&#916;<textarea name=\"_wpcf7_ak_hp_textarea\" cols=\"45\" rows=\"8\" maxlength=\"100\"><\/textarea><\/label><input type=\"hidden\" id=\"ak_js_1\" name=\"_wpcf7_ak_js\" value=\"15\"\/><script>document.getElementById( \"ak_js_1\" ).setAttribute( \"value\", ( new Date() ).getTime() );<\/script><\/p><input type='hidden' class='wpcf7-pum' value='{\"closepopup\":false,\"closedelay\":0,\"openpopup\":false,\"openpopup_id\":0}' \/><div class=\"wpcf7-response-output\" aria-hidden=\"true\"><\/div>\n<input type=\"hidden\" name=\"trp-form-language\" value=\"es\"\/><\/form>\n<\/div>\n<\/div>\n\t\t\t\t\t\t<\/div>\n\t\t\t\t<\/div>\n\t\t\t\t<div class=\"elementor-element elementor-element-7a59597 elementor-widget elementor-widget-menu-anchor\" data-id=\"7a59597\" data-element_type=\"widget\" data-e-type=\"widget\" data-widget_type=\"menu-anchor.default\">\n\t\t\t\t<div class=\"elementor-widget-container\">\n\t\t\t\t\t\t\t<div class=\"elementor-menu-anchor\" id=\"celebratory\"><\/div>\n\t\t\t\t\t\t<\/div>\n\t\t\t\t<\/div>\n\t\t\t\t\t<\/div>\n\t\t<\/div>\n\t\t\t\t\t<\/div>\n\t\t<\/section>\n\t\t\t\t<\/div>","protected":false},"excerpt":{"rendered":"<p>Like many couples all over the world, you have chosen San Miguel de Allende as the setting for your wedding \u2013 CONGRATULATIONS! All of us at Feed the Hungry San Miguel wish you the best. We can see why you chose San Miguel: it is a spectacular, beautiful, and magical place! One of the best [&hellip;]<\/p>\n","protected":false},"author":2,"featured_media":0,"parent":0,"menu_order":0,"comment_status":"closed","ping_status":"closed","template":"","meta":{"site-sidebar-layout":"right-sidebar","site-content-layout":"content-boxed-container","ast-site-content-layout":"default","site-content-style":"default","site-sidebar-style":"default","ast-global-header-display":"","ast-banner-title-visibility":"","ast-main-header-display":"","ast-hfb-above-header-display":"","ast-hfb-below-header-display":"","ast-hfb-mobile-header-display":"","site-post-title":"","ast-breadcrumbs-content":"","ast-featured-img":"disabled","footer-sml-layout":"","ast-disable-related-posts":"","theme-transparent-header-meta":"","adv-header-id-meta":"","stick-header-meta":"","header-above-stick-meta":"","header-main-stick-meta":"","header-below-stick-meta":"","astra-migrate-meta-layouts":"default","ast-page-background-enabled":"default","ast-page-background-meta":{"desktop":{"background-color":"","background-image":"","background-repeat":"repeat","background-position":"center center","background-size":"auto","background-attachment":"scroll","background-type":"","background-media":"","overlay-type":"","overlay-color":"","overlay-opacity":"","overlay-gradient":""},"tablet":{"background-color":"","background-image":"","background-repeat":"repeat","background-position":"center center","background-size":"auto","background-attachment":"scroll","background-type":"","background-media":"","overlay-type":"","overlay-color":"","overlay-opacity":"","overlay-gradient":""},"mobile":{"background-color":"","background-image":"","background-repeat":"repeat","background-position":"center center","background-size":"auto","background-attachment":"scroll","background-type":"","background-media":"","overlay-type":"","overlay-color":"","overlay-opacity":"","overlay-gradient":""}},"ast-content-background-meta":{"desktop":{"background-color":"var(--ast-global-color-5)","background-image":"","background-repeat":"repeat","background-position":"center center","background-size":"auto","background-attachment":"scroll","background-type":"","background-media":"","overlay-type":"","overlay-color":"","overlay-opacity":"","overlay-gradient":""},"tablet":{"background-color":"var(--ast-global-color-5)","background-image":"","background-repeat":"repeat","background-position":"center center","background-size":"auto","background-attachment":"scroll","background-type":"","background-media":"","overlay-type":"","overlay-color":"","overlay-opacity":"","overlay-gradient":""},"mobile":{"background-color":"var(--ast-global-color-5)","background-image":"","background-repeat":"repeat","background-position":"center center","background-size":"auto","background-attachment":"scroll","background-type":"","background-media":"","overlay-type":"","overlay-color":"","overlay-opacity":"","overlay-gradient":""}},"cybocfi_hide_featured_image":"","_joinchat":[],"footnotes":""},"class_list":["post-5465","page","type-page","status-publish","hentry"],"yoast_head":"<!-- This site is optimized with the Yoast SEO plugin v27.3 - https:\/\/yoast.com\/product\/yoast-seo-wordpress\/ -->\n<title>Wedding Donations - Feed the Hungry San Miguel<\/title>\n<meta name=\"robots\" content=\"index, follow, max-snippet:-1, max-image-preview:large, max-video-preview:-1\" \/>\n<link rel=\"canonical\" href=\"https:\/\/www.feedthehungrysma.org\/es\/wedding-donations\/\" \/>\n<meta property=\"og:locale\" content=\"es_MX\" \/>\n<meta property=\"og:type\" content=\"article\" \/>\n<meta property=\"og:title\" content=\"Wedding Donations - Feed the Hungry San Miguel\" \/>\n<meta property=\"og:description\" content=\"Like many couples all over the world, you have chosen San Miguel de Allende as the setting for your wedding \u2013 CONGRATULATIONS! All of us at Feed the Hungry San Miguel wish you the best. We can see why you chose San Miguel: it is a spectacular, beautiful, and magical place! One of the best [&hellip;]\" \/>\n<meta property=\"og:url\" content=\"https:\/\/www.feedthehungrysma.org\/es\/wedding-donations\/\" \/>\n<meta property=\"og:site_name\" content=\"Feed the Hungry San Miguel\" \/>\n<meta property=\"article:publisher\" content=\"https:\/\/www.facebook.com\/FeedtheHungrySMA\/\" \/>\n<meta property=\"article:modified_time\" content=\"2022-04-21T09:05:31+00:00\" \/>\n<meta property=\"og:image\" content=\"https:\/\/www.feedthehungrysma.org\/wp-content\/uploads\/elementor\/thumbs\/Wedding-Donations-pkd8dhdepbd7owa9cxe2dup43axo2pl297xow6w9vk.jpg\" \/>\n<meta name=\"twitter:card\" content=\"summary_large_image\" \/>\n<meta name=\"twitter:site\" content=\"@FTHSanMiguel\" \/>\n<meta name=\"twitter:label1\" content=\"Tiempo de lectura\" \/>\n\t<meta name=\"twitter:data1\" content=\"1 minuto\" \/>\n<script type=\"application\/ld+json\" class=\"yoast-schema-graph\">{\"@context\":\"https:\\\/\\\/schema.org\",\"@graph\":[{\"@type\":\"WebPage\",\"@id\":\"https:\\\/\\\/www.feedthehungrysma.org\\\/wedding-donations\\\/\",\"url\":\"https:\\\/\\\/www.feedthehungrysma.org\\\/wedding-donations\\\/\",\"name\":\"Wedding Donations - Feed the Hungry San Miguel\",\"isPartOf\":{\"@id\":\"https:\\\/\\\/www.feedthehungrysma.org\\\/#website\"},\"primaryImageOfPage\":{\"@id\":\"https:\\\/\\\/www.feedthehungrysma.org\\\/wedding-donations\\\/#primaryimage\"},\"image\":{\"@id\":\"https:\\\/\\\/www.feedthehungrysma.org\\\/wedding-donations\\\/#primaryimage\"},\"thumbnailUrl\":\"https:\\\/\\\/www.feedthehungrysma.org\\\/wp-content\\\/uploads\\\/elementor\\\/thumbs\\\/Wedding-Donations-pkd8dhdepbd7owa9cxe2dup43axo2pl297xow6w9vk.jpg\",\"datePublished\":\"2022-04-21T09:03:26+00:00\",\"dateModified\":\"2022-04-21T09:05:31+00:00\",\"breadcrumb\":{\"@id\":\"https:\\\/\\\/www.feedthehungrysma.org\\\/wedding-donations\\\/#breadcrumb\"},\"inLanguage\":\"es\",\"potentialAction\":[{\"@type\":\"ReadAction\",\"target\":[\"https:\\\/\\\/www.feedthehungrysma.org\\\/wedding-donations\\\/\"]}]},{\"@type\":\"ImageObject\",\"inLanguage\":\"es\",\"@id\":\"https:\\\/\\\/www.feedthehungrysma.org\\\/wedding-donations\\\/#primaryimage\",\"url\":\"https:\\\/\\\/www.feedthehungrysma.org\\\/wp-content\\\/uploads\\\/elementor\\\/thumbs\\\/Wedding-Donations-pkd8dhdepbd7owa9cxe2dup43axo2pl297xow6w9vk.jpg\",\"contentUrl\":\"https:\\\/\\\/www.feedthehungrysma.org\\\/wp-content\\\/uploads\\\/elementor\\\/thumbs\\\/Wedding-Donations-pkd8dhdepbd7owa9cxe2dup43axo2pl297xow6w9vk.jpg\"},{\"@type\":\"BreadcrumbList\",\"@id\":\"https:\\\/\\\/www.feedthehungrysma.org\\\/wedding-donations\\\/#breadcrumb\",\"itemListElement\":[{\"@type\":\"ListItem\",\"position\":1,\"name\":\"Home\",\"item\":\"https:\\\/\\\/www.sanmiguelsinhambre.org\\\/es\\\/\"},{\"@type\":\"ListItem\",\"position\":2,\"name\":\"Wedding Donations\"}]},{\"@type\":\"WebSite\",\"@id\":\"https:\\\/\\\/www.feedthehungrysma.org\\\/#website\",\"url\":\"https:\\\/\\\/www.feedthehungrysma.org\\\/\",\"name\":\"Feed the Hungry San Miguel\",\"description\":\"\",\"publisher\":{\"@id\":\"https:\\\/\\\/www.feedthehungrysma.org\\\/#organization\"},\"potentialAction\":[{\"@type\":\"SearchAction\",\"target\":{\"@type\":\"EntryPoint\",\"urlTemplate\":\"https:\\\/\\\/www.feedthehungrysma.org\\\/?s={search_term_string}\"},\"query-input\":{\"@type\":\"PropertyValueSpecification\",\"valueRequired\":true,\"valueName\":\"search_term_string\"}}],\"inLanguage\":\"es\"},{\"@type\":\"Organization\",\"@id\":\"https:\\\/\\\/www.feedthehungrysma.org\\\/#organization\",\"name\":\"Feed the Hungry San Miguel A.C\",\"url\":\"https:\\\/\\\/www.feedthehungrysma.org\\\/\",\"logo\":{\"@type\":\"ImageObject\",\"inLanguage\":\"es\",\"@id\":\"https:\\\/\\\/www.feedthehungrysma.org\\\/#\\\/schema\\\/logo\\\/image\\\/\",\"url\":\"https:\\\/\\\/www.feedthehungrysma.org\\\/wp-content\\\/uploads\\\/2023\\\/12\\\/fth_40anos_v2.png\",\"contentUrl\":\"https:\\\/\\\/www.feedthehungrysma.org\\\/wp-content\\\/uploads\\\/2023\\\/12\\\/fth_40anos_v2.png\",\"width\":554,\"height\":178,\"caption\":\"Feed the Hungry San Miguel A.C\"},\"image\":{\"@id\":\"https:\\\/\\\/www.feedthehungrysma.org\\\/#\\\/schema\\\/logo\\\/image\\\/\"},\"sameAs\":[\"https:\\\/\\\/www.facebook.com\\\/FeedtheHungrySMA\\\/\",\"https:\\\/\\\/x.com\\\/FTHSanMiguel\",\"https:\\\/\\\/www.instagram.com\\\/FeedTheHungrySMA\\\/\",\"https:\\\/\\\/www.youtube.com\\\/channel\\\/UC1pXgylwryRMKsayIP9bPIA\"]}]}<\/script>\n<!-- \/ Yoast SEO plugin. -->","yoast_head_json":{"title":"Wedding Donations - Feed the Hungry San Miguel","robots":{"index":"index","follow":"follow","max-snippet":"max-snippet:-1","max-image-preview":"max-image-preview:large","max-video-preview":"max-video-preview:-1"},"canonical":"https:\/\/www.feedthehungrysma.org\/es\/wedding-donations\/","og_locale":"es_MX","og_type":"article","og_title":"Wedding Donations - Feed the Hungry San Miguel","og_description":"Like many couples all over the world, you have chosen San Miguel de Allende as the setting for your wedding \u2013 CONGRATULATIONS! All of us at Feed the Hungry San Miguel wish you the best. We can see why you chose San Miguel: it is a spectacular, beautiful, and magical place! One of the best [&hellip;]","og_url":"https:\/\/www.feedthehungrysma.org\/es\/wedding-donations\/","og_site_name":"Feed the Hungry San Miguel","article_publisher":"https:\/\/www.facebook.com\/FeedtheHungrySMA\/","article_modified_time":"2022-04-21T09:05:31+00:00","og_image":[{"url":"https:\/\/www.feedthehungrysma.org\/wp-content\/uploads\/elementor\/thumbs\/Wedding-Donations-pkd8dhdepbd7owa9cxe2dup43axo2pl297xow6w9vk.jpg","type":"","width":"","height":""}],"twitter_card":"summary_large_image","twitter_site":"@FTHSanMiguel","twitter_misc":{"Tiempo de lectura":"1 minuto"},"schema":{"@context":"https:\/\/schema.org","@graph":[{"@type":"WebPage","@id":"https:\/\/www.feedthehungrysma.org\/wedding-donations\/","url":"https:\/\/www.feedthehungrysma.org\/wedding-donations\/","name":"Wedding Donations - Feed the Hungry San Miguel","isPartOf":{"@id":"https:\/\/www.feedthehungrysma.org\/#website"},"primaryImageOfPage":{"@id":"https:\/\/www.feedthehungrysma.org\/wedding-donations\/#primaryimage"},"image":{"@id":"https:\/\/www.feedthehungrysma.org\/wedding-donations\/#primaryimage"},"thumbnailUrl":"https:\/\/www.feedthehungrysma.org\/wp-content\/uploads\/elementor\/thumbs\/Wedding-Donations-pkd8dhdepbd7owa9cxe2dup43axo2pl297xow6w9vk.jpg","datePublished":"2022-04-21T09:03:26+00:00","dateModified":"2022-04-21T09:05:31+00:00","breadcrumb":{"@id":"https:\/\/www.feedthehungrysma.org\/wedding-donations\/#breadcrumb"},"inLanguage":"es","potentialAction":[{"@type":"ReadAction","target":["https:\/\/www.feedthehungrysma.org\/wedding-donations\/"]}]},{"@type":"ImageObject","inLanguage":"es","@id":"https:\/\/www.feedthehungrysma.org\/wedding-donations\/#primaryimage","url":"https:\/\/www.feedthehungrysma.org\/wp-content\/uploads\/elementor\/thumbs\/Wedding-Donations-pkd8dhdepbd7owa9cxe2dup43axo2pl297xow6w9vk.jpg","contentUrl":"https:\/\/www.feedthehungrysma.org\/wp-content\/uploads\/elementor\/thumbs\/Wedding-Donations-pkd8dhdepbd7owa9cxe2dup43axo2pl297xow6w9vk.jpg"},{"@type":"BreadcrumbList","@id":"https:\/\/www.feedthehungrysma.org\/wedding-donations\/#breadcrumb","itemListElement":[{"@type":"ListItem","position":1,"name":"Home","item":"https:\/\/www.sanmiguelsinhambre.org\/es\/"},{"@type":"ListItem","position":2,"name":"Wedding Donations"}]},{"@type":"WebSite","@id":"https:\/\/www.feedthehungrysma.org\/#website","url":"https:\/\/www.feedthehungrysma.org\/","name":"Feed the Hungry San Miguel","description":"","publisher":{"@id":"https:\/\/www.feedthehungrysma.org\/#organization"},"potentialAction":[{"@type":"SearchAction","target":{"@type":"EntryPoint","urlTemplate":"https:\/\/www.feedthehungrysma.org\/?s={search_term_string}"},"query-input":{"@type":"PropertyValueSpecification","valueRequired":true,"valueName":"search_term_string"}}],"inLanguage":"es"},{"@type":"Organization","@id":"https:\/\/www.feedthehungrysma.org\/#organization","name":"Feed the Hungry San Miguel A.C","url":"https:\/\/www.feedthehungrysma.org\/","logo":{"@type":"ImageObject","inLanguage":"es","@id":"https:\/\/www.feedthehungrysma.org\/#\/schema\/logo\/image\/","url":"https:\/\/www.feedthehungrysma.org\/wp-content\/uploads\/2023\/12\/fth_40anos_v2.png","contentUrl":"https:\/\/www.feedthehungrysma.org\/wp-content\/uploads\/2023\/12\/fth_40anos_v2.png","width":554,"height":178,"caption":"Feed the Hungry San Miguel A.C"},"image":{"@id":"https:\/\/www.feedthehungrysma.org\/#\/schema\/logo\/image\/"},"sameAs":["https:\/\/www.facebook.com\/FeedtheHungrySMA\/","https:\/\/x.com\/FTHSanMiguel","https:\/\/www.instagram.com\/FeedTheHungrySMA\/","https:\/\/www.youtube.com\/channel\/UC1pXgylwryRMKsayIP9bPIA"]}]}},"rttpg_featured_image_url":null,"rttpg_author":{"display_name":"Suriel Angel Carrasco Rodr\u00edguez","author_link":"https:\/\/www.feedthehungrysma.org\/es\/author\/suri-fth\/"},"rttpg_comment":0,"rttpg_category":null,"rttpg_excerpt":"Like many couples all over the world, you have chosen San Miguel de Allende as the setting for your wedding \u2013 CONGRATULATIONS! All of us at Feed the Hungry San Miguel wish you the best. We can see why you chose San Miguel: it is a spectacular, beautiful, and magical place! One of the best&hellip;","_links":{"self":[{"href":"https:\/\/www.feedthehungrysma.org\/es\/wp-json\/wp\/v2\/pages\/5465","targetHints":{"allow":["GET"]}}],"collection":[{"href":"https:\/\/www.feedthehungrysma.org\/es\/wp-json\/wp\/v2\/pages"}],"about":[{"href":"https:\/\/www.feedthehungrysma.org\/es\/wp-json\/wp\/v2\/types\/page"}],"author":[{"embeddable":true,"href":"https:\/\/www.feedthehungrysma.org\/es\/wp-json\/wp\/v2\/users\/2"}],"replies":[{"embeddable":true,"href":"https:\/\/www.feedthehungrysma.org\/es\/wp-json\/wp\/v2\/comments?post=5465"}],"version-history":[{"count":0,"href":"https:\/\/www.feedthehungrysma.org\/es\/wp-json\/wp\/v2\/pages\/5465\/revisions"}],"wp:attachment":[{"href":"https:\/\/www.feedthehungrysma.org\/es\/wp-json\/wp\/v2\/media?parent=5465"}],"curies":[{"name":"wp","href":"https:\/\/api.w.org\/{rel}","templated":true}]}}