{"id":5207,"date":"2022-04-20T15:33:40","date_gmt":"2022-04-20T20:33:40","guid":{"rendered":"https:\/\/www.feedthehungrysma.org\/?page_id=5207"},"modified":"2023-12-08T16:17:09","modified_gmt":"2023-12-08T22:17:09","slug":"fundraise","status":"publish","type":"page","link":"https:\/\/www.feedthehungrysma.org\/es\/fundraise\/","title":{"rendered":"recaudar fondos"},"content":{"rendered":"<div data-elementor-type=\"wp-page\" data-elementor-id=\"5207\" class=\"elementor elementor-5207\" data-elementor-post-type=\"page\">\n\t\t\t\t\t\t<section class=\"elementor-section elementor-top-section elementor-element elementor-element-6fede82 elementor-section-boxed elementor-section-height-default elementor-section-height-default\" data-id=\"6fede82\" data-element_type=\"section\" data-e-type=\"section\">\n\t\t\t\t\t\t<div class=\"elementor-container elementor-column-gap-default\">\n\t\t\t\t\t<div class=\"elementor-column elementor-col-100 elementor-top-column elementor-element elementor-element-70e5a0e\" data-id=\"70e5a0e\" data-element_type=\"column\" data-e-type=\"column\">\n\t\t\t<div class=\"elementor-widget-wrap elementor-element-populated\">\n\t\t\t\t\t\t<div class=\"elementor-element elementor-element-7105fcb elementor-widget elementor-widget-text-editor\" data-id=\"7105fcb\" data-element_type=\"widget\" data-e-type=\"widget\" data-widget_type=\"text-editor.default\">\n\t\t\t\t<div class=\"elementor-widget-container\">\n\t\t\t\t\t\t\t\t\t<p><strong style=\"color: orange;\">USTED PUEDE HACER LA DIFERENCIA PARA UN NI\u00d1O, UNA FAMILIA, UNA COMUNIDAD<\/strong><\/p>\t\t\t\t\t\t\t\t<\/div>\n\t\t\t\t<\/div>\n\t\t\t\t<div class=\"elementor-element elementor-element-a4de642 elementor-widget elementor-widget-text-editor\" data-id=\"a4de642\" data-element_type=\"widget\" data-e-type=\"widget\" data-widget_type=\"text-editor.default\">\n\t\t\t\t<div class=\"elementor-widget-container\">\n\t\t\t\t\t\t\t\t\t<p>Su apoyo y creencia en nuestra causa nos mantiene fuertes. Y correr la voz es tan valioso como una donaci\u00f3n. Puede ayudarnos a llegar m\u00e1s all\u00e1 de nuestra red principal, crear conciencia y atraer nuevos donantes.<\/p><p>Re\u00fana a sus amigos, familiares, compa\u00f1eros de trabajo y redes para apoyar nuestro trabajo. \u00a1Es f\u00e1cil! As\u00ed es c\u00f3mo:<\/p><p><strong>INSPIRACI\u00d3N DE DONACI\u00d3N<\/strong> <br \/>cuando haces un <a href=\"https:\/\/feed-the-hungry-san-miguel.networkforgood.com\/projects\/11518-help-feed-hungry-children\">donaci\u00f3n en l\u00ednea<\/a>, con un clic puede compartir las buenas noticias a trav\u00e9s del correo electr\u00f3nico o los botones de las redes sociales.<\/p><p><strong>ENV\u00cdA UN CORREO ELECTR\u00d3NICO A TUS AMIGOS<\/strong> <br \/>Hemos elaborado un mensaje para que pueda empezar. Simplemente copie y pegue lo siguiente en un nuevo correo electr\u00f3nico a sus contactos:<\/p><p><em>\u00bfQuieres hacer algo significativo y cambiar vidas? \u00danase a m\u00ed para apoyar a Feed the Hungry San Miguel, una organizaci\u00f3n que sirve 4,000 comidas (\u00a1todos los d\u00edas escolares!) a ni\u00f1os en comunidades empobrecidas en San Miguel de Allende. Para muchos, es su \u00fanica comida nutritiva del d\u00eda. Debido a que deben asistir a la escuela para recibir la comida, tambi\u00e9n reciben educaci\u00f3n.<\/em><\/p><p><em>Feed the Hungry San Miguel ayuda a las familias a romper el ciclo de la pobreza a trav\u00e9s de ni\u00f1os educados. Para obtener m\u00e1s informaci\u00f3n, visite feedthehungrysma.org. Incluso si no puede hacer una donaci\u00f3n, corra la voz entre otras personas que se preocupan por la salud y el futuro de los ni\u00f1os de M\u00e9xico.<\/em><\/p><p><em>\u00a1Apoyemos el bien en el mundo y marquemos la diferencia!<\/em><\/p><p><strong>DANOS LIKE EN FACEBOOK<\/strong> <br \/><a href=\"https:\/\/www.facebook.com\/FeedtheHungrySMA\/\">Dale me gusta a nuestro Facebook<\/a> p\u00e1gina e invita a tus amigos a que tambi\u00e9n les guste. Ayudar\u00e1s a crear conciencia y tambi\u00e9n te mantendr\u00e1s conectado con las noticias y actividades de Feed the Hungry San Miguel.<\/p><p><strong>PUBLICACIONES EN REDES SOCIALES<\/strong> <br \/>Publique en sus cuentas de redes sociales (Facebook, Twitter, Pinterest, etc.). Aqu\u00ed hay unos ejemplos:<\/p><p><em>Una comida escolar nutritiva puede marcar la diferencia en la salud y el futuro de los ni\u00f1os de M\u00e9xico. feedthehungrysma.org<\/em><\/p><p><em>Los ni\u00f1os hambrientos no pueden aprender. Feed the Hungry San Miguel ayuda a las familias a romper el ciclo de la pobreza a trav\u00e9s de ni\u00f1os educados.<\/em> feedthehungrysma.org<\/p><p><strong>LANZAR UNA CAMPA\u00d1A<\/strong> <br \/>Vaya m\u00e1s all\u00e1 creando una p\u00e1gina personal de recaudaci\u00f3n de fondos y ejecute una campa\u00f1a entre pares usted mismo. Es f\u00e1cil de hacer, y es divertido. Le proporcionaremos las plantillas y las herramientas que necesitar\u00e1 para marcar la diferencia. Para obtener m\u00e1s informaci\u00f3n o para iniciar su propia campa\u00f1a en l\u00ednea con sus pares, haga clic aqu\u00ed:<a href=\"https:\/\/bit.ly\/2022FundraisingVolunteers\">https:\/\/bit.ly\/2022FundraisingVolunteers<\/a><\/p><p><strong>DONACIONES DE BODA<\/strong> <br \/>\u00bfQu\u00e9 pasar\u00eda si uno de los d\u00edas m\u00e1s felices de su vida tambi\u00e9n pudiera traer alegr\u00eda a los ni\u00f1os necesitados? Considere sugerir a los invitados a su boda que hagan una donaci\u00f3n a Feed the Hungry San Miguel en lugar de regalos. Podemos apoyarlo creando un sitio de donaci\u00f3n personalizado y brind\u00e1ndole el enlace para que pueda reenviarlo a todos sus invitados, amigos y familiares. <a href=\"https:\/\/www.feedthehungrysma.org\/es\/wedding-donations\/\">Aprende m\u00e1s<\/a>.<\/p><p><strong>OTRAS DONACIONES DE CELEBRACI\u00d3N<\/strong> <br \/>\u00bfQu\u00e9 mejor manera de celebrar cumplea\u00f1os, aniversarios y otras bendiciones de la vida que retribuir a quienes m\u00e1s lo necesitan? Cuando elija configurar Donaciones de celebraci\u00f3n con Feed the Hungry San Miguel, se le proporcionar\u00e1 un enlace especial de crowdfunding que luego puede reenviar a sus seres queridos. <a href=\"https:\/\/www.feedthehungrysma.org\/es\/celebratory-donations\/\">Aprende m\u00e1s<\/a>.<\/p>\t\t\t\t\t\t\t\t<\/div>\n\t\t\t\t<\/div>\n\t\t\t\t\t<\/div>\n\t\t<\/div>\n\t\t\t\t\t<\/div>\n\t\t<\/section>\n\t\t\t\t<\/div>","protected":false},"excerpt":{"rendered":"<p>YOU CAN MAKE A DIFFERENCE TO A CHILD, A FAMILY, A COMMUNITY Your support and belief in our cause keeps us going strong. And spreading the word is as valuable as a donation. You can help us reach beyond our core network, raise awareness, and attract new donors. Rally your friends, family, coworkers, and networks [&hellip;]<\/p>\n","protected":false},"author":2,"featured_media":0,"parent":0,"menu_order":0,"comment_status":"closed","ping_status":"closed","template":"","meta":{"site-sidebar-layout":"right-sidebar","site-content-layout":"content-boxed-container","ast-site-content-layout":"normal-width-container","site-content-style":"boxed","site-sidebar-style":"boxed","ast-global-header-display":"","ast-banner-title-visibility":"","ast-main-header-display":"","ast-hfb-above-header-display":"","ast-hfb-below-header-display":"","ast-hfb-mobile-header-display":"","site-post-title":"","ast-breadcrumbs-content":"","ast-featured-img":"disabled","footer-sml-layout":"","ast-disable-related-posts":"","theme-transparent-header-meta":"","adv-header-id-meta":"","stick-header-meta":"","header-above-stick-meta":"","header-main-stick-meta":"","header-below-stick-meta":"","astra-migrate-meta-layouts":"set","ast-page-background-enabled":"default","ast-page-background-meta":{"desktop":{"background-color":"","background-image":"","background-repeat":"repeat","background-position":"center center","background-size":"auto","background-attachment":"scroll","background-type":"","background-media":"","overlay-type":"","overlay-color":"","overlay-opacity":"","overlay-gradient":""},"tablet":{"background-color":"","background-image":"","background-repeat":"repeat","background-position":"center center","background-size":"auto","background-attachment":"scroll","background-type":"","background-media":"","overlay-type":"","overlay-color":"","overlay-opacity":"","overlay-gradient":""},"mobile":{"background-color":"","background-image":"","background-repeat":"repeat","background-position":"center center","background-size":"auto","background-attachment":"scroll","background-type":"","background-media":"","overlay-type":"","overlay-color":"","overlay-opacity":"","overlay-gradient":""}},"ast-content-background-meta":{"desktop":{"background-color":"var(--ast-global-color-5)","background-image":"","background-repeat":"repeat","background-position":"center center","background-size":"auto","background-attachment":"scroll","background-type":"","background-media":"","overlay-type":"","overlay-color":"","overlay-opacity":"","overlay-gradient":""},"tablet":{"background-color":"var(--ast-global-color-5)","background-image":"","background-repeat":"repeat","background-position":"center center","background-size":"auto","background-attachment":"scroll","background-type":"","background-media":"","overlay-type":"","overlay-color":"","overlay-opacity":"","overlay-gradient":""},"mobile":{"background-color":"var(--ast-global-color-5)","background-image":"","background-repeat":"repeat","background-position":"center center","background-size":"auto","background-attachment":"scroll","background-type":"","background-media":"","overlay-type":"","overlay-color":"","overlay-opacity":"","overlay-gradient":""}},"cybocfi_hide_featured_image":"","_joinchat":[],"footnotes":""},"class_list":["post-5207","page","type-page","status-publish","hentry"],"yoast_head":"<!-- This site is optimized with the Yoast SEO plugin v27.3 - https:\/\/yoast.com\/product\/yoast-seo-wordpress\/ -->\n<title>Fundraise - Feed the Hungry San Miguel<\/title>\n<meta name=\"robots\" content=\"index, follow, max-snippet:-1, max-image-preview:large, max-video-preview:-1\" \/>\n<link rel=\"canonical\" href=\"https:\/\/www.feedthehungrysma.org\/es\/fundraise\/\" \/>\n<meta property=\"og:locale\" content=\"es_MX\" \/>\n<meta property=\"og:type\" content=\"article\" \/>\n<meta property=\"og:title\" content=\"Fundraise - Feed the Hungry San Miguel\" \/>\n<meta property=\"og:description\" content=\"YOU CAN MAKE A DIFFERENCE TO A CHILD, A FAMILY, A COMMUNITY Your support and belief in our cause keeps us going strong. And spreading the word is as valuable as a donation. You can help us reach beyond our core network, raise awareness, and attract new donors. Rally your friends, family, coworkers, and networks [&hellip;]\" \/>\n<meta property=\"og:url\" content=\"https:\/\/www.feedthehungrysma.org\/es\/fundraise\/\" \/>\n<meta property=\"og:site_name\" content=\"Feed the Hungry San Miguel\" \/>\n<meta property=\"article:publisher\" content=\"https:\/\/www.facebook.com\/FeedtheHungrySMA\/\" \/>\n<meta property=\"article:modified_time\" content=\"2023-12-08T22:17:09+00:00\" \/>\n<meta name=\"twitter:card\" content=\"summary_large_image\" \/>\n<meta name=\"twitter:site\" content=\"@FTHSanMiguel\" \/>\n<meta name=\"twitter:label1\" content=\"Tiempo de lectura\" \/>\n\t<meta name=\"twitter:data1\" content=\"3 minutos\" \/>\n<script type=\"application\/ld+json\" class=\"yoast-schema-graph\">{\"@context\":\"https:\\\/\\\/schema.org\",\"@graph\":[{\"@type\":\"WebPage\",\"@id\":\"https:\\\/\\\/www.feedthehungrysma.org\\\/es\\\/fundraise\\\/\",\"url\":\"https:\\\/\\\/www.feedthehungrysma.org\\\/es\\\/fundraise\\\/\",\"name\":\"Fundraise - Feed the Hungry San Miguel\",\"isPartOf\":{\"@id\":\"https:\\\/\\\/www.feedthehungrysma.org\\\/#website\"},\"datePublished\":\"2022-04-20T20:33:40+00:00\",\"dateModified\":\"2023-12-08T22:17:09+00:00\",\"breadcrumb\":{\"@id\":\"https:\\\/\\\/www.feedthehungrysma.org\\\/es\\\/fundraise\\\/#breadcrumb\"},\"inLanguage\":\"es\",\"potentialAction\":[{\"@type\":\"ReadAction\",\"target\":[\"https:\\\/\\\/www.feedthehungrysma.org\\\/es\\\/fundraise\\\/\"]}]},{\"@type\":\"BreadcrumbList\",\"@id\":\"https:\\\/\\\/www.feedthehungrysma.org\\\/es\\\/fundraise\\\/#breadcrumb\",\"itemListElement\":[{\"@type\":\"ListItem\",\"position\":1,\"name\":\"Home\",\"item\":\"https:\\\/\\\/www.sanmiguelsinhambre.org\\\/es\\\/\"},{\"@type\":\"ListItem\",\"position\":2,\"name\":\"Fundraise\"}]},{\"@type\":\"WebSite\",\"@id\":\"https:\\\/\\\/www.feedthehungrysma.org\\\/#website\",\"url\":\"https:\\\/\\\/www.feedthehungrysma.org\\\/\",\"name\":\"Feed the Hungry San Miguel\",\"description\":\"\",\"publisher\":{\"@id\":\"https:\\\/\\\/www.feedthehungrysma.org\\\/#organization\"},\"potentialAction\":[{\"@type\":\"SearchAction\",\"target\":{\"@type\":\"EntryPoint\",\"urlTemplate\":\"https:\\\/\\\/www.feedthehungrysma.org\\\/?s={search_term_string}\"},\"query-input\":{\"@type\":\"PropertyValueSpecification\",\"valueRequired\":true,\"valueName\":\"search_term_string\"}}],\"inLanguage\":\"es\"},{\"@type\":\"Organization\",\"@id\":\"https:\\\/\\\/www.feedthehungrysma.org\\\/#organization\",\"name\":\"Feed the Hungry San Miguel A.C\",\"url\":\"https:\\\/\\\/www.feedthehungrysma.org\\\/\",\"logo\":{\"@type\":\"ImageObject\",\"inLanguage\":\"es\",\"@id\":\"https:\\\/\\\/www.feedthehungrysma.org\\\/#\\\/schema\\\/logo\\\/image\\\/\",\"url\":\"https:\\\/\\\/www.feedthehungrysma.org\\\/wp-content\\\/uploads\\\/2023\\\/12\\\/fth_40anos_v2.png\",\"contentUrl\":\"https:\\\/\\\/www.feedthehungrysma.org\\\/wp-content\\\/uploads\\\/2023\\\/12\\\/fth_40anos_v2.png\",\"width\":554,\"height\":178,\"caption\":\"Feed the Hungry San Miguel A.C\"},\"image\":{\"@id\":\"https:\\\/\\\/www.feedthehungrysma.org\\\/#\\\/schema\\\/logo\\\/image\\\/\"},\"sameAs\":[\"https:\\\/\\\/www.facebook.com\\\/FeedtheHungrySMA\\\/\",\"https:\\\/\\\/x.com\\\/FTHSanMiguel\",\"https:\\\/\\\/www.instagram.com\\\/FeedTheHungrySMA\\\/\",\"https:\\\/\\\/www.youtube.com\\\/channel\\\/UC1pXgylwryRMKsayIP9bPIA\"]}]}<\/script>\n<!-- \/ Yoast SEO plugin. -->","yoast_head_json":{"title":"Fundraise - Feed the Hungry San Miguel","robots":{"index":"index","follow":"follow","max-snippet":"max-snippet:-1","max-image-preview":"max-image-preview:large","max-video-preview":"max-video-preview:-1"},"canonical":"https:\/\/www.feedthehungrysma.org\/es\/fundraise\/","og_locale":"es_MX","og_type":"article","og_title":"Fundraise - Feed the Hungry San Miguel","og_description":"YOU CAN MAKE A DIFFERENCE TO A CHILD, A FAMILY, A COMMUNITY Your support and belief in our cause keeps us going strong. And spreading the word is as valuable as a donation. You can help us reach beyond our core network, raise awareness, and attract new donors. Rally your friends, family, coworkers, and networks [&hellip;]","og_url":"https:\/\/www.feedthehungrysma.org\/es\/fundraise\/","og_site_name":"Feed the Hungry San Miguel","article_publisher":"https:\/\/www.facebook.com\/FeedtheHungrySMA\/","article_modified_time":"2023-12-08T22:17:09+00:00","twitter_card":"summary_large_image","twitter_site":"@FTHSanMiguel","twitter_misc":{"Tiempo de lectura":"3 minutos"},"schema":{"@context":"https:\/\/schema.org","@graph":[{"@type":"WebPage","@id":"https:\/\/www.feedthehungrysma.org\/es\/fundraise\/","url":"https:\/\/www.feedthehungrysma.org\/es\/fundraise\/","name":"Fundraise - Feed the Hungry San Miguel","isPartOf":{"@id":"https:\/\/www.feedthehungrysma.org\/#website"},"datePublished":"2022-04-20T20:33:40+00:00","dateModified":"2023-12-08T22:17:09+00:00","breadcrumb":{"@id":"https:\/\/www.feedthehungrysma.org\/es\/fundraise\/#breadcrumb"},"inLanguage":"es","potentialAction":[{"@type":"ReadAction","target":["https:\/\/www.feedthehungrysma.org\/es\/fundraise\/"]}]},{"@type":"BreadcrumbList","@id":"https:\/\/www.feedthehungrysma.org\/es\/fundraise\/#breadcrumb","itemListElement":[{"@type":"ListItem","position":1,"name":"Home","item":"https:\/\/www.sanmiguelsinhambre.org\/es\/"},{"@type":"ListItem","position":2,"name":"Fundraise"}]},{"@type":"WebSite","@id":"https:\/\/www.feedthehungrysma.org\/#website","url":"https:\/\/www.feedthehungrysma.org\/","name":"Feed the Hungry San Miguel","description":"","publisher":{"@id":"https:\/\/www.feedthehungrysma.org\/#organization"},"potentialAction":[{"@type":"SearchAction","target":{"@type":"EntryPoint","urlTemplate":"https:\/\/www.feedthehungrysma.org\/?s={search_term_string}"},"query-input":{"@type":"PropertyValueSpecification","valueRequired":true,"valueName":"search_term_string"}}],"inLanguage":"es"},{"@type":"Organization","@id":"https:\/\/www.feedthehungrysma.org\/#organization","name":"Feed the Hungry San Miguel A.C","url":"https:\/\/www.feedthehungrysma.org\/","logo":{"@type":"ImageObject","inLanguage":"es","@id":"https:\/\/www.feedthehungrysma.org\/#\/schema\/logo\/image\/","url":"https:\/\/www.feedthehungrysma.org\/wp-content\/uploads\/2023\/12\/fth_40anos_v2.png","contentUrl":"https:\/\/www.feedthehungrysma.org\/wp-content\/uploads\/2023\/12\/fth_40anos_v2.png","width":554,"height":178,"caption":"Feed the Hungry San Miguel A.C"},"image":{"@id":"https:\/\/www.feedthehungrysma.org\/#\/schema\/logo\/image\/"},"sameAs":["https:\/\/www.facebook.com\/FeedtheHungrySMA\/","https:\/\/x.com\/FTHSanMiguel","https:\/\/www.instagram.com\/FeedTheHungrySMA\/","https:\/\/www.youtube.com\/channel\/UC1pXgylwryRMKsayIP9bPIA"]}]}},"rttpg_featured_image_url":null,"rttpg_author":{"display_name":"Suriel Angel Carrasco Rodr\u00edguez","author_link":"https:\/\/www.feedthehungrysma.org\/es\/author\/suri-fth\/"},"rttpg_comment":0,"rttpg_category":null,"rttpg_excerpt":"YOU CAN MAKE A DIFFERENCE TO A CHILD, A FAMILY, A COMMUNITY Your support and belief in our cause keeps us going strong. And spreading the word is as valuable as a donation. You can help us reach beyond our core network, raise awareness, and attract new donors. Rally your friends, family, coworkers, and networks&hellip;","_links":{"self":[{"href":"https:\/\/www.feedthehungrysma.org\/es\/wp-json\/wp\/v2\/pages\/5207","targetHints":{"allow":["GET"]}}],"collection":[{"href":"https:\/\/www.feedthehungrysma.org\/es\/wp-json\/wp\/v2\/pages"}],"about":[{"href":"https:\/\/www.feedthehungrysma.org\/es\/wp-json\/wp\/v2\/types\/page"}],"author":[{"embeddable":true,"href":"https:\/\/www.feedthehungrysma.org\/es\/wp-json\/wp\/v2\/users\/2"}],"replies":[{"embeddable":true,"href":"https:\/\/www.feedthehungrysma.org\/es\/wp-json\/wp\/v2\/comments?post=5207"}],"version-history":[{"count":1,"href":"https:\/\/www.feedthehungrysma.org\/es\/wp-json\/wp\/v2\/pages\/5207\/revisions"}],"predecessor-version":[{"id":8859,"href":"https:\/\/www.feedthehungrysma.org\/es\/wp-json\/wp\/v2\/pages\/5207\/revisions\/8859"}],"wp:attachment":[{"href":"https:\/\/www.feedthehungrysma.org\/es\/wp-json\/wp\/v2\/media?parent=5207"}],"curies":[{"name":"wp","href":"https:\/\/api.w.org\/{rel}","templated":true}]}}