{"id":3425,"date":"2022-02-14T01:57:02","date_gmt":"2022-02-14T07:57:02","guid":{"rendered":"https:\/\/www.feedthehungrysma.org\/?page_id=3425"},"modified":"2022-02-14T02:00:42","modified_gmt":"2022-02-14T08:00:42","slug":"newsletter-sponsorship","status":"publish","type":"page","link":"https:\/\/www.feedthehungrysma.org\/es\/newsletter-sponsorship\/","title":{"rendered":"Patrocinio del bolet\u00edn"},"content":{"rendered":"<div data-elementor-type=\"wp-page\" data-elementor-id=\"3425\" class=\"elementor elementor-3425\" data-elementor-post-type=\"page\">\n\t\t\t\t\t\t<section class=\"elementor-section elementor-top-section elementor-element elementor-element-77379fb elementor-section-boxed elementor-section-height-default elementor-section-height-default\" data-id=\"77379fb\" data-element_type=\"section\" data-e-type=\"section\">\n\t\t\t\t\t\t<div class=\"elementor-container elementor-column-gap-default\">\n\t\t\t\t\t<div class=\"elementor-column elementor-col-100 elementor-top-column elementor-element elementor-element-2bbf201\" data-id=\"2bbf201\" data-element_type=\"column\" data-e-type=\"column\">\n\t\t\t<div class=\"elementor-widget-wrap elementor-element-populated\">\n\t\t\t\t\t\t<div class=\"elementor-element elementor-element-efe7b06 elementor-widget elementor-widget-text-editor\" data-id=\"efe7b06\" data-element_type=\"widget\" data-e-type=\"widget\" data-widget_type=\"text-editor.default\">\n\t\t\t\t<div class=\"elementor-widget-container\">\n\t\t\t\t\t\t\t\t\t<p>Ya seas empresario, due\u00f1o de negocio o profesional independiente; Ya sea que viva en San Miguel de Allende o en el extranjero, puede apoyar a Feed the Hungry San Miguel patrocinando una edici\u00f3n de nuestro bolet\u00edn trimestral &quot;Destacados y Acontecimientos&quot; para llegar a miles de clientes potenciales.<\/p><p>Aumente su exposici\u00f3n y promueva su marca mientras apoya una causa muy noble. Haga clic en el bot\u00f3n a continuaci\u00f3n para descargar el documento que detalla c\u00f3mo USTED puede convertirse en patrocinador de &quot;Highlights &amp; Happenings&quot;.<\/p>\t\t\t\t\t\t\t\t<\/div>\n\t\t\t\t<\/div>\n\t\t\t\t<div class=\"elementor-element elementor-element-3bae5d4 elementor-align-center elementor-widget elementor-widget-button\" data-id=\"3bae5d4\" data-element_type=\"widget\" data-e-type=\"widget\" data-widget_type=\"button.default\">\n\t\t\t\t<div class=\"elementor-widget-container\">\n\t\t\t\t\t\t\t\t\t<div class=\"elementor-button-wrapper\">\n\t\t\t\t\t<a class=\"elementor-button elementor-button-link elementor-size-sm\" href=\"https:\/\/www.feedthehungrysma.org\/wp-content\/uploads\/2022\/02\/FTH-Patrocinio-de-Boletin-2020.pdf\">\n\t\t\t\t\t\t<span class=\"elementor-button-content-wrapper\">\n\t\t\t\t\t\t\t\t\t<span class=\"elementor-button-text\">Patrocine nuestro Newsletter<\/span>\n\t\t\t\t\t<\/span>\n\t\t\t\t\t<\/a>\n\t\t\t\t<\/div>\n\t\t\t\t\t\t\t\t<\/div>\n\t\t\t\t<\/div>\n\t\t\t\t\t<\/div>\n\t\t<\/div>\n\t\t\t\t\t<\/div>\n\t\t<\/section>\n\t\t\t\t<\/div>","protected":false},"excerpt":{"rendered":"<p>Whether you are an entrepreneur, business owner, or independent professional; Whether you live in San Miguel de Allende or abroad, you can support Feed the Hungry San Miguel by sponsoring an edition of our quarterly newsletter \u201cHighlights &amp; Happenings\u201d to reach thousands of potential customers. Increase your exposure and promote your brand while supporting a [&hellip;]<\/p>\n","protected":false},"author":2,"featured_media":3427,"parent":0,"menu_order":0,"comment_status":"closed","ping_status":"closed","template":"elementor_theme","meta":{"site-sidebar-layout":"right-sidebar","site-content-layout":"boxed-container","ast-site-content-layout":"default","site-content-style":"default","site-sidebar-style":"default","ast-global-header-display":"","ast-banner-title-visibility":"","ast-main-header-display":"","ast-hfb-above-header-display":"","ast-hfb-below-header-display":"","ast-hfb-mobile-header-display":"","site-post-title":"","ast-breadcrumbs-content":"","ast-featured-img":"","footer-sml-layout":"","ast-disable-related-posts":"","theme-transparent-header-meta":"","adv-header-id-meta":"","stick-header-meta":"","header-above-stick-meta":"","header-main-stick-meta":"","header-below-stick-meta":"","astra-migrate-meta-layouts":"default","ast-page-background-enabled":"default","ast-page-background-meta":{"desktop":{"background-color":"","background-image":"","background-repeat":"repeat","background-position":"center center","background-size":"auto","background-attachment":"scroll","background-type":"","background-media":"","overlay-type":"","overlay-color":"","overlay-opacity":"","overlay-gradient":""},"tablet":{"background-color":"","background-image":"","background-repeat":"repeat","background-position":"center center","background-size":"auto","background-attachment":"scroll","background-type":"","background-media":"","overlay-type":"","overlay-color":"","overlay-opacity":"","overlay-gradient":""},"mobile":{"background-color":"","background-image":"","background-repeat":"repeat","background-position":"center center","background-size":"auto","background-attachment":"scroll","background-type":"","background-media":"","overlay-type":"","overlay-color":"","overlay-opacity":"","overlay-gradient":""}},"ast-content-background-meta":{"desktop":{"background-color":"var(--ast-global-color-5)","background-image":"","background-repeat":"repeat","background-position":"center center","background-size":"auto","background-attachment":"scroll","background-type":"","background-media":"","overlay-type":"","overlay-color":"","overlay-opacity":"","overlay-gradient":""},"tablet":{"background-color":"var(--ast-global-color-5)","background-image":"","background-repeat":"repeat","background-position":"center center","background-size":"auto","background-attachment":"scroll","background-type":"","background-media":"","overlay-type":"","overlay-color":"","overlay-opacity":"","overlay-gradient":""},"mobile":{"background-color":"var(--ast-global-color-5)","background-image":"","background-repeat":"repeat","background-position":"center center","background-size":"auto","background-attachment":"scroll","background-type":"","background-media":"","overlay-type":"","overlay-color":"","overlay-opacity":"","overlay-gradient":""}},"cybocfi_hide_featured_image":"","_joinchat":[],"footnotes":""},"class_list":["post-3425","page","type-page","status-publish","has-post-thumbnail","hentry"],"yoast_head":"<!-- This site is optimized with the Yoast SEO plugin v27.3 - https:\/\/yoast.com\/product\/yoast-seo-wordpress\/ -->\n<title>Newsletter Sponsorship - Feed the Hungry San Miguel<\/title>\n<meta name=\"robots\" content=\"index, follow, max-snippet:-1, max-image-preview:large, max-video-preview:-1\" \/>\n<link rel=\"canonical\" href=\"https:\/\/www.sanmiguelsinhambre.org\/es\/newsletter-sponsorship\/\" \/>\n<meta property=\"og:locale\" content=\"es_MX\" \/>\n<meta property=\"og:type\" content=\"article\" \/>\n<meta property=\"og:title\" content=\"Newsletter Sponsorship - Feed the Hungry San Miguel\" \/>\n<meta property=\"og:description\" content=\"Whether you are an entrepreneur, business owner, or independent professional; Whether you live in San Miguel de Allende or abroad, you can support Feed the Hungry San Miguel by sponsoring an edition of our quarterly newsletter \u201cHighlights &amp; Happenings\u201d to reach thousands of potential customers. Increase your exposure and promote your brand while supporting a [&hellip;]\" \/>\n<meta property=\"og:url\" content=\"https:\/\/www.sanmiguelsinhambre.org\/es\/newsletter-sponsorship\/\" \/>\n<meta property=\"og:site_name\" content=\"Feed the Hungry San Miguel\" \/>\n<meta property=\"article:publisher\" content=\"https:\/\/www.facebook.com\/FeedtheHungrySMA\/\" \/>\n<meta property=\"article:modified_time\" content=\"2022-02-14T08:00:42+00:00\" \/>\n<meta property=\"og:image\" content=\"https:\/\/www.sanmiguelsinhambre.org\/wp-content\/uploads\/2022\/02\/Highlights-Happenings-header.jpg\" \/>\n\t<meta property=\"og:image:width\" content=\"832\" \/>\n\t<meta property=\"og:image:height\" content=\"233\" \/>\n\t<meta property=\"og:image:type\" content=\"image\/jpeg\" \/>\n<meta name=\"twitter:card\" content=\"summary_large_image\" \/>\n<meta name=\"twitter:site\" content=\"@FTHSanMiguel\" \/>\n<script type=\"application\/ld+json\" class=\"yoast-schema-graph\">{\"@context\":\"https:\\\/\\\/schema.org\",\"@graph\":[{\"@type\":\"WebPage\",\"@id\":\"https:\\\/\\\/www.sanmiguelsinhambre.org\\\/es\\\/newsletter-sponsorship\\\/\",\"url\":\"https:\\\/\\\/www.sanmiguelsinhambre.org\\\/es\\\/newsletter-sponsorship\\\/\",\"name\":\"Newsletter Sponsorship - Feed the Hungry San Miguel\",\"isPartOf\":{\"@id\":\"https:\\\/\\\/www.feedthehungrysma.org\\\/#website\"},\"primaryImageOfPage\":{\"@id\":\"https:\\\/\\\/www.sanmiguelsinhambre.org\\\/es\\\/newsletter-sponsorship\\\/#primaryimage\"},\"image\":{\"@id\":\"https:\\\/\\\/www.sanmiguelsinhambre.org\\\/es\\\/newsletter-sponsorship\\\/#primaryimage\"},\"thumbnailUrl\":\"https:\\\/\\\/www.feedthehungrysma.org\\\/wp-content\\\/uploads\\\/2022\\\/02\\\/Highlights-Happenings-header.jpg\",\"datePublished\":\"2022-02-14T07:57:02+00:00\",\"dateModified\":\"2022-02-14T08:00:42+00:00\",\"breadcrumb\":{\"@id\":\"https:\\\/\\\/www.sanmiguelsinhambre.org\\\/es\\\/newsletter-sponsorship\\\/#breadcrumb\"},\"inLanguage\":\"es\",\"potentialAction\":[{\"@type\":\"ReadAction\",\"target\":[\"https:\\\/\\\/www.sanmiguelsinhambre.org\\\/es\\\/newsletter-sponsorship\\\/\"]}]},{\"@type\":\"ImageObject\",\"inLanguage\":\"es\",\"@id\":\"https:\\\/\\\/www.sanmiguelsinhambre.org\\\/es\\\/newsletter-sponsorship\\\/#primaryimage\",\"url\":\"https:\\\/\\\/www.feedthehungrysma.org\\\/wp-content\\\/uploads\\\/2022\\\/02\\\/Highlights-Happenings-header.jpg\",\"contentUrl\":\"https:\\\/\\\/www.feedthehungrysma.org\\\/wp-content\\\/uploads\\\/2022\\\/02\\\/Highlights-Happenings-header.jpg\",\"width\":832,\"height\":233},{\"@type\":\"BreadcrumbList\",\"@id\":\"https:\\\/\\\/www.sanmiguelsinhambre.org\\\/es\\\/newsletter-sponsorship\\\/#breadcrumb\",\"itemListElement\":[{\"@type\":\"ListItem\",\"position\":1,\"name\":\"Home\",\"item\":\"https:\\\/\\\/www.sanmiguelsinhambre.org\\\/es\\\/\"},{\"@type\":\"ListItem\",\"position\":2,\"name\":\"Newsletter Sponsorship\"}]},{\"@type\":\"WebSite\",\"@id\":\"https:\\\/\\\/www.feedthehungrysma.org\\\/#website\",\"url\":\"https:\\\/\\\/www.feedthehungrysma.org\\\/\",\"name\":\"Feed the Hungry San Miguel\",\"description\":\"\",\"publisher\":{\"@id\":\"https:\\\/\\\/www.feedthehungrysma.org\\\/#organization\"},\"potentialAction\":[{\"@type\":\"SearchAction\",\"target\":{\"@type\":\"EntryPoint\",\"urlTemplate\":\"https:\\\/\\\/www.feedthehungrysma.org\\\/?s={search_term_string}\"},\"query-input\":{\"@type\":\"PropertyValueSpecification\",\"valueRequired\":true,\"valueName\":\"search_term_string\"}}],\"inLanguage\":\"es\"},{\"@type\":\"Organization\",\"@id\":\"https:\\\/\\\/www.feedthehungrysma.org\\\/#organization\",\"name\":\"Feed the Hungry San Miguel A.C\",\"url\":\"https:\\\/\\\/www.feedthehungrysma.org\\\/\",\"logo\":{\"@type\":\"ImageObject\",\"inLanguage\":\"es\",\"@id\":\"https:\\\/\\\/www.feedthehungrysma.org\\\/#\\\/schema\\\/logo\\\/image\\\/\",\"url\":\"https:\\\/\\\/www.feedthehungrysma.org\\\/wp-content\\\/uploads\\\/2023\\\/12\\\/fth_40anos_v2.png\",\"contentUrl\":\"https:\\\/\\\/www.feedthehungrysma.org\\\/wp-content\\\/uploads\\\/2023\\\/12\\\/fth_40anos_v2.png\",\"width\":554,\"height\":178,\"caption\":\"Feed the Hungry San Miguel A.C\"},\"image\":{\"@id\":\"https:\\\/\\\/www.feedthehungrysma.org\\\/#\\\/schema\\\/logo\\\/image\\\/\"},\"sameAs\":[\"https:\\\/\\\/www.facebook.com\\\/FeedtheHungrySMA\\\/\",\"https:\\\/\\\/x.com\\\/FTHSanMiguel\",\"https:\\\/\\\/www.instagram.com\\\/FeedTheHungrySMA\\\/\",\"https:\\\/\\\/www.youtube.com\\\/channel\\\/UC1pXgylwryRMKsayIP9bPIA\"]}]}<\/script>\n<!-- \/ Yoast SEO plugin. -->","yoast_head_json":{"title":"Newsletter Sponsorship - Feed the Hungry San Miguel","robots":{"index":"index","follow":"follow","max-snippet":"max-snippet:-1","max-image-preview":"max-image-preview:large","max-video-preview":"max-video-preview:-1"},"canonical":"https:\/\/www.sanmiguelsinhambre.org\/es\/newsletter-sponsorship\/","og_locale":"es_MX","og_type":"article","og_title":"Newsletter Sponsorship - Feed the Hungry San Miguel","og_description":"Whether you are an entrepreneur, business owner, or independent professional; Whether you live in San Miguel de Allende or abroad, you can support Feed the Hungry San Miguel by sponsoring an edition of our quarterly newsletter \u201cHighlights &amp; Happenings\u201d to reach thousands of potential customers. Increase your exposure and promote your brand while supporting a [&hellip;]","og_url":"https:\/\/www.sanmiguelsinhambre.org\/es\/newsletter-sponsorship\/","og_site_name":"Feed the Hungry San Miguel","article_publisher":"https:\/\/www.facebook.com\/FeedtheHungrySMA\/","article_modified_time":"2022-02-14T08:00:42+00:00","og_image":[{"width":832,"height":233,"url":"https:\/\/www.sanmiguelsinhambre.org\/wp-content\/uploads\/2022\/02\/Highlights-Happenings-header.jpg","type":"image\/jpeg"}],"twitter_card":"summary_large_image","twitter_site":"@FTHSanMiguel","schema":{"@context":"https:\/\/schema.org","@graph":[{"@type":"WebPage","@id":"https:\/\/www.sanmiguelsinhambre.org\/es\/newsletter-sponsorship\/","url":"https:\/\/www.sanmiguelsinhambre.org\/es\/newsletter-sponsorship\/","name":"Newsletter Sponsorship - Feed the Hungry San Miguel","isPartOf":{"@id":"https:\/\/www.feedthehungrysma.org\/#website"},"primaryImageOfPage":{"@id":"https:\/\/www.sanmiguelsinhambre.org\/es\/newsletter-sponsorship\/#primaryimage"},"image":{"@id":"https:\/\/www.sanmiguelsinhambre.org\/es\/newsletter-sponsorship\/#primaryimage"},"thumbnailUrl":"https:\/\/www.feedthehungrysma.org\/wp-content\/uploads\/2022\/02\/Highlights-Happenings-header.jpg","datePublished":"2022-02-14T07:57:02+00:00","dateModified":"2022-02-14T08:00:42+00:00","breadcrumb":{"@id":"https:\/\/www.sanmiguelsinhambre.org\/es\/newsletter-sponsorship\/#breadcrumb"},"inLanguage":"es","potentialAction":[{"@type":"ReadAction","target":["https:\/\/www.sanmiguelsinhambre.org\/es\/newsletter-sponsorship\/"]}]},{"@type":"ImageObject","inLanguage":"es","@id":"https:\/\/www.sanmiguelsinhambre.org\/es\/newsletter-sponsorship\/#primaryimage","url":"https:\/\/www.feedthehungrysma.org\/wp-content\/uploads\/2022\/02\/Highlights-Happenings-header.jpg","contentUrl":"https:\/\/www.feedthehungrysma.org\/wp-content\/uploads\/2022\/02\/Highlights-Happenings-header.jpg","width":832,"height":233},{"@type":"BreadcrumbList","@id":"https:\/\/www.sanmiguelsinhambre.org\/es\/newsletter-sponsorship\/#breadcrumb","itemListElement":[{"@type":"ListItem","position":1,"name":"Home","item":"https:\/\/www.sanmiguelsinhambre.org\/es\/"},{"@type":"ListItem","position":2,"name":"Newsletter Sponsorship"}]},{"@type":"WebSite","@id":"https:\/\/www.feedthehungrysma.org\/#website","url":"https:\/\/www.feedthehungrysma.org\/","name":"Feed the Hungry San Miguel","description":"","publisher":{"@id":"https:\/\/www.feedthehungrysma.org\/#organization"},"potentialAction":[{"@type":"SearchAction","target":{"@type":"EntryPoint","urlTemplate":"https:\/\/www.feedthehungrysma.org\/?s={search_term_string}"},"query-input":{"@type":"PropertyValueSpecification","valueRequired":true,"valueName":"search_term_string"}}],"inLanguage":"es"},{"@type":"Organization","@id":"https:\/\/www.feedthehungrysma.org\/#organization","name":"Feed the Hungry San Miguel A.C","url":"https:\/\/www.feedthehungrysma.org\/","logo":{"@type":"ImageObject","inLanguage":"es","@id":"https:\/\/www.feedthehungrysma.org\/#\/schema\/logo\/image\/","url":"https:\/\/www.feedthehungrysma.org\/wp-content\/uploads\/2023\/12\/fth_40anos_v2.png","contentUrl":"https:\/\/www.feedthehungrysma.org\/wp-content\/uploads\/2023\/12\/fth_40anos_v2.png","width":554,"height":178,"caption":"Feed the Hungry San Miguel A.C"},"image":{"@id":"https:\/\/www.feedthehungrysma.org\/#\/schema\/logo\/image\/"},"sameAs":["https:\/\/www.facebook.com\/FeedtheHungrySMA\/","https:\/\/x.com\/FTHSanMiguel","https:\/\/www.instagram.com\/FeedTheHungrySMA\/","https:\/\/www.youtube.com\/channel\/UC1pXgylwryRMKsayIP9bPIA"]}]}},"rttpg_featured_image_url":{"full":["https:\/\/www.feedthehungrysma.org\/wp-content\/uploads\/2022\/02\/Highlights-Happenings-header.jpg",832,233,false],"landscape":["https:\/\/www.feedthehungrysma.org\/wp-content\/uploads\/2022\/02\/Highlights-Happenings-header.jpg",832,233,false],"portraits":["https:\/\/www.feedthehungrysma.org\/wp-content\/uploads\/2022\/02\/Highlights-Happenings-header.jpg",832,233,false],"thumbnail":["https:\/\/www.feedthehungrysma.org\/wp-content\/uploads\/2022\/02\/Highlights-Happenings-header-150x150.jpg",150,150,true],"medium":["https:\/\/www.feedthehungrysma.org\/wp-content\/uploads\/2022\/02\/Highlights-Happenings-header-300x84.jpg",300,84,true],"large":["https:\/\/www.feedthehungrysma.org\/wp-content\/uploads\/2022\/02\/Highlights-Happenings-header.jpg",832,233,false],"1536x1536":["https:\/\/www.feedthehungrysma.org\/wp-content\/uploads\/2022\/02\/Highlights-Happenings-header.jpg",832,233,false],"2048x2048":["https:\/\/www.feedthehungrysma.org\/wp-content\/uploads\/2022\/02\/Highlights-Happenings-header.jpg",832,233,false],"trp-custom-language-flag":["https:\/\/www.feedthehungrysma.org\/wp-content\/uploads\/2022\/02\/Highlights-Happenings-header.jpg",18,5,false]},"rttpg_author":{"display_name":"Suriel Angel Carrasco Rodr\u00edguez","author_link":"https:\/\/www.feedthehungrysma.org\/es\/author\/suri-fth\/"},"rttpg_comment":0,"rttpg_category":null,"rttpg_excerpt":"Whether you are an entrepreneur, business owner, or independent professional; Whether you live in San Miguel de Allende or abroad, you can support Feed the Hungry San Miguel by sponsoring an edition of our quarterly newsletter \u201cHighlights &amp; Happenings\u201d to reach thousands of potential customers. Increase your exposure and promote your brand while supporting a&hellip;","_links":{"self":[{"href":"https:\/\/www.feedthehungrysma.org\/es\/wp-json\/wp\/v2\/pages\/3425","targetHints":{"allow":["GET"]}}],"collection":[{"href":"https:\/\/www.feedthehungrysma.org\/es\/wp-json\/wp\/v2\/pages"}],"about":[{"href":"https:\/\/www.feedthehungrysma.org\/es\/wp-json\/wp\/v2\/types\/page"}],"author":[{"embeddable":true,"href":"https:\/\/www.feedthehungrysma.org\/es\/wp-json\/wp\/v2\/users\/2"}],"replies":[{"embeddable":true,"href":"https:\/\/www.feedthehungrysma.org\/es\/wp-json\/wp\/v2\/comments?post=3425"}],"version-history":[{"count":0,"href":"https:\/\/www.feedthehungrysma.org\/es\/wp-json\/wp\/v2\/pages\/3425\/revisions"}],"wp:featuredmedia":[{"embeddable":true,"href":"https:\/\/www.feedthehungrysma.org\/es\/wp-json\/wp\/v2\/media\/3427"}],"wp:attachment":[{"href":"https:\/\/www.feedthehungrysma.org\/es\/wp-json\/wp\/v2\/media?parent=3425"}],"curies":[{"name":"wp","href":"https:\/\/api.w.org\/{rel}","templated":true}]}}