{"id":3024,"date":"2022-02-11T12:01:22","date_gmt":"2022-02-11T18:01:22","guid":{"rendered":"https:\/\/www.feedthehungrysma.org\/?page_id=3024"},"modified":"2024-03-07T12:29:31","modified_gmt":"2024-03-07T18:29:31","slug":"planned-giving","status":"publish","type":"page","link":"https:\/\/www.feedthehungrysma.org\/es\/planned-giving\/","title":{"rendered":"Donaciones planificadas"},"content":{"rendered":"<div data-elementor-type=\"wp-page\" data-elementor-id=\"3024\" class=\"elementor elementor-3024\" data-elementor-post-type=\"page\">\n\t\t\t\t\t\t<section class=\"elementor-section elementor-top-section elementor-element elementor-element-fb5d4ba elementor-section-boxed elementor-section-height-default elementor-section-height-default\" data-id=\"fb5d4ba\" data-element_type=\"section\" data-e-type=\"section\">\n\t\t\t\t\t\t<div class=\"elementor-container elementor-column-gap-default\">\n\t\t\t\t\t<div class=\"elementor-column elementor-col-100 elementor-top-column elementor-element elementor-element-b5a3402\" data-id=\"b5a3402\" data-element_type=\"column\" data-e-type=\"column\">\n\t\t\t<div class=\"elementor-widget-wrap elementor-element-populated\">\n\t\t\t\t\t\t<div class=\"elementor-element elementor-element-66b6e4e elementor-widget elementor-widget-image\" data-id=\"66b6e4e\" data-element_type=\"widget\" data-e-type=\"widget\" data-widget_type=\"image.default\">\n\t\t\t\t<div class=\"elementor-widget-container\">\n\t\t\t\t\t\t\t\t\t\t\t\t\t\t\t<img fetchpriority=\"high\" decoding=\"async\" width=\"752\" height=\"379\" src=\"https:\/\/www.feedthehungrysma.org\/wp-content\/uploads\/2022\/05\/Planned-Giving-cropped.jpg\" class=\"attachment-large size-large wp-image-5571\" alt=\"\" srcset=\"https:\/\/www.feedthehungrysma.org\/wp-content\/uploads\/2022\/05\/Planned-Giving-cropped.jpg 752w, https:\/\/www.feedthehungrysma.org\/wp-content\/uploads\/2022\/05\/Planned-Giving-cropped-300x151.jpg 300w\" sizes=\"(max-width: 752px) 100vw, 752px\" \/>\t\t\t\t\t\t\t\t\t\t\t\t\t\t\t<\/div>\n\t\t\t\t<\/div>\n\t\t\t\t<div class=\"elementor-element elementor-element-06c4ca4 elementor-widget elementor-widget-text-editor\" data-id=\"06c4ca4\" data-element_type=\"widget\" data-e-type=\"widget\" data-widget_type=\"text-editor.default\">\n\t\t\t\t<div class=\"elementor-widget-container\">\n\t\t\t\t\t\t\t\t\t<p>M\u00e1s del 95% de nuestros fondos operativos provienen de donaciones ben\u00e9ficas. Sin embargo, estamos dedicados a mantener e incrementar nuestra ayuda a los m\u00e1s pobres de los pobres en San Miguel de Allende, ahora y en el futuro.<\/p><p>Al hacer una donaci\u00f3n heredada a trav\u00e9s de donaciones planificadas, puede tener un impacto de por vida en las vidas de los ni\u00f1os m\u00e1s necesitados de San Miguel y apoyar el trabajo de Feed the Hungry San Miguel.<\/p><p>Hacer una designaci\u00f3n de beneficiario para\u00a0<span class=\"notranslate\">Feed the Hungry\u00a0<\/span>San Miguel es una forma relativamente r\u00e1pida y f\u00e1cil de garantizar que los ni\u00f1os pobres en SMA reciban comidas nutritivas y que sus familias reciban capacitaci\u00f3n nutricional en los a\u00f1os venideros.<\/p><p>Los beneficios de las donaciones planificadas incluyen:<\/p><ul><li>Es una forma sencilla y sin complicaciones de apoyar los programas de comidas calientes de Feed the Hungry San Miguel<\/li><li>Ahorros en el impuesto sobre la renta cuando se utilizan los activos del plan de jubilaci\u00f3n<\/li><li>Posible deducci\u00f3n de impuestos sobre el patrimonio<\/li><li>Flexibilidad: puede nombrar a Feed the Hungry como beneficiario de todas o un porcentaje de sus cuentas y realizar cambios en cualquier momento.<\/li><\/ul><p>En solo unos minutos, y sin incurrir en honorarios de abogados, puede nombrar a Feed the Hungry San Miguel como beneficiario de su:<\/p><ul><li>Cuenta de jubilaci\u00f3n (IRA, 401(k) u otro plan de jubilaci\u00f3n) o su Distribuci\u00f3n m\u00ednima requerida<\/li><li>cuenta bancaria<\/li><li>Cuenta de inversi\u00f3n<\/li><li>Anualidad<\/li><li>P\u00f3liza de seguro de vida<\/li><\/ul><p>En los casos anteriores, solo debe solicitar a la administradora de su plan de retiro o instituci\u00f3n financiera un formulario de cambio de beneficiario e identificar a Feed the Hungry San Miguel de la siguiente manera:<\/p><p>Feed the Hungry San Miguel, Inc. <br \/>220 N. Carretera Zapata, Suite 11A <br \/>Laredo, TX 78043 <br \/>N\u00famero de identificaci\u00f3n fiscal # 20-1193434<\/p><p>Adem\u00e1s, es posible que desee consultar con su abogado para explorar:<\/p><ul><li>Una anualidad ben\u00e9fica, donde puede recibir un ingreso fijo de por vida y designar a Feed the Hungry como su beneficiario para el resto<\/li><li>Designar a Feed the Hungry como uno de los beneficiarios en su testamento<\/li><li>Designaci\u00f3n de Feed the Hungry AC como uno de los beneficiarios en un testamento mexicano<\/li><li>Un fideicomiso caritativo restante<\/li><\/ul><p>Para obtener m\u00e1s informaci\u00f3n sobre estas alternativas y designaciones de beneficiarios, comun\u00edquese con:<\/p>\t\t\t\t\t\t\t\t<\/div>\n\t\t\t\t<\/div>\n\t\t\t\t<div class=\"elementor-element elementor-element-8b98495 elementor-widget elementor-widget-text-editor\" data-id=\"8b98495\" data-element_type=\"widget\" data-e-type=\"widget\" data-widget_type=\"text-editor.default\">\n\t\t\t\t<div class=\"elementor-widget-container\">\n\t\t\t\t\t\t\t\t\t<p>Ver\u00f3nica Olvera<\/p><p>Feed the Hungry San Miguel<\/p><p><a href=\"mailto:contact@feedthehungrysma.org\">contact@feedthehungrysma.org<\/a><\/p><p>Tel\u00e9fono de EE. UU.: 970-744-3498<\/p><p>Tel\u00e9fono M\u00e9xico: 415-152-0950<\/p><h4 style=\"color: #fc7c3c;\">\u00a1Gracias por considerar estas oportunidades para dejar un legado significativo y duradero!<\/h4>\t\t\t\t\t\t\t\t<\/div>\n\t\t\t\t<\/div>\n\t\t\t\t\t<\/div>\n\t\t<\/div>\n\t\t\t\t\t<\/div>\n\t\t<\/section>\n\t\t\t\t<\/div>","protected":false},"excerpt":{"rendered":"<p>More than 95% of our operational funds come from charitable giving. Yet we are dedicated to sustaining and increasing our aid to the poorest of the poor in San Miguel de Allende, now and in the future. By making a legacy gift through planned giving, you can make a lifelong impact on the lives of [&hellip;]<\/p>\n","protected":false},"author":279,"featured_media":5571,"parent":0,"menu_order":0,"comment_status":"closed","ping_status":"closed","template":"elementor_theme","meta":{"site-sidebar-layout":"right-sidebar","site-content-layout":"boxed-container","ast-site-content-layout":"normal-width-container","site-content-style":"boxed","site-sidebar-style":"boxed","ast-global-header-display":"","ast-banner-title-visibility":"","ast-main-header-display":"","ast-hfb-above-header-display":"","ast-hfb-below-header-display":"","ast-hfb-mobile-header-display":"","site-post-title":"","ast-breadcrumbs-content":"","ast-featured-img":"","footer-sml-layout":"","ast-disable-related-posts":"","theme-transparent-header-meta":"","adv-header-id-meta":"","stick-header-meta":"","header-above-stick-meta":"","header-main-stick-meta":"","header-below-stick-meta":"","astra-migrate-meta-layouts":"set","ast-page-background-enabled":"default","ast-page-background-meta":{"desktop":{"background-color":"","background-image":"","background-repeat":"repeat","background-position":"center center","background-size":"auto","background-attachment":"scroll","background-type":"","background-media":"","overlay-type":"","overlay-color":"","overlay-opacity":"","overlay-gradient":""},"tablet":{"background-color":"","background-image":"","background-repeat":"repeat","background-position":"center center","background-size":"auto","background-attachment":"scroll","background-type":"","background-media":"","overlay-type":"","overlay-color":"","overlay-opacity":"","overlay-gradient":""},"mobile":{"background-color":"","background-image":"","background-repeat":"repeat","background-position":"center center","background-size":"auto","background-attachment":"scroll","background-type":"","background-media":"","overlay-type":"","overlay-color":"","overlay-opacity":"","overlay-gradient":""}},"ast-content-background-meta":{"desktop":{"background-color":"var(--ast-global-color-5)","background-image":"","background-repeat":"repeat","background-position":"center center","background-size":"auto","background-attachment":"scroll","background-type":"","background-media":"","overlay-type":"","overlay-color":"","overlay-opacity":"","overlay-gradient":""},"tablet":{"background-color":"var(--ast-global-color-5)","background-image":"","background-repeat":"repeat","background-position":"center center","background-size":"auto","background-attachment":"scroll","background-type":"","background-media":"","overlay-type":"","overlay-color":"","overlay-opacity":"","overlay-gradient":""},"mobile":{"background-color":"var(--ast-global-color-5)","background-image":"","background-repeat":"repeat","background-position":"center center","background-size":"auto","background-attachment":"scroll","background-type":"","background-media":"","overlay-type":"","overlay-color":"","overlay-opacity":"","overlay-gradient":""}},"cybocfi_hide_featured_image":"yes","_joinchat":[],"footnotes":""},"class_list":["post-3024","page","type-page","status-publish","has-post-thumbnail","hentry"],"yoast_head":"<!-- This site is optimized with the Yoast SEO plugin v27.3 - https:\/\/yoast.com\/product\/yoast-seo-wordpress\/ -->\n<title>Planned Giving - Feed the Hungry San Miguel<\/title>\n<meta name=\"robots\" content=\"index, follow, max-snippet:-1, max-image-preview:large, max-video-preview:-1\" \/>\n<link rel=\"canonical\" href=\"https:\/\/23.102.170.58\/planned-giving\/\" \/>\n<meta property=\"og:locale\" content=\"es_MX\" \/>\n<meta property=\"og:type\" content=\"article\" \/>\n<meta property=\"og:title\" content=\"Planned Giving - Feed the Hungry San Miguel\" \/>\n<meta property=\"og:description\" content=\"More than 95% of our operational funds come from charitable giving. Yet we are dedicated to sustaining and increasing our aid to the poorest of the poor in San Miguel de Allende, now and in the future. By making a legacy gift through planned giving, you can make a lifelong impact on the lives of [&hellip;]\" \/>\n<meta property=\"og:url\" content=\"https:\/\/23.102.170.58\/planned-giving\/\" \/>\n<meta property=\"og:site_name\" content=\"Feed the Hungry San Miguel\" \/>\n<meta property=\"article:publisher\" content=\"https:\/\/www.facebook.com\/FeedtheHungrySMA\/\" \/>\n<meta property=\"article:modified_time\" content=\"2024-03-07T18:29:31+00:00\" \/>\n<meta property=\"og:image\" content=\"https:\/\/23.102.170.58\/wp-content\/uploads\/2022\/05\/Planned-Giving-cropped.jpg\" \/>\n\t<meta property=\"og:image:width\" content=\"752\" \/>\n\t<meta property=\"og:image:height\" content=\"379\" \/>\n\t<meta property=\"og:image:type\" content=\"image\/jpeg\" \/>\n<meta name=\"twitter:card\" content=\"summary_large_image\" \/>\n<meta name=\"twitter:site\" content=\"@FTHSanMiguel\" \/>\n<meta name=\"twitter:label1\" content=\"Tiempo de lectura\" \/>\n\t<meta name=\"twitter:data1\" content=\"2 minutos\" \/>\n<script type=\"application\/ld+json\" class=\"yoast-schema-graph\">{\"@context\":\"https:\\\/\\\/schema.org\",\"@graph\":[{\"@type\":\"WebPage\",\"@id\":\"https:\\\/\\\/23.102.170.58\\\/planned-giving\\\/\",\"url\":\"https:\\\/\\\/23.102.170.58\\\/planned-giving\\\/\",\"name\":\"Planned Giving - Feed the Hungry San Miguel\",\"isPartOf\":{\"@id\":\"https:\\\/\\\/www.feedthehungrysma.org\\\/#website\"},\"primaryImageOfPage\":{\"@id\":\"https:\\\/\\\/23.102.170.58\\\/planned-giving\\\/#primaryimage\"},\"image\":{\"@id\":\"https:\\\/\\\/23.102.170.58\\\/planned-giving\\\/#primaryimage\"},\"thumbnailUrl\":\"https:\\\/\\\/www.feedthehungrysma.org\\\/wp-content\\\/uploads\\\/2022\\\/05\\\/Planned-Giving-cropped.jpg\",\"datePublished\":\"2022-02-11T18:01:22+00:00\",\"dateModified\":\"2024-03-07T18:29:31+00:00\",\"breadcrumb\":{\"@id\":\"https:\\\/\\\/23.102.170.58\\\/planned-giving\\\/#breadcrumb\"},\"inLanguage\":\"es\",\"potentialAction\":[{\"@type\":\"ReadAction\",\"target\":[\"https:\\\/\\\/23.102.170.58\\\/planned-giving\\\/\"]}]},{\"@type\":\"BreadcrumbList\",\"@id\":\"https:\\\/\\\/23.102.170.58\\\/planned-giving\\\/#breadcrumb\",\"itemListElement\":[{\"@type\":\"ListItem\",\"position\":1,\"name\":\"Home\",\"item\":\"https:\\\/\\\/www.sanmiguelsinhambre.org\\\/\"},{\"@type\":\"ListItem\",\"position\":2,\"name\":\"Planned Giving\"}]},{\"@type\":\"WebSite\",\"@id\":\"https:\\\/\\\/www.feedthehungrysma.org\\\/#website\",\"url\":\"https:\\\/\\\/www.feedthehungrysma.org\\\/\",\"name\":\"Feed the Hungry San Miguel\",\"description\":\"\",\"publisher\":{\"@id\":\"https:\\\/\\\/www.feedthehungrysma.org\\\/#organization\"},\"potentialAction\":[{\"@type\":\"SearchAction\",\"target\":{\"@type\":\"EntryPoint\",\"urlTemplate\":\"https:\\\/\\\/www.feedthehungrysma.org\\\/?s={search_term_string}\"},\"query-input\":{\"@type\":\"PropertyValueSpecification\",\"valueRequired\":true,\"valueName\":\"search_term_string\"}}],\"inLanguage\":\"es\"},{\"@type\":\"Organization\",\"@id\":\"https:\\\/\\\/www.feedthehungrysma.org\\\/#organization\",\"name\":\"Feed the Hungry San Miguel A.C\",\"url\":\"https:\\\/\\\/www.feedthehungrysma.org\\\/\",\"logo\":{\"@type\":\"ImageObject\",\"inLanguage\":\"es\",\"@id\":\"https:\\\/\\\/www.feedthehungrysma.org\\\/#\\\/schema\\\/logo\\\/image\\\/\",\"url\":\"https:\\\/\\\/www.feedthehungrysma.org\\\/wp-content\\\/uploads\\\/2023\\\/12\\\/fth_40anos_v2.png\",\"contentUrl\":\"https:\\\/\\\/www.feedthehungrysma.org\\\/wp-content\\\/uploads\\\/2023\\\/12\\\/fth_40anos_v2.png\",\"width\":554,\"height\":178,\"caption\":\"Feed the Hungry San Miguel A.C\"},\"image\":{\"@id\":\"https:\\\/\\\/www.feedthehungrysma.org\\\/#\\\/schema\\\/logo\\\/image\\\/\"},\"sameAs\":[\"https:\\\/\\\/www.facebook.com\\\/FeedtheHungrySMA\\\/\",\"https:\\\/\\\/x.com\\\/FTHSanMiguel\",\"https:\\\/\\\/www.instagram.com\\\/FeedTheHungrySMA\\\/\",\"https:\\\/\\\/www.youtube.com\\\/channel\\\/UC1pXgylwryRMKsayIP9bPIA\"]}]}<\/script>\n<!-- \/ Yoast SEO plugin. -->","yoast_head_json":{"title":"Planned Giving - Feed the Hungry San Miguel","robots":{"index":"index","follow":"follow","max-snippet":"max-snippet:-1","max-image-preview":"max-image-preview:large","max-video-preview":"max-video-preview:-1"},"canonical":"https:\/\/23.102.170.58\/planned-giving\/","og_locale":"es_MX","og_type":"article","og_title":"Planned Giving - Feed the Hungry San Miguel","og_description":"More than 95% of our operational funds come from charitable giving. Yet we are dedicated to sustaining and increasing our aid to the poorest of the poor in San Miguel de Allende, now and in the future. By making a legacy gift through planned giving, you can make a lifelong impact on the lives of [&hellip;]","og_url":"https:\/\/23.102.170.58\/planned-giving\/","og_site_name":"Feed the Hungry San Miguel","article_publisher":"https:\/\/www.facebook.com\/FeedtheHungrySMA\/","article_modified_time":"2024-03-07T18:29:31+00:00","og_image":[{"width":752,"height":379,"url":"https:\/\/23.102.170.58\/wp-content\/uploads\/2022\/05\/Planned-Giving-cropped.jpg","type":"image\/jpeg"}],"twitter_card":"summary_large_image","twitter_site":"@FTHSanMiguel","twitter_misc":{"Tiempo de lectura":"2 minutos"},"schema":{"@context":"https:\/\/schema.org","@graph":[{"@type":"WebPage","@id":"https:\/\/23.102.170.58\/planned-giving\/","url":"https:\/\/23.102.170.58\/planned-giving\/","name":"Planned Giving - Feed the Hungry San Miguel","isPartOf":{"@id":"https:\/\/www.feedthehungrysma.org\/#website"},"primaryImageOfPage":{"@id":"https:\/\/23.102.170.58\/planned-giving\/#primaryimage"},"image":{"@id":"https:\/\/23.102.170.58\/planned-giving\/#primaryimage"},"thumbnailUrl":"https:\/\/www.feedthehungrysma.org\/wp-content\/uploads\/2022\/05\/Planned-Giving-cropped.jpg","datePublished":"2022-02-11T18:01:22+00:00","dateModified":"2024-03-07T18:29:31+00:00","breadcrumb":{"@id":"https:\/\/23.102.170.58\/planned-giving\/#breadcrumb"},"inLanguage":"es","potentialAction":[{"@type":"ReadAction","target":["https:\/\/23.102.170.58\/planned-giving\/"]}]},{"@type":"BreadcrumbList","@id":"https:\/\/23.102.170.58\/planned-giving\/#breadcrumb","itemListElement":[{"@type":"ListItem","position":1,"name":"Home","item":"https:\/\/www.sanmiguelsinhambre.org\/"},{"@type":"ListItem","position":2,"name":"Planned Giving"}]},{"@type":"WebSite","@id":"https:\/\/www.feedthehungrysma.org\/#website","url":"https:\/\/www.feedthehungrysma.org\/","name":"Feed the Hungry San Miguel","description":"","publisher":{"@id":"https:\/\/www.feedthehungrysma.org\/#organization"},"potentialAction":[{"@type":"SearchAction","target":{"@type":"EntryPoint","urlTemplate":"https:\/\/www.feedthehungrysma.org\/?s={search_term_string}"},"query-input":{"@type":"PropertyValueSpecification","valueRequired":true,"valueName":"search_term_string"}}],"inLanguage":"es"},{"@type":"Organization","@id":"https:\/\/www.feedthehungrysma.org\/#organization","name":"Feed the Hungry San Miguel A.C","url":"https:\/\/www.feedthehungrysma.org\/","logo":{"@type":"ImageObject","inLanguage":"es","@id":"https:\/\/www.feedthehungrysma.org\/#\/schema\/logo\/image\/","url":"https:\/\/www.feedthehungrysma.org\/wp-content\/uploads\/2023\/12\/fth_40anos_v2.png","contentUrl":"https:\/\/www.feedthehungrysma.org\/wp-content\/uploads\/2023\/12\/fth_40anos_v2.png","width":554,"height":178,"caption":"Feed the Hungry San Miguel A.C"},"image":{"@id":"https:\/\/www.feedthehungrysma.org\/#\/schema\/logo\/image\/"},"sameAs":["https:\/\/www.facebook.com\/FeedtheHungrySMA\/","https:\/\/x.com\/FTHSanMiguel","https:\/\/www.instagram.com\/FeedTheHungrySMA\/","https:\/\/www.youtube.com\/channel\/UC1pXgylwryRMKsayIP9bPIA"]}]}},"rttpg_featured_image_url":{"full":["https:\/\/www.feedthehungrysma.org\/wp-content\/uploads\/2022\/05\/Planned-Giving-cropped.jpg",752,379,false],"landscape":["https:\/\/www.feedthehungrysma.org\/wp-content\/uploads\/2022\/05\/Planned-Giving-cropped.jpg",752,379,false],"portraits":["https:\/\/www.feedthehungrysma.org\/wp-content\/uploads\/2022\/05\/Planned-Giving-cropped.jpg",752,379,false],"thumbnail":["https:\/\/www.feedthehungrysma.org\/wp-content\/uploads\/2022\/05\/Planned-Giving-cropped-150x150.jpg",150,150,true],"medium":["https:\/\/www.feedthehungrysma.org\/wp-content\/uploads\/2022\/05\/Planned-Giving-cropped-300x151.jpg",300,151,true],"large":["https:\/\/www.feedthehungrysma.org\/wp-content\/uploads\/2022\/05\/Planned-Giving-cropped.jpg",752,379,false],"1536x1536":["https:\/\/www.feedthehungrysma.org\/wp-content\/uploads\/2022\/05\/Planned-Giving-cropped.jpg",752,379,false],"2048x2048":["https:\/\/www.feedthehungrysma.org\/wp-content\/uploads\/2022\/05\/Planned-Giving-cropped.jpg",752,379,false],"trp-custom-language-flag":["https:\/\/www.feedthehungrysma.org\/wp-content\/uploads\/2022\/05\/Planned-Giving-cropped.jpg",18,9,false]},"rttpg_author":{"display_name":"Soporte Core Group Solutions","author_link":"https:\/\/www.feedthehungrysma.org\/es\/author\/soporte-fth\/"},"rttpg_comment":0,"rttpg_category":null,"rttpg_excerpt":"More than 95% of our operational funds come from charitable giving. Yet we are dedicated to sustaining and increasing our aid to the poorest of the poor in San Miguel de Allende, now and in the future. By making a legacy gift through planned giving, you can make a lifelong impact on the lives of&hellip;","_links":{"self":[{"href":"https:\/\/www.feedthehungrysma.org\/es\/wp-json\/wp\/v2\/pages\/3024","targetHints":{"allow":["GET"]}}],"collection":[{"href":"https:\/\/www.feedthehungrysma.org\/es\/wp-json\/wp\/v2\/pages"}],"about":[{"href":"https:\/\/www.feedthehungrysma.org\/es\/wp-json\/wp\/v2\/types\/page"}],"author":[{"embeddable":true,"href":"https:\/\/www.feedthehungrysma.org\/es\/wp-json\/wp\/v2\/users\/279"}],"replies":[{"embeddable":true,"href":"https:\/\/www.feedthehungrysma.org\/es\/wp-json\/wp\/v2\/comments?post=3024"}],"version-history":[{"count":10,"href":"https:\/\/www.feedthehungrysma.org\/es\/wp-json\/wp\/v2\/pages\/3024\/revisions"}],"predecessor-version":[{"id":9881,"href":"https:\/\/www.feedthehungrysma.org\/es\/wp-json\/wp\/v2\/pages\/3024\/revisions\/9881"}],"wp:featuredmedia":[{"embeddable":true,"href":"https:\/\/www.feedthehungrysma.org\/es\/wp-json\/wp\/v2\/media\/5571"}],"wp:attachment":[{"href":"https:\/\/www.feedthehungrysma.org\/es\/wp-json\/wp\/v2\/media?parent=3024"}],"curies":[{"name":"wp","href":"https:\/\/api.w.org\/{rel}","templated":true}]}}