{"id":3000,"date":"2022-02-11T11:44:56","date_gmt":"2022-02-11T17:44:56","guid":{"rendered":"https:\/\/www.feedthehungrysma.org\/?page_id=3000"},"modified":"2026-01-21T19:02:23","modified_gmt":"2026-01-22T01:02:23","slug":"volunteer","status":"publish","type":"page","link":"https:\/\/www.feedthehungrysma.org\/es\/volunteer\/","title":{"rendered":"Voluntario"},"content":{"rendered":"<div data-elementor-type=\"wp-page\" data-elementor-id=\"3000\" class=\"elementor elementor-3000\" data-elementor-post-type=\"page\">\n\t\t\t\t\t\t<section class=\"elementor-section elementor-top-section elementor-element elementor-element-185007a elementor-section-boxed elementor-section-height-default elementor-section-height-default\" data-id=\"185007a\" data-element_type=\"section\" data-e-type=\"section\">\n\t\t\t\t\t\t<div class=\"elementor-container elementor-column-gap-default\">\n\t\t\t\t\t<div class=\"elementor-column elementor-col-100 elementor-top-column elementor-element elementor-element-e815984\" data-id=\"e815984\" data-element_type=\"column\" data-e-type=\"column\">\n\t\t\t<div class=\"elementor-widget-wrap elementor-element-populated\">\n\t\t\t\t\t\t<div class=\"elementor-element elementor-element-3ccd734 elementor-widget elementor-widget-text-editor\" data-id=\"3ccd734\" data-element_type=\"widget\" data-e-type=\"widget\" data-widget_type=\"text-editor.default\">\n\t\t\t\t<div class=\"elementor-widget-container\">\n\t\t\t\t\t\t\t\t\t<p><strong>voluntarios<\/strong>\u00a0son una parte importante de las operaciones de Feed the Hungry San Miguel. No podr\u00edamos operar con tanta eficacia o eficiencia sin su apoyo dedicado.<\/p>\t\t\t\t\t\t\t\t<\/div>\n\t\t\t\t<\/div>\n\t\t\t\t<section class=\"elementor-section elementor-inner-section elementor-element elementor-element-38f392f elementor-section-boxed elementor-section-height-default elementor-section-height-default\" data-id=\"38f392f\" data-element_type=\"section\" data-e-type=\"section\">\n\t\t\t\t\t\t<div class=\"elementor-container elementor-column-gap-default\">\n\t\t\t\t\t<div class=\"elementor-column elementor-col-50 elementor-inner-column elementor-element elementor-element-48c7de7\" data-id=\"48c7de7\" data-element_type=\"column\" data-e-type=\"column\">\n\t\t\t<div class=\"elementor-widget-wrap elementor-element-populated\">\n\t\t\t\t\t\t<div class=\"elementor-element elementor-element-5894ef1 elementor-widget elementor-widget-image\" data-id=\"5894ef1\" data-element_type=\"widget\" data-e-type=\"widget\" data-widget_type=\"image.default\">\n\t\t\t\t<div class=\"elementor-widget-container\">\n\t\t\t\t\t\t\t\t\t\t\t\t\t\t\t<img fetchpriority=\"high\" decoding=\"async\" width=\"476\" height=\"338\" src=\"https:\/\/www.sanmiguelsinhambre.org\/wp-content\/uploads\/2022\/05\/volunteer.png\" class=\"attachment-large size-large wp-image-5672\" alt=\"\" srcset=\"https:\/\/www.sanmiguelsinhambre.org\/wp-content\/uploads\/2022\/05\/volunteer.png 476w, https:\/\/www.sanmiguelsinhambre.org\/wp-content\/uploads\/2022\/05\/volunteer-300x213.png 300w\" sizes=\"(max-width: 476px) 100vw, 476px\" \/>\t\t\t\t\t\t\t\t\t\t\t\t\t\t\t<\/div>\n\t\t\t\t<\/div>\n\t\t\t\t\t<\/div>\n\t\t<\/div>\n\t\t\t\t<div class=\"elementor-column elementor-col-50 elementor-inner-column elementor-element elementor-element-a04a375\" data-id=\"a04a375\" data-element_type=\"column\" data-e-type=\"column\">\n\t\t\t<div class=\"elementor-widget-wrap elementor-element-populated\">\n\t\t\t\t\t\t<div class=\"elementor-element elementor-element-fd02df0 elementor-widget elementor-widget-text-editor\" data-id=\"fd02df0\" data-element_type=\"widget\" data-e-type=\"widget\" data-widget_type=\"text-editor.default\">\n\t\t\t\t<div class=\"elementor-widget-container\">\n\t\t\t\t\t\t\t\t\t<p><strong>Trabajadores de almac\u00e9n semanales:\u00a0<\/strong>Un peque\u00f1o grupo de voluntarios regulares se re\u00fane en el Centro Feed the Hungry (almac\u00e9n e instalaci\u00f3n de operaciones) los lunes por la ma\u00f1ana cada semana que la escuela est\u00e1 en sesi\u00f3n. En menos de dos horas, clasifican, pesan, empacan y etiquetan de manera eficiente los env\u00edos de alimentos secos requeridos para cada cocina escolar individual, de acuerdo con las solicitudes semanales. Un segundo<\/p>\t\t\t\t\t\t\t\t<\/div>\n\t\t\t\t<\/div>\n\t\t\t\t\t<\/div>\n\t\t<\/div>\n\t\t\t\t\t<\/div>\n\t\t<\/section>\n\t\t\t\t<div class=\"elementor-element elementor-element-43c347c elementor-widget elementor-widget-text-editor\" data-id=\"43c347c\" data-element_type=\"widget\" data-e-type=\"widget\" data-widget_type=\"text-editor.default\">\n\t\t\t\t<div class=\"elementor-widget-container\">\n\t\t\t\t\t\t\t\t\t<p>El cuadro llega el lunes por la tarde para clasificar y pesar los productos frescos y agregar la cantidad requerida a cada una de las entregas semanales de la escuela-cocina.<\/p>\t\t\t\t\t\t\t\t<\/div>\n\t\t\t\t<\/div>\n\t\t\t\t<section class=\"elementor-section elementor-inner-section elementor-element elementor-element-f9b6c4d elementor-section-boxed elementor-section-height-default elementor-section-height-default\" data-id=\"f9b6c4d\" data-element_type=\"section\" data-e-type=\"section\">\n\t\t\t\t\t\t<div class=\"elementor-container elementor-column-gap-default\">\n\t\t\t\t\t<div class=\"elementor-column elementor-col-50 elementor-inner-column elementor-element elementor-element-72ad22e\" data-id=\"72ad22e\" data-element_type=\"column\" data-e-type=\"column\">\n\t\t\t<div class=\"elementor-widget-wrap elementor-element-populated\">\n\t\t\t\t\t\t<div class=\"elementor-element elementor-element-9d00b4a elementor-widget elementor-widget-text-editor\" data-id=\"9d00b4a\" data-element_type=\"widget\" data-e-type=\"widget\" data-widget_type=\"text-editor.default\">\n\t\t\t\t<div class=\"elementor-widget-container\">\n\t\t\t\t\t\t\t\t\t<p><strong>Conductores semanales:\u00a0<\/strong>El martes por la ma\u00f1ana, los conductores regulares recogen y entregan los env\u00edos preparados. Solo se puede llegar a la mayor\u00eda de las escuelas, en aldeas pobres y remotas, a trav\u00e9s de kil\u00f3metros de caminos sin pavimentar, de dif\u00edcil acceso en autom\u00f3vil o camioneta, especialmente durante la temporada de lluvias. Los conductores voluntarios utilizan sus propios veh\u00edculos y combustible para entregar alimentos y suministros de cocina.<\/p>\t\t\t\t\t\t\t\t<\/div>\n\t\t\t\t<\/div>\n\t\t\t\t\t<\/div>\n\t\t<\/div>\n\t\t\t\t<div class=\"elementor-column elementor-col-50 elementor-inner-column elementor-element elementor-element-8f4ee9d\" data-id=\"8f4ee9d\" data-element_type=\"column\" data-e-type=\"column\">\n\t\t\t<div class=\"elementor-widget-wrap elementor-element-populated\">\n\t\t\t\t\t\t<div class=\"elementor-element elementor-element-0c3d481 elementor-widget elementor-widget-image\" data-id=\"0c3d481\" data-element_type=\"widget\" data-e-type=\"widget\" data-widget_type=\"image.default\">\n\t\t\t\t<div class=\"elementor-widget-container\">\n\t\t\t\t\t\t\t\t\t\t\t\t\t\t\t<img decoding=\"async\" width=\"472\" height=\"385\" src=\"https:\/\/www.sanmiguelsinhambre.org\/wp-content\/uploads\/2022\/05\/volunteer2.png\" class=\"attachment-large size-large wp-image-5685\" alt=\"\" srcset=\"https:\/\/www.sanmiguelsinhambre.org\/wp-content\/uploads\/2022\/05\/volunteer2.png 472w, https:\/\/www.sanmiguelsinhambre.org\/wp-content\/uploads\/2022\/05\/volunteer2-300x245.png 300w\" sizes=\"(max-width: 472px) 100vw, 472px\" loading=\"lazy\" \/>\t\t\t\t\t\t\t\t\t\t\t\t\t\t\t<\/div>\n\t\t\t\t<\/div>\n\t\t\t\t\t<\/div>\n\t\t<\/div>\n\t\t\t\t\t<\/div>\n\t\t<\/section>\n\t\t\t\t<div class=\"elementor-element elementor-element-6b503f0 elementor-widget elementor-widget-text-editor\" data-id=\"6b503f0\" data-element_type=\"widget\" data-e-type=\"widget\" data-widget_type=\"text-editor.default\">\n\t\t\t\t<div class=\"elementor-widget-container\">\n\t\t\t\t\t\t\t\t\t<p>Cada conductor tiene un destino escolar designado y hace el viaje semanalmente, durante el a\u00f1o escolar de finales de agosto a principios de julio en M\u00e9xico.<\/p><p><strong>Oportunidades adicionales:\u00a0<\/strong>Los voluntarios brindan talento y tiempo para producir y ejecutar nuestros eventos de recaudaci\u00f3n de fondos y para ensamblar nuestros materiales de campa\u00f1a de correo directo.<strong>\u00a0\u00a0<\/strong><\/p><p><strong>Maestros de Los Ricos: <\/strong>Un grupo de voluntarios ense\u00f1a ingl\u00e9s a ni\u00f1os y adultos en la comunidad de Los Ricos de Abajo. Este grupo tambi\u00e9n recauda fondos para un Programa de Becas.<\/p><p>To contact the volunteer coordinators <a href=\"mailto:volunteers@feedthehungrysma.org\">CLICK HERE TO SIGN UP<\/a> or email them at <a href=\"mailto:volunteers@feedthehungrysma.org\">volunteers@feedthehungrysma.org<\/a><\/p>\t\t\t\t\t\t\t\t<\/div>\n\t\t\t\t<\/div>\n\t\t\t\t<div class=\"elementor-element elementor-element-9952758 elementor-widget elementor-widget-image\" data-id=\"9952758\" data-element_type=\"widget\" data-e-type=\"widget\" data-widget_type=\"image.default\">\n\t\t\t\t<div class=\"elementor-widget-container\">\n\t\t\t\t\t\t\t\t\t\t\t\t\t\t\t<img decoding=\"async\" width=\"473\" height=\"399\" src=\"https:\/\/www.sanmiguelsinhambre.org\/wp-content\/uploads\/2022\/05\/volunteer3.png\" class=\"attachment-large size-large wp-image-5689\" alt=\"\" srcset=\"https:\/\/www.sanmiguelsinhambre.org\/wp-content\/uploads\/2022\/05\/volunteer3.png 473w, https:\/\/www.sanmiguelsinhambre.org\/wp-content\/uploads\/2022\/05\/volunteer3-300x253.png 300w\" sizes=\"(max-width: 473px) 100vw, 473px\" loading=\"lazy\" \/>\t\t\t\t\t\t\t\t\t\t\t\t\t\t\t<\/div>\n\t\t\t\t<\/div>\n\t\t\t\t\t<\/div>\n\t\t<\/div>\n\t\t\t\t\t<\/div>\n\t\t<\/section>\n\t\t\t\t<\/div>","protected":false},"excerpt":{"rendered":"<p>Volunteers\u00a0are an important part of Feed the Hungry San Miguel\u2019s operations. We could not operate as effectively or efficiently without their dedicated support. Weekly Warehouse Workers:\u00a0A small group of regular volunteers meet at the Feed the Hungry Center (warehouse and operations facility) on Monday morning every week that school is in session. In less than [&hellip;]<\/p>\n","protected":false},"author":279,"featured_media":3003,"parent":0,"menu_order":0,"comment_status":"closed","ping_status":"closed","template":"elementor_theme","meta":{"site-sidebar-layout":"right-sidebar","site-content-layout":"boxed-container","ast-site-content-layout":"default","site-content-style":"default","site-sidebar-style":"default","ast-global-header-display":"","ast-banner-title-visibility":"","ast-main-header-display":"","ast-hfb-above-header-display":"","ast-hfb-below-header-display":"","ast-hfb-mobile-header-display":"","site-post-title":"","ast-breadcrumbs-content":"","ast-featured-img":"disabled","footer-sml-layout":"","ast-disable-related-posts":"","theme-transparent-header-meta":"","adv-header-id-meta":"","stick-header-meta":"","header-above-stick-meta":"","header-main-stick-meta":"","header-below-stick-meta":"","astra-migrate-meta-layouts":"default","ast-page-background-enabled":"default","ast-page-background-meta":{"desktop":{"background-color":"","background-image":"","background-repeat":"repeat","background-position":"center center","background-size":"auto","background-attachment":"scroll","background-type":"","background-media":"","overlay-type":"","overlay-color":"","overlay-opacity":"","overlay-gradient":""},"tablet":{"background-color":"","background-image":"","background-repeat":"repeat","background-position":"center center","background-size":"auto","background-attachment":"scroll","background-type":"","background-media":"","overlay-type":"","overlay-color":"","overlay-opacity":"","overlay-gradient":""},"mobile":{"background-color":"","background-image":"","background-repeat":"repeat","background-position":"center center","background-size":"auto","background-attachment":"scroll","background-type":"","background-media":"","overlay-type":"","overlay-color":"","overlay-opacity":"","overlay-gradient":""}},"ast-content-background-meta":{"desktop":{"background-color":"var(--ast-global-color-5)","background-image":"","background-repeat":"repeat","background-position":"center center","background-size":"auto","background-attachment":"scroll","background-type":"","background-media":"","overlay-type":"","overlay-color":"","overlay-opacity":"","overlay-gradient":""},"tablet":{"background-color":"var(--ast-global-color-5)","background-image":"","background-repeat":"repeat","background-position":"center center","background-size":"auto","background-attachment":"scroll","background-type":"","background-media":"","overlay-type":"","overlay-color":"","overlay-opacity":"","overlay-gradient":""},"mobile":{"background-color":"var(--ast-global-color-5)","background-image":"","background-repeat":"repeat","background-position":"center center","background-size":"auto","background-attachment":"scroll","background-type":"","background-media":"","overlay-type":"","overlay-color":"","overlay-opacity":"","overlay-gradient":""}},"cybocfi_hide_featured_image":"","_joinchat":[],"footnotes":""},"class_list":["post-3000","page","type-page","status-publish","has-post-thumbnail","hentry"],"yoast_head":"<!-- This site is optimized with the Yoast SEO plugin v27.3 - https:\/\/yoast.com\/product\/yoast-seo-wordpress\/ -->\n<title>Volunteer - Feed the Hungry San Miguel<\/title>\n<meta name=\"robots\" content=\"index, follow, max-snippet:-1, max-image-preview:large, max-video-preview:-1\" \/>\n<link rel=\"canonical\" href=\"https:\/\/www.feedthehungrysma.org\/es\/volunteer\/\" \/>\n<meta property=\"og:locale\" content=\"es_MX\" \/>\n<meta property=\"og:type\" content=\"article\" \/>\n<meta property=\"og:title\" content=\"Volunteer - Feed the Hungry San Miguel\" \/>\n<meta property=\"og:description\" content=\"Volunteers\u00a0are an important part of Feed the Hungry San Miguel\u2019s operations. We could not operate as effectively or efficiently without their dedicated support. Weekly Warehouse Workers:\u00a0A small group of regular volunteers meet at the Feed the Hungry Center (warehouse and operations facility) on Monday morning every week that school is in session. In less than [&hellip;]\" \/>\n<meta property=\"og:url\" content=\"https:\/\/www.feedthehungrysma.org\/es\/volunteer\/\" \/>\n<meta property=\"og:site_name\" content=\"Feed the Hungry San Miguel\" \/>\n<meta property=\"article:publisher\" content=\"https:\/\/www.facebook.com\/FeedtheHungrySMA\/\" \/>\n<meta property=\"article:modified_time\" content=\"2026-01-22T01:02:23+00:00\" \/>\n<meta property=\"og:image\" content=\"https:\/\/www.feedthehungrysma.org\/wp-content\/uploads\/2022\/02\/Volunteers.jpg\" \/>\n\t<meta property=\"og:image:width\" content=\"780\" \/>\n\t<meta property=\"og:image:height\" content=\"437\" \/>\n\t<meta property=\"og:image:type\" content=\"image\/jpeg\" \/>\n<meta name=\"twitter:card\" content=\"summary_large_image\" \/>\n<meta name=\"twitter:site\" content=\"@FTHSanMiguel\" \/>\n<meta name=\"twitter:label1\" content=\"Tiempo de lectura\" \/>\n\t<meta name=\"twitter:data1\" content=\"2 minutos\" \/>\n<script type=\"application\/ld+json\" class=\"yoast-schema-graph\">{\"@context\":\"https:\\\/\\\/schema.org\",\"@graph\":[{\"@type\":\"WebPage\",\"@id\":\"https:\\\/\\\/www.feedthehungrysma.org\\\/volunteer\\\/\",\"url\":\"https:\\\/\\\/www.feedthehungrysma.org\\\/volunteer\\\/\",\"name\":\"Volunteer - Feed the Hungry San Miguel\",\"isPartOf\":{\"@id\":\"https:\\\/\\\/www.feedthehungrysma.org\\\/#website\"},\"primaryImageOfPage\":{\"@id\":\"https:\\\/\\\/www.feedthehungrysma.org\\\/volunteer\\\/#primaryimage\"},\"image\":{\"@id\":\"https:\\\/\\\/www.feedthehungrysma.org\\\/volunteer\\\/#primaryimage\"},\"thumbnailUrl\":\"https:\\\/\\\/www.feedthehungrysma.org\\\/wp-content\\\/uploads\\\/2022\\\/02\\\/Volunteers.jpg\",\"datePublished\":\"2022-02-11T17:44:56+00:00\",\"dateModified\":\"2026-01-22T01:02:23+00:00\",\"breadcrumb\":{\"@id\":\"https:\\\/\\\/www.feedthehungrysma.org\\\/volunteer\\\/#breadcrumb\"},\"inLanguage\":\"es\",\"potentialAction\":[{\"@type\":\"ReadAction\",\"target\":[\"https:\\\/\\\/www.feedthehungrysma.org\\\/volunteer\\\/\"]}]},{\"@type\":\"ImageObject\",\"inLanguage\":\"es\",\"@id\":\"https:\\\/\\\/www.feedthehungrysma.org\\\/volunteer\\\/#primaryimage\",\"url\":\"https:\\\/\\\/www.feedthehungrysma.org\\\/wp-content\\\/uploads\\\/2022\\\/02\\\/Volunteers.jpg\",\"contentUrl\":\"https:\\\/\\\/www.feedthehungrysma.org\\\/wp-content\\\/uploads\\\/2022\\\/02\\\/Volunteers.jpg\",\"width\":780,\"height\":437},{\"@type\":\"BreadcrumbList\",\"@id\":\"https:\\\/\\\/www.feedthehungrysma.org\\\/volunteer\\\/#breadcrumb\",\"itemListElement\":[{\"@type\":\"ListItem\",\"position\":1,\"name\":\"Home\",\"item\":\"https:\\\/\\\/www.feedthehungrysma.org\\\/\"},{\"@type\":\"ListItem\",\"position\":2,\"name\":\"Volunteer\"}]},{\"@type\":\"WebSite\",\"@id\":\"https:\\\/\\\/www.feedthehungrysma.org\\\/#website\",\"url\":\"https:\\\/\\\/www.feedthehungrysma.org\\\/\",\"name\":\"Feed the Hungry San Miguel\",\"description\":\"\",\"publisher\":{\"@id\":\"https:\\\/\\\/www.feedthehungrysma.org\\\/#organization\"},\"potentialAction\":[{\"@type\":\"SearchAction\",\"target\":{\"@type\":\"EntryPoint\",\"urlTemplate\":\"https:\\\/\\\/www.feedthehungrysma.org\\\/?s={search_term_string}\"},\"query-input\":{\"@type\":\"PropertyValueSpecification\",\"valueRequired\":true,\"valueName\":\"search_term_string\"}}],\"inLanguage\":\"es\"},{\"@type\":\"Organization\",\"@id\":\"https:\\\/\\\/www.feedthehungrysma.org\\\/#organization\",\"name\":\"Feed the Hungry San Miguel A.C\",\"url\":\"https:\\\/\\\/www.feedthehungrysma.org\\\/\",\"logo\":{\"@type\":\"ImageObject\",\"inLanguage\":\"es\",\"@id\":\"https:\\\/\\\/www.feedthehungrysma.org\\\/#\\\/schema\\\/logo\\\/image\\\/\",\"url\":\"https:\\\/\\\/www.feedthehungrysma.org\\\/wp-content\\\/uploads\\\/2023\\\/12\\\/fth_40anos_v2.png\",\"contentUrl\":\"https:\\\/\\\/www.feedthehungrysma.org\\\/wp-content\\\/uploads\\\/2023\\\/12\\\/fth_40anos_v2.png\",\"width\":554,\"height\":178,\"caption\":\"Feed the Hungry San Miguel A.C\"},\"image\":{\"@id\":\"https:\\\/\\\/www.feedthehungrysma.org\\\/#\\\/schema\\\/logo\\\/image\\\/\"},\"sameAs\":[\"https:\\\/\\\/www.facebook.com\\\/FeedtheHungrySMA\\\/\",\"https:\\\/\\\/x.com\\\/FTHSanMiguel\",\"https:\\\/\\\/www.instagram.com\\\/FeedTheHungrySMA\\\/\",\"https:\\\/\\\/www.youtube.com\\\/channel\\\/UC1pXgylwryRMKsayIP9bPIA\"]}]}<\/script>\n<!-- \/ Yoast SEO plugin. -->","yoast_head_json":{"title":"Volunteer - Feed the Hungry San Miguel","robots":{"index":"index","follow":"follow","max-snippet":"max-snippet:-1","max-image-preview":"max-image-preview:large","max-video-preview":"max-video-preview:-1"},"canonical":"https:\/\/www.feedthehungrysma.org\/es\/volunteer\/","og_locale":"es_MX","og_type":"article","og_title":"Volunteer - Feed the Hungry San Miguel","og_description":"Volunteers\u00a0are an important part of Feed the Hungry San Miguel\u2019s operations. We could not operate as effectively or efficiently without their dedicated support. Weekly Warehouse Workers:\u00a0A small group of regular volunteers meet at the Feed the Hungry Center (warehouse and operations facility) on Monday morning every week that school is in session. In less than [&hellip;]","og_url":"https:\/\/www.feedthehungrysma.org\/es\/volunteer\/","og_site_name":"Feed the Hungry San Miguel","article_publisher":"https:\/\/www.facebook.com\/FeedtheHungrySMA\/","article_modified_time":"2026-01-22T01:02:23+00:00","og_image":[{"width":780,"height":437,"url":"https:\/\/www.feedthehungrysma.org\/wp-content\/uploads\/2022\/02\/Volunteers.jpg","type":"image\/jpeg"}],"twitter_card":"summary_large_image","twitter_site":"@FTHSanMiguel","twitter_misc":{"Tiempo de lectura":"2 minutos"},"schema":{"@context":"https:\/\/schema.org","@graph":[{"@type":"WebPage","@id":"https:\/\/www.feedthehungrysma.org\/volunteer\/","url":"https:\/\/www.feedthehungrysma.org\/volunteer\/","name":"Volunteer - Feed the Hungry San Miguel","isPartOf":{"@id":"https:\/\/www.feedthehungrysma.org\/#website"},"primaryImageOfPage":{"@id":"https:\/\/www.feedthehungrysma.org\/volunteer\/#primaryimage"},"image":{"@id":"https:\/\/www.feedthehungrysma.org\/volunteer\/#primaryimage"},"thumbnailUrl":"https:\/\/www.feedthehungrysma.org\/wp-content\/uploads\/2022\/02\/Volunteers.jpg","datePublished":"2022-02-11T17:44:56+00:00","dateModified":"2026-01-22T01:02:23+00:00","breadcrumb":{"@id":"https:\/\/www.feedthehungrysma.org\/volunteer\/#breadcrumb"},"inLanguage":"es","potentialAction":[{"@type":"ReadAction","target":["https:\/\/www.feedthehungrysma.org\/volunteer\/"]}]},{"@type":"ImageObject","inLanguage":"es","@id":"https:\/\/www.feedthehungrysma.org\/volunteer\/#primaryimage","url":"https:\/\/www.feedthehungrysma.org\/wp-content\/uploads\/2022\/02\/Volunteers.jpg","contentUrl":"https:\/\/www.feedthehungrysma.org\/wp-content\/uploads\/2022\/02\/Volunteers.jpg","width":780,"height":437},{"@type":"BreadcrumbList","@id":"https:\/\/www.feedthehungrysma.org\/volunteer\/#breadcrumb","itemListElement":[{"@type":"ListItem","position":1,"name":"Home","item":"https:\/\/www.feedthehungrysma.org\/"},{"@type":"ListItem","position":2,"name":"Volunteer"}]},{"@type":"WebSite","@id":"https:\/\/www.feedthehungrysma.org\/#website","url":"https:\/\/www.feedthehungrysma.org\/","name":"Feed the Hungry San Miguel","description":"","publisher":{"@id":"https:\/\/www.feedthehungrysma.org\/#organization"},"potentialAction":[{"@type":"SearchAction","target":{"@type":"EntryPoint","urlTemplate":"https:\/\/www.feedthehungrysma.org\/?s={search_term_string}"},"query-input":{"@type":"PropertyValueSpecification","valueRequired":true,"valueName":"search_term_string"}}],"inLanguage":"es"},{"@type":"Organization","@id":"https:\/\/www.feedthehungrysma.org\/#organization","name":"Feed the Hungry San Miguel A.C","url":"https:\/\/www.feedthehungrysma.org\/","logo":{"@type":"ImageObject","inLanguage":"es","@id":"https:\/\/www.feedthehungrysma.org\/#\/schema\/logo\/image\/","url":"https:\/\/www.feedthehungrysma.org\/wp-content\/uploads\/2023\/12\/fth_40anos_v2.png","contentUrl":"https:\/\/www.feedthehungrysma.org\/wp-content\/uploads\/2023\/12\/fth_40anos_v2.png","width":554,"height":178,"caption":"Feed the Hungry San Miguel A.C"},"image":{"@id":"https:\/\/www.feedthehungrysma.org\/#\/schema\/logo\/image\/"},"sameAs":["https:\/\/www.facebook.com\/FeedtheHungrySMA\/","https:\/\/x.com\/FTHSanMiguel","https:\/\/www.instagram.com\/FeedTheHungrySMA\/","https:\/\/www.youtube.com\/channel\/UC1pXgylwryRMKsayIP9bPIA"]}]}},"rttpg_featured_image_url":{"full":["https:\/\/www.feedthehungrysma.org\/wp-content\/uploads\/2022\/02\/Volunteers.jpg",780,437,false],"landscape":["https:\/\/www.feedthehungrysma.org\/wp-content\/uploads\/2022\/02\/Volunteers.jpg",780,437,false],"portraits":["https:\/\/www.feedthehungrysma.org\/wp-content\/uploads\/2022\/02\/Volunteers.jpg",780,437,false],"thumbnail":["https:\/\/www.feedthehungrysma.org\/wp-content\/uploads\/2022\/02\/Volunteers-150x150.jpg",150,150,true],"medium":["https:\/\/www.feedthehungrysma.org\/wp-content\/uploads\/2022\/02\/Volunteers-300x168.jpg",300,168,true],"large":["https:\/\/www.feedthehungrysma.org\/wp-content\/uploads\/2022\/02\/Volunteers.jpg",780,437,false],"1536x1536":["https:\/\/www.feedthehungrysma.org\/wp-content\/uploads\/2022\/02\/Volunteers.jpg",780,437,false],"2048x2048":["https:\/\/www.feedthehungrysma.org\/wp-content\/uploads\/2022\/02\/Volunteers.jpg",780,437,false],"trp-custom-language-flag":["https:\/\/www.feedthehungrysma.org\/wp-content\/uploads\/2022\/02\/Volunteers.jpg",18,10,false]},"rttpg_author":{"display_name":"Soporte Core Group Solutions","author_link":"https:\/\/www.feedthehungrysma.org\/es\/author\/soporte-fth\/"},"rttpg_comment":0,"rttpg_category":null,"rttpg_excerpt":"Volunteers\u00a0are an important part of Feed the Hungry San Miguel\u2019s operations. We could not operate as effectively or efficiently without their dedicated support. Weekly Warehouse Workers:\u00a0A small group of regular volunteers meet at the Feed the Hungry Center (warehouse and operations facility) on Monday morning every week that school is in session. In less than&hellip;","_links":{"self":[{"href":"https:\/\/www.feedthehungrysma.org\/es\/wp-json\/wp\/v2\/pages\/3000","targetHints":{"allow":["GET"]}}],"collection":[{"href":"https:\/\/www.feedthehungrysma.org\/es\/wp-json\/wp\/v2\/pages"}],"about":[{"href":"https:\/\/www.feedthehungrysma.org\/es\/wp-json\/wp\/v2\/types\/page"}],"author":[{"embeddable":true,"href":"https:\/\/www.feedthehungrysma.org\/es\/wp-json\/wp\/v2\/users\/279"}],"replies":[{"embeddable":true,"href":"https:\/\/www.feedthehungrysma.org\/es\/wp-json\/wp\/v2\/comments?post=3000"}],"version-history":[{"count":33,"href":"https:\/\/www.feedthehungrysma.org\/es\/wp-json\/wp\/v2\/pages\/3000\/revisions"}],"predecessor-version":[{"id":13334,"href":"https:\/\/www.feedthehungrysma.org\/es\/wp-json\/wp\/v2\/pages\/3000\/revisions\/13334"}],"wp:featuredmedia":[{"embeddable":true,"href":"https:\/\/www.feedthehungrysma.org\/es\/wp-json\/wp\/v2\/media\/3003"}],"wp:attachment":[{"href":"https:\/\/www.feedthehungrysma.org\/es\/wp-json\/wp\/v2\/media?parent=3000"}],"curies":[{"name":"wp","href":"https:\/\/api.w.org\/{rel}","templated":true}]}}