{"id":2984,"date":"2022-02-11T11:24:12","date_gmt":"2022-02-11T17:24:12","guid":{"rendered":"https:\/\/www.feedthehungrysma.org\/?page_id=2984"},"modified":"2023-12-06T12:28:29","modified_gmt":"2023-12-06T18:28:29","slug":"sponsor-a-kitchen","status":"publish","type":"page","link":"https:\/\/www.feedthehungrysma.org\/es\/sponsor-a-kitchen\/","title":{"rendered":"Patrocina una cocina"},"content":{"rendered":"<div data-elementor-type=\"wp-page\" data-elementor-id=\"2984\" class=\"elementor elementor-2984\" data-elementor-post-type=\"page\">\n\t\t\t\t\t\t<section class=\"elementor-section elementor-top-section elementor-element elementor-element-d4c14cb elementor-section-boxed elementor-section-height-default elementor-section-height-default\" data-id=\"d4c14cb\" data-element_type=\"section\" data-e-type=\"section\">\n\t\t\t\t\t\t<div class=\"elementor-container elementor-column-gap-default\">\n\t\t\t\t\t<div class=\"elementor-column elementor-col-100 elementor-top-column elementor-element elementor-element-a44df69\" data-id=\"a44df69\" data-element_type=\"column\" data-e-type=\"column\">\n\t\t\t<div class=\"elementor-widget-wrap elementor-element-populated\">\n\t\t\t\t\t\t<div class=\"elementor-element elementor-element-c4dc348 elementor-widget elementor-widget-image\" data-id=\"c4dc348\" data-element_type=\"widget\" data-e-type=\"widget\" data-widget_type=\"image.default\">\n\t\t\t\t<div class=\"elementor-widget-container\">\n\t\t\t\t\t\t\t\t\t\t\t\t\t\t\t<img decoding=\"async\" src=\"https:\/\/23.102.170.58\/wp-content\/uploads\/elementor\/thumbs\/241752747_4409072299152143_7290449069479411515_n-1024x682-1-pofody8b04yp6vh5zc9c0zo8bsgsyzi787fmn88kxs.jpg\" title=\"241752747_4409072299152143_7290449069479411515_n-1024\u00d7682\" alt=\"241752747_4409072299152143_7290449069479411515_n-1024x682\" loading=\"lazy\" \/>\t\t\t\t\t\t\t\t\t\t\t\t\t\t\t<\/div>\n\t\t\t\t<\/div>\n\t\t\t\t<div class=\"elementor-element elementor-element-f2a543c elementor-widget elementor-widget-text-editor\" data-id=\"f2a543c\" data-element_type=\"widget\" data-e-type=\"widget\" data-widget_type=\"text-editor.default\">\n\t\t\t\t<div class=\"elementor-widget-container\">\n\t\t\t\t\t\t\t\t\t<div class=\"elementor-element elementor-element-4a5ab44 elementor-widget elementor-widget-text-editor\" data-id=\"4a5ab44\" data-element_type=\"widget\" data-widget_type=\"text-editor.default\"><div class=\"elementor-widget-container\"><div class=\"elementor-text-editor elementor-clearfix\"><p>El patrocinio de una cocina escolar brinda a los donantes una conexi\u00f3n m\u00e1s personal con el destino de sus donaciones. Tambi\u00e9n es una excelente manera de hacer algo significativo como familia, grupos de amigos o compa\u00f1eros de trabajo.\u00a0<strong>\u00c1ngeles de la cocina<\/strong>\u00a0recibir actualizaciones peri\u00f3dicas sobre el progreso en sus escuelas patrocinadas y, si lo desean, tambi\u00e9n recorridos por las escuelas.<\/p><\/div><\/div><\/div><div class=\"elementor-element elementor-element-edd8cab elementor-widget elementor-widget-text-editor\" data-id=\"edd8cab\" data-element_type=\"widget\" data-widget_type=\"text-editor.default\"><div class=\"elementor-widget-container\"><div class=\"elementor-text-editor elementor-clearfix\"><p>Cientos de ni\u00f1os hambrientos en comunidades empobrecidas esperan ayuda. Se han identificado varias escuelas candidatas que cumplen con los criterios para recibir apoyo de Feed the Hungry San Miguel, pero necesitamos su ayuda para sacarlas de la &quot;lista de espera&quot; y pasarlas al programa Hot Meals.<\/p><\/div><\/div><\/div>\t\t\t\t\t\t\t\t<\/div>\n\t\t\t\t<\/div>\n\t\t\t\t<div class=\"elementor-element elementor-element-f4c0df5 elementor-widget elementor-widget-image\" data-id=\"f4c0df5\" data-element_type=\"widget\" data-e-type=\"widget\" data-widget_type=\"image.default\">\n\t\t\t\t<div class=\"elementor-widget-container\">\n\t\t\t\t\t\t\t\t\t\t\t\t\t\t\t<img fetchpriority=\"high\" decoding=\"async\" width=\"476\" height=\"316\" src=\"https:\/\/23.102.170.58\/wp-content\/uploads\/2022\/05\/sponsor.png\" class=\"attachment-full size-full wp-image-5665\" alt=\"\" srcset=\"https:\/\/23.102.170.58\/wp-content\/uploads\/2022\/05\/sponsor.png 476w, https:\/\/23.102.170.58\/wp-content\/uploads\/2022\/05\/sponsor-300x199.png 300w\" sizes=\"(max-width: 476px) 100vw, 476px\" \/>\t\t\t\t\t\t\t\t\t\t\t\t\t\t\t<\/div>\n\t\t\t\t<\/div>\n\t\t\t\t<div class=\"elementor-element elementor-element-eb4133b elementor-widget elementor-widget-image\" data-id=\"eb4133b\" data-element_type=\"widget\" data-e-type=\"widget\" data-widget_type=\"image.default\">\n\t\t\t\t<div class=\"elementor-widget-container\">\n\t\t\t\t\t\t\t\t\t\t\t\t\t\t\t<img decoding=\"async\" width=\"400\" height=\"312\" src=\"https:\/\/23.102.170.58\/wp-content\/uploads\/2022\/02\/kitchen-angel-logo-copy-p9jmhxtdgd75gsrs8mcg650n8txtrfdhyw62q25nhs.jpg\" class=\"attachment-large size-large wp-image-2987\" alt=\"\" srcset=\"https:\/\/23.102.170.58\/wp-content\/uploads\/2022\/02\/kitchen-angel-logo-copy-p9jmhxtdgd75gsrs8mcg650n8txtrfdhyw62q25nhs.jpg 400w, https:\/\/23.102.170.58\/wp-content\/uploads\/2022\/02\/kitchen-angel-logo-copy-p9jmhxtdgd75gsrs8mcg650n8txtrfdhyw62q25nhs-300x234.jpg 300w\" sizes=\"(max-width: 400px) 100vw, 400px\" loading=\"lazy\" \/>\t\t\t\t\t\t\t\t\t\t\t\t\t\t\t<\/div>\n\t\t\t\t<\/div>\n\t\t\t\t<div class=\"elementor-element elementor-element-39deb97 elementor-widget elementor-widget-text-editor\" data-id=\"39deb97\" data-element_type=\"widget\" data-e-type=\"widget\" data-widget_type=\"text-editor.default\">\n\t\t\t\t<div class=\"elementor-widget-container\">\n\t\t\t\t\t\t\t\t\t<p>A\u00a0<strong>\u00c1ngel de la cocina<\/strong>\u00a0es un individuo, familia, corporaci\u00f3n, organizaci\u00f3n o grupo que patrocina el programa de Comidas Calientes para una escuela donde Feed the Hungry San Miguel est\u00e1 operando una cocina. Cada Kitchen Angel hace un compromiso de tres a\u00f1os con una escuela y comunidad en particular. Kitchen Angels actualmente apoya el programa de comidas para menos de la mitad de las 36 cocinas escolares de Feed the Hungry San Miguel. El rango de apoyo monetario necesario depende del tama\u00f1o de la escuela\/n\u00famero de estudiantes. El rango t\u00edpico es de US$10,000 a $25,000 por a\u00f1o.<\/p><p>Su patrocinio de una escuela actualmente sin patrocinio nos permite ampliar nuestro alcance para abrir una nueva cocina en una comunidad empobrecida sin servicios.<\/p><p>Por favor\u00a0<a href=\"https:\/\/www.feedthehungrysma.org\/es\/contact-us\/\"><strong>contacto<\/strong> <strong>nosotros<\/strong><\/a>\u00a0para aprender c\u00f3mo usted tambi\u00e9n puede convertirse en un\u00a0<strong>\u00c1ngel de la cocina<\/strong>.<\/p>\t\t\t\t\t\t\t\t<\/div>\n\t\t\t\t<\/div>\n\t\t\t\t<div class=\"elementor-element elementor-element-26faf39 elementor-widget elementor-widget-image\" data-id=\"26faf39\" data-element_type=\"widget\" data-e-type=\"widget\" data-widget_type=\"image.default\">\n\t\t\t\t<div class=\"elementor-widget-container\">\n\t\t\t\t\t\t\t\t\t\t\t\t\t\t\t<img decoding=\"async\" width=\"505\" height=\"330\" src=\"https:\/\/23.102.170.58\/wp-content\/uploads\/2022\/02\/New-Facilities-for-La-Medina-School-Children.jpg\" class=\"attachment-large size-large wp-image-3481\" alt=\"\" srcset=\"https:\/\/23.102.170.58\/wp-content\/uploads\/2022\/02\/New-Facilities-for-La-Medina-School-Children.jpg 505w, https:\/\/23.102.170.58\/wp-content\/uploads\/2022\/02\/New-Facilities-for-La-Medina-School-Children-300x196.jpg 300w\" sizes=\"(max-width: 505px) 100vw, 505px\" loading=\"lazy\" \/>\t\t\t\t\t\t\t\t\t\t\t\t\t\t\t<\/div>\n\t\t\t\t<\/div>\n\t\t\t\t\t<\/div>\n\t\t<\/div>\n\t\t\t\t\t<\/div>\n\t\t<\/section>\n\t\t\t\t<\/div>","protected":false},"excerpt":{"rendered":"<p>Sponsorship of a school-kitchen provides donors with a more personal connection to where their donations go. It is also a great way to do something meaningful as a family, groups of friends, or coworkers.\u00a0Kitchen Angels\u00a0receive regular updates on progress at their sponsored schools and, if they like, tours of the schools as well. Hundreds of [&hellip;]<\/p>\n","protected":false},"author":279,"featured_media":2987,"parent":0,"menu_order":0,"comment_status":"closed","ping_status":"closed","template":"elementor_theme","meta":{"site-sidebar-layout":"right-sidebar","site-content-layout":"boxed-container","ast-site-content-layout":"normal-width-container","site-content-style":"boxed","site-sidebar-style":"boxed","ast-global-header-display":"","ast-banner-title-visibility":"","ast-main-header-display":"","ast-hfb-above-header-display":"","ast-hfb-below-header-display":"","ast-hfb-mobile-header-display":"","site-post-title":"","ast-breadcrumbs-content":"","ast-featured-img":"","footer-sml-layout":"","ast-disable-related-posts":"","theme-transparent-header-meta":"","adv-header-id-meta":"","stick-header-meta":"","header-above-stick-meta":"","header-main-stick-meta":"","header-below-stick-meta":"","astra-migrate-meta-layouts":"set","ast-page-background-enabled":"default","ast-page-background-meta":{"desktop":{"background-color":"","background-image":"","background-repeat":"repeat","background-position":"center center","background-size":"auto","background-attachment":"scroll","background-type":"","background-media":"","overlay-type":"","overlay-color":"","overlay-opacity":"","overlay-gradient":""},"tablet":{"background-color":"","background-image":"","background-repeat":"repeat","background-position":"center center","background-size":"auto","background-attachment":"scroll","background-type":"","background-media":"","overlay-type":"","overlay-color":"","overlay-opacity":"","overlay-gradient":""},"mobile":{"background-color":"","background-image":"","background-repeat":"repeat","background-position":"center center","background-size":"auto","background-attachment":"scroll","background-type":"","background-media":"","overlay-type":"","overlay-color":"","overlay-opacity":"","overlay-gradient":""}},"ast-content-background-meta":{"desktop":{"background-color":"var(--ast-global-color-5)","background-image":"","background-repeat":"repeat","background-position":"center center","background-size":"auto","background-attachment":"scroll","background-type":"","background-media":"","overlay-type":"","overlay-color":"","overlay-opacity":"","overlay-gradient":""},"tablet":{"background-color":"var(--ast-global-color-5)","background-image":"","background-repeat":"repeat","background-position":"center center","background-size":"auto","background-attachment":"scroll","background-type":"","background-media":"","overlay-type":"","overlay-color":"","overlay-opacity":"","overlay-gradient":""},"mobile":{"background-color":"var(--ast-global-color-5)","background-image":"","background-repeat":"repeat","background-position":"center center","background-size":"auto","background-attachment":"scroll","background-type":"","background-media":"","overlay-type":"","overlay-color":"","overlay-opacity":"","overlay-gradient":""}},"cybocfi_hide_featured_image":"yes","_joinchat":[],"footnotes":""},"class_list":["post-2984","page","type-page","status-publish","has-post-thumbnail","hentry"],"yoast_head":"<!-- This site is optimized with the Yoast SEO plugin v27.3 - https:\/\/yoast.com\/product\/yoast-seo-wordpress\/ -->\n<title>Sponsor a Kitchen - Feed the Hungry San Miguel<\/title>\n<meta name=\"robots\" content=\"index, follow, max-snippet:-1, max-image-preview:large, max-video-preview:-1\" \/>\n<link rel=\"canonical\" href=\"https:\/\/23.102.170.58\/es\/sponsor-a-kitchen\/\" \/>\n<meta property=\"og:locale\" content=\"es_MX\" \/>\n<meta property=\"og:type\" content=\"article\" \/>\n<meta property=\"og:title\" content=\"Sponsor a Kitchen - Feed the Hungry San Miguel\" \/>\n<meta property=\"og:description\" content=\"Sponsorship of a school-kitchen provides donors with a more personal connection to where their donations go. It is also a great way to do something meaningful as a family, groups of friends, or coworkers.\u00a0Kitchen Angels\u00a0receive regular updates on progress at their sponsored schools and, if they like, tours of the schools as well. Hundreds of [&hellip;]\" \/>\n<meta property=\"og:url\" content=\"https:\/\/23.102.170.58\/es\/sponsor-a-kitchen\/\" \/>\n<meta property=\"og:site_name\" content=\"Feed the Hungry San Miguel\" \/>\n<meta property=\"article:publisher\" content=\"https:\/\/www.facebook.com\/FeedtheHungrySMA\/\" \/>\n<meta property=\"article:modified_time\" content=\"2023-12-06T18:28:29+00:00\" \/>\n<meta property=\"og:image\" content=\"https:\/\/23.102.170.58\/wp-content\/uploads\/2022\/02\/kitchen-angel-logo-copy-p9jmhxtdgd75gsrs8mcg650n8txtrfdhyw62q25nhs.jpg\" \/>\n\t<meta property=\"og:image:width\" content=\"400\" \/>\n\t<meta property=\"og:image:height\" content=\"312\" \/>\n\t<meta property=\"og:image:type\" content=\"image\/jpeg\" \/>\n<meta name=\"twitter:card\" content=\"summary_large_image\" \/>\n<meta name=\"twitter:site\" content=\"@FTHSanMiguel\" \/>\n<meta name=\"twitter:label1\" content=\"Tiempo de lectura\" \/>\n\t<meta name=\"twitter:data1\" content=\"2 minutos\" \/>\n<script type=\"application\/ld+json\" class=\"yoast-schema-graph\">{\"@context\":\"https:\\\/\\\/schema.org\",\"@graph\":[{\"@type\":\"WebPage\",\"@id\":\"https:\\\/\\\/23.102.170.58\\\/es\\\/sponsor-a-kitchen\\\/\",\"url\":\"https:\\\/\\\/23.102.170.58\\\/es\\\/sponsor-a-kitchen\\\/\",\"name\":\"Sponsor a Kitchen - Feed the Hungry San Miguel\",\"isPartOf\":{\"@id\":\"https:\\\/\\\/www.sanmiguelsinhambre.org\\\/#website\"},\"primaryImageOfPage\":{\"@id\":\"https:\\\/\\\/23.102.170.58\\\/es\\\/sponsor-a-kitchen\\\/#primaryimage\"},\"image\":{\"@id\":\"https:\\\/\\\/23.102.170.58\\\/es\\\/sponsor-a-kitchen\\\/#primaryimage\"},\"thumbnailUrl\":\"https:\\\/\\\/www.feedthehungrysma.org\\\/wp-content\\\/uploads\\\/2022\\\/02\\\/kitchen-angel-logo-copy-p9jmhxtdgd75gsrs8mcg650n8txtrfdhyw62q25nhs.jpg\",\"datePublished\":\"2022-02-11T17:24:12+00:00\",\"dateModified\":\"2023-12-06T18:28:29+00:00\",\"breadcrumb\":{\"@id\":\"https:\\\/\\\/23.102.170.58\\\/es\\\/sponsor-a-kitchen\\\/#breadcrumb\"},\"inLanguage\":\"es\",\"potentialAction\":[{\"@type\":\"ReadAction\",\"target\":[\"https:\\\/\\\/23.102.170.58\\\/es\\\/sponsor-a-kitchen\\\/\"]}]},{\"@type\":\"BreadcrumbList\",\"@id\":\"https:\\\/\\\/23.102.170.58\\\/es\\\/sponsor-a-kitchen\\\/#breadcrumb\",\"itemListElement\":[{\"@type\":\"ListItem\",\"position\":1,\"name\":\"Home\",\"item\":\"https:\\\/\\\/www.sanmiguelsinhambre.org\\\/\"},{\"@type\":\"ListItem\",\"position\":2,\"name\":\"Sponsor a Kitchen\"}]},{\"@type\":\"WebSite\",\"@id\":\"https:\\\/\\\/www.sanmiguelsinhambre.org\\\/#website\",\"url\":\"https:\\\/\\\/www.sanmiguelsinhambre.org\\\/\",\"name\":\"Feed the Hungry San Miguel\",\"description\":\"\",\"publisher\":{\"@id\":\"https:\\\/\\\/www.sanmiguelsinhambre.org\\\/#organization\"},\"potentialAction\":[{\"@type\":\"SearchAction\",\"target\":{\"@type\":\"EntryPoint\",\"urlTemplate\":\"https:\\\/\\\/www.sanmiguelsinhambre.org\\\/?s={search_term_string}\"},\"query-input\":{\"@type\":\"PropertyValueSpecification\",\"valueRequired\":true,\"valueName\":\"search_term_string\"}}],\"inLanguage\":\"es\"},{\"@type\":\"Organization\",\"@id\":\"https:\\\/\\\/www.sanmiguelsinhambre.org\\\/#organization\",\"name\":\"Feed the Hungry San Miguel A.C\",\"url\":\"https:\\\/\\\/www.sanmiguelsinhambre.org\\\/\",\"logo\":{\"@type\":\"ImageObject\",\"inLanguage\":\"es\",\"@id\":\"https:\\\/\\\/www.sanmiguelsinhambre.org\\\/#\\\/schema\\\/logo\\\/image\\\/\",\"url\":\"https:\\\/\\\/www.feedthehungrysma.org\\\/wp-content\\\/uploads\\\/2023\\\/12\\\/fth_40anos_v2.png\",\"contentUrl\":\"https:\\\/\\\/www.feedthehungrysma.org\\\/wp-content\\\/uploads\\\/2023\\\/12\\\/fth_40anos_v2.png\",\"width\":554,\"height\":178,\"caption\":\"Feed the Hungry San Miguel A.C\"},\"image\":{\"@id\":\"https:\\\/\\\/www.sanmiguelsinhambre.org\\\/#\\\/schema\\\/logo\\\/image\\\/\"},\"sameAs\":[\"https:\\\/\\\/www.facebook.com\\\/FeedtheHungrySMA\\\/\",\"https:\\\/\\\/x.com\\\/FTHSanMiguel\",\"https:\\\/\\\/www.instagram.com\\\/FeedTheHungrySMA\\\/\",\"https:\\\/\\\/www.youtube.com\\\/channel\\\/UC1pXgylwryRMKsayIP9bPIA\"]}]}<\/script>\n<!-- \/ Yoast SEO plugin. -->","yoast_head_json":{"title":"Sponsor a Kitchen - Feed the Hungry San Miguel","robots":{"index":"index","follow":"follow","max-snippet":"max-snippet:-1","max-image-preview":"max-image-preview:large","max-video-preview":"max-video-preview:-1"},"canonical":"https:\/\/23.102.170.58\/es\/sponsor-a-kitchen\/","og_locale":"es_MX","og_type":"article","og_title":"Sponsor a Kitchen - Feed the Hungry San Miguel","og_description":"Sponsorship of a school-kitchen provides donors with a more personal connection to where their donations go. It is also a great way to do something meaningful as a family, groups of friends, or coworkers.\u00a0Kitchen Angels\u00a0receive regular updates on progress at their sponsored schools and, if they like, tours of the schools as well. Hundreds of [&hellip;]","og_url":"https:\/\/23.102.170.58\/es\/sponsor-a-kitchen\/","og_site_name":"Feed the Hungry San Miguel","article_publisher":"https:\/\/www.facebook.com\/FeedtheHungrySMA\/","article_modified_time":"2023-12-06T18:28:29+00:00","og_image":[{"width":400,"height":312,"url":"https:\/\/23.102.170.58\/wp-content\/uploads\/2022\/02\/kitchen-angel-logo-copy-p9jmhxtdgd75gsrs8mcg650n8txtrfdhyw62q25nhs.jpg","type":"image\/jpeg"}],"twitter_card":"summary_large_image","twitter_site":"@FTHSanMiguel","twitter_misc":{"Tiempo de lectura":"2 minutos"},"schema":{"@context":"https:\/\/schema.org","@graph":[{"@type":"WebPage","@id":"https:\/\/23.102.170.58\/es\/sponsor-a-kitchen\/","url":"https:\/\/23.102.170.58\/es\/sponsor-a-kitchen\/","name":"Sponsor a Kitchen - Feed the Hungry San Miguel","isPartOf":{"@id":"https:\/\/www.sanmiguelsinhambre.org\/#website"},"primaryImageOfPage":{"@id":"https:\/\/23.102.170.58\/es\/sponsor-a-kitchen\/#primaryimage"},"image":{"@id":"https:\/\/23.102.170.58\/es\/sponsor-a-kitchen\/#primaryimage"},"thumbnailUrl":"https:\/\/www.feedthehungrysma.org\/wp-content\/uploads\/2022\/02\/kitchen-angel-logo-copy-p9jmhxtdgd75gsrs8mcg650n8txtrfdhyw62q25nhs.jpg","datePublished":"2022-02-11T17:24:12+00:00","dateModified":"2023-12-06T18:28:29+00:00","breadcrumb":{"@id":"https:\/\/23.102.170.58\/es\/sponsor-a-kitchen\/#breadcrumb"},"inLanguage":"es","potentialAction":[{"@type":"ReadAction","target":["https:\/\/23.102.170.58\/es\/sponsor-a-kitchen\/"]}]},{"@type":"BreadcrumbList","@id":"https:\/\/23.102.170.58\/es\/sponsor-a-kitchen\/#breadcrumb","itemListElement":[{"@type":"ListItem","position":1,"name":"Home","item":"https:\/\/www.sanmiguelsinhambre.org\/"},{"@type":"ListItem","position":2,"name":"Sponsor a Kitchen"}]},{"@type":"WebSite","@id":"https:\/\/www.sanmiguelsinhambre.org\/#website","url":"https:\/\/www.sanmiguelsinhambre.org\/","name":"Feed the Hungry San Miguel","description":"","publisher":{"@id":"https:\/\/www.sanmiguelsinhambre.org\/#organization"},"potentialAction":[{"@type":"SearchAction","target":{"@type":"EntryPoint","urlTemplate":"https:\/\/www.sanmiguelsinhambre.org\/?s={search_term_string}"},"query-input":{"@type":"PropertyValueSpecification","valueRequired":true,"valueName":"search_term_string"}}],"inLanguage":"es"},{"@type":"Organization","@id":"https:\/\/www.sanmiguelsinhambre.org\/#organization","name":"Feed the Hungry San Miguel A.C","url":"https:\/\/www.sanmiguelsinhambre.org\/","logo":{"@type":"ImageObject","inLanguage":"es","@id":"https:\/\/www.sanmiguelsinhambre.org\/#\/schema\/logo\/image\/","url":"https:\/\/www.feedthehungrysma.org\/wp-content\/uploads\/2023\/12\/fth_40anos_v2.png","contentUrl":"https:\/\/www.feedthehungrysma.org\/wp-content\/uploads\/2023\/12\/fth_40anos_v2.png","width":554,"height":178,"caption":"Feed the Hungry San Miguel A.C"},"image":{"@id":"https:\/\/www.sanmiguelsinhambre.org\/#\/schema\/logo\/image\/"},"sameAs":["https:\/\/www.facebook.com\/FeedtheHungrySMA\/","https:\/\/x.com\/FTHSanMiguel","https:\/\/www.instagram.com\/FeedTheHungrySMA\/","https:\/\/www.youtube.com\/channel\/UC1pXgylwryRMKsayIP9bPIA"]}]}},"rttpg_featured_image_url":{"full":["https:\/\/www.feedthehungrysma.org\/wp-content\/uploads\/2022\/02\/kitchen-angel-logo-copy-p9jmhxtdgd75gsrs8mcg650n8txtrfdhyw62q25nhs.jpg",400,312,false],"landscape":["https:\/\/www.feedthehungrysma.org\/wp-content\/uploads\/2022\/02\/kitchen-angel-logo-copy-p9jmhxtdgd75gsrs8mcg650n8txtrfdhyw62q25nhs.jpg",400,312,false],"portraits":["https:\/\/www.feedthehungrysma.org\/wp-content\/uploads\/2022\/02\/kitchen-angel-logo-copy-p9jmhxtdgd75gsrs8mcg650n8txtrfdhyw62q25nhs.jpg",400,312,false],"thumbnail":["https:\/\/www.feedthehungrysma.org\/wp-content\/uploads\/2022\/02\/kitchen-angel-logo-copy-p9jmhxtdgd75gsrs8mcg650n8txtrfdhyw62q25nhs-150x150.jpg",150,150,true],"medium":["https:\/\/www.feedthehungrysma.org\/wp-content\/uploads\/2022\/02\/kitchen-angel-logo-copy-p9jmhxtdgd75gsrs8mcg650n8txtrfdhyw62q25nhs-300x234.jpg",300,234,true],"large":["https:\/\/www.feedthehungrysma.org\/wp-content\/uploads\/2022\/02\/kitchen-angel-logo-copy-p9jmhxtdgd75gsrs8mcg650n8txtrfdhyw62q25nhs.jpg",400,312,false],"1536x1536":["https:\/\/www.feedthehungrysma.org\/wp-content\/uploads\/2022\/02\/kitchen-angel-logo-copy-p9jmhxtdgd75gsrs8mcg650n8txtrfdhyw62q25nhs.jpg",400,312,false],"2048x2048":["https:\/\/www.feedthehungrysma.org\/wp-content\/uploads\/2022\/02\/kitchen-angel-logo-copy-p9jmhxtdgd75gsrs8mcg650n8txtrfdhyw62q25nhs.jpg",400,312,false],"trp-custom-language-flag":["https:\/\/www.feedthehungrysma.org\/wp-content\/uploads\/2022\/02\/kitchen-angel-logo-copy-p9jmhxtdgd75gsrs8mcg650n8txtrfdhyw62q25nhs.jpg",15,12,false]},"rttpg_author":{"display_name":"Soporte Core Group Solutions","author_link":"https:\/\/www.feedthehungrysma.org\/es\/author\/soporte-fth\/"},"rttpg_comment":0,"rttpg_category":null,"rttpg_excerpt":"Sponsorship of a school-kitchen provides donors with a more personal connection to where their donations go. It is also a great way to do something meaningful as a family, groups of friends, or coworkers.\u00a0Kitchen Angels\u00a0receive regular updates on progress at their sponsored schools and, if they like, tours of the schools as well. Hundreds of&hellip;","_links":{"self":[{"href":"https:\/\/www.feedthehungrysma.org\/es\/wp-json\/wp\/v2\/pages\/2984","targetHints":{"allow":["GET"]}}],"collection":[{"href":"https:\/\/www.feedthehungrysma.org\/es\/wp-json\/wp\/v2\/pages"}],"about":[{"href":"https:\/\/www.feedthehungrysma.org\/es\/wp-json\/wp\/v2\/types\/page"}],"author":[{"embeddable":true,"href":"https:\/\/www.feedthehungrysma.org\/es\/wp-json\/wp\/v2\/users\/279"}],"replies":[{"embeddable":true,"href":"https:\/\/www.feedthehungrysma.org\/es\/wp-json\/wp\/v2\/comments?post=2984"}],"version-history":[{"count":1,"href":"https:\/\/www.feedthehungrysma.org\/es\/wp-json\/wp\/v2\/pages\/2984\/revisions"}],"predecessor-version":[{"id":8791,"href":"https:\/\/www.feedthehungrysma.org\/es\/wp-json\/wp\/v2\/pages\/2984\/revisions\/8791"}],"wp:featuredmedia":[{"embeddable":true,"href":"https:\/\/www.feedthehungrysma.org\/es\/wp-json\/wp\/v2\/media\/2987"}],"wp:attachment":[{"href":"https:\/\/www.feedthehungrysma.org\/es\/wp-json\/wp\/v2\/media?parent=2984"}],"curies":[{"name":"wp","href":"https:\/\/api.w.org\/{rel}","templated":true}]}}