{"id":2471,"date":"2022-02-10T22:29:56","date_gmt":"2022-02-11T04:29:56","guid":{"rendered":"https:\/\/www.feedthehungrysma.org\/?page_id=2471"},"modified":"2022-04-29T13:54:53","modified_gmt":"2022-04-29T18:54:53","slug":"certifications","status":"publish","type":"page","link":"https:\/\/www.feedthehungrysma.org\/es\/certifications\/","title":{"rendered":"Certificaciones"},"content":{"rendered":"<div data-elementor-type=\"wp-page\" data-elementor-id=\"2471\" class=\"elementor elementor-2471\" data-elementor-post-type=\"page\">\n\t\t\t\t\t\t<section class=\"elementor-section elementor-top-section elementor-element elementor-element-0cb6073 elementor-section-boxed elementor-section-height-default elementor-section-height-default\" data-id=\"0cb6073\" data-element_type=\"section\" data-e-type=\"section\">\n\t\t\t\t\t\t<div class=\"elementor-container elementor-column-gap-default\">\n\t\t\t\t\t<div class=\"elementor-column elementor-col-66 elementor-top-column elementor-element elementor-element-2c4fdc5\" data-id=\"2c4fdc5\" data-element_type=\"column\" data-e-type=\"column\">\n\t\t\t<div class=\"elementor-widget-wrap elementor-element-populated\">\n\t\t\t\t\t\t<div class=\"elementor-element elementor-element-b2e6ec6 elementor-widget elementor-widget-text-editor\" data-id=\"b2e6ec6\" data-element_type=\"widget\" data-e-type=\"widget\" data-widget_type=\"text-editor.default\">\n\t\t\t\t<div class=\"elementor-widget-container\">\n\t\t\t\t\t\t\t\t\t<p><strong style=\"color: orange;\">ACREDITACIONES DE TERCEROS<\/strong><\/p><p>Feed the Hungry San Miguel, Inc es calificado anualmente por Charity Navigator a trav\u00e9s de su sistema Encompass Rating y ha recibido una calificaci\u00f3n de 100 sobre 100.<\/p><p>Este puntaje designa a Feed the Hungry San Miguel como una organizaci\u00f3n ben\u00e9fica oficial de &quot;Dar con confianza&quot;, lo que indica que nuestra organizaci\u00f3n est\u00e1 utilizando sus donaciones de manera efectiva seg\u00fan los criterios de Charity Navigator. Charity Navigator es el evaluador de organizaciones ben\u00e9ficas independiente m\u00e1s grande y m\u00e1s utilizado de Estados Unidos.<\/p>\t\t\t\t\t\t\t\t<\/div>\n\t\t\t\t<\/div>\n\t\t\t\t\t<\/div>\n\t\t<\/div>\n\t\t\t\t<div class=\"elementor-column elementor-col-33 elementor-top-column elementor-element elementor-element-5404995\" data-id=\"5404995\" data-element_type=\"column\" data-e-type=\"column\">\n\t\t\t<div class=\"elementor-widget-wrap elementor-element-populated\">\n\t\t\t\t\t\t<div class=\"elementor-element elementor-element-39a02ff elementor-widget elementor-widget-image\" data-id=\"39a02ff\" data-element_type=\"widget\" data-e-type=\"widget\" data-widget_type=\"image.default\">\n\t\t\t\t<div class=\"elementor-widget-container\">\n\t\t\t\t\t\t\t\t\t\t\t\t\t\t\t<img fetchpriority=\"high\" decoding=\"async\" width=\"471\" height=\"362\" src=\"https:\/\/23.102.170.58\/wp-content\/uploads\/2022\/04\/cn.jpg\" class=\"attachment-large size-large wp-image-5548\" alt=\"\" srcset=\"https:\/\/23.102.170.58\/wp-content\/uploads\/2022\/04\/cn.jpg 471w, https:\/\/23.102.170.58\/wp-content\/uploads\/2022\/04\/cn-300x231.jpg 300w\" sizes=\"(max-width: 471px) 100vw, 471px\" \/>\t\t\t\t\t\t\t\t\t\t\t\t\t\t\t<\/div>\n\t\t\t\t<\/div>\n\t\t\t\t\t<\/div>\n\t\t<\/div>\n\t\t\t\t\t<\/div>\n\t\t<\/section>\n\t\t\t\t<section class=\"elementor-section elementor-top-section elementor-element elementor-element-e6fa61f elementor-section-boxed elementor-section-height-default elementor-section-height-default\" data-id=\"e6fa61f\" data-element_type=\"section\" data-e-type=\"section\">\n\t\t\t\t\t\t<div class=\"elementor-container elementor-column-gap-default\">\n\t\t\t\t\t<div class=\"elementor-column elementor-col-100 elementor-top-column elementor-element elementor-element-ea266a5\" data-id=\"ea266a5\" data-element_type=\"column\" data-e-type=\"column\">\n\t\t\t<div class=\"elementor-widget-wrap elementor-element-populated\">\n\t\t\t\t\t\t<div class=\"elementor-element elementor-element-b8227e7 elementor-widget elementor-widget-text-editor\" data-id=\"b8227e7\" data-element_type=\"widget\" data-e-type=\"widget\" data-widget_type=\"text-editor.default\">\n\t\t\t\t<div class=\"elementor-widget-container\">\n\t\t\t\t\t\t\t\t\t<p>En 2013, Feed the Hungry AC se convirti\u00f3 en la primera organizaci\u00f3n sin fines de lucro en San Miguel de Allende en recibir la Certificaci\u00f3n de Transparencia y Responsabilidad Filantr\u00f3pica por parte del Centro Mexicano para la Filantrop\u00eda, CEMEFI. Continuamos siendo certificados anualmente por mejores pr\u00e1cticas y transparencia.<\/p><p>Tambi\u00e9n somos miembros de benevity.com, una plataforma de gesti\u00f3n de subvenciones y donaciones ben\u00e9ficas que ayuda a las empresas a realizar un seguimiento de las donaciones ben\u00e9ficas de sus empleados y promover el voluntariado.<\/p>\t\t\t\t\t\t\t\t<\/div>\n\t\t\t\t<\/div>\n\t\t\t\t\t<\/div>\n\t\t<\/div>\n\t\t\t\t\t<\/div>\n\t\t<\/section>\n\t\t\t\t<section class=\"elementor-section elementor-top-section elementor-element elementor-element-81a2767 elementor-section-boxed elementor-section-height-default elementor-section-height-default\" data-id=\"81a2767\" data-element_type=\"section\" data-e-type=\"section\">\n\t\t\t\t\t\t<div class=\"elementor-container elementor-column-gap-default\">\n\t\t\t\t\t<div class=\"elementor-column elementor-col-33 elementor-top-column elementor-element elementor-element-db6f6fc\" data-id=\"db6f6fc\" data-element_type=\"column\" data-e-type=\"column\">\n\t\t\t<div class=\"elementor-widget-wrap elementor-element-populated\">\n\t\t\t\t\t\t<div class=\"elementor-element elementor-element-2d4ce93 elementor-widget elementor-widget-image\" data-id=\"2d4ce93\" data-element_type=\"widget\" data-e-type=\"widget\" data-widget_type=\"image.default\">\n\t\t\t\t<div class=\"elementor-widget-container\">\n\t\t\t\t\t\t\t\t\t\t\t\t\t\t\t<img decoding=\"async\" width=\"480\" height=\"304\" src=\"https:\/\/23.102.170.58\/wp-content\/uploads\/2022\/04\/cemefi.png\" class=\"attachment-large size-large wp-image-5553\" alt=\"\" srcset=\"https:\/\/23.102.170.58\/wp-content\/uploads\/2022\/04\/cemefi.png 480w, https:\/\/23.102.170.58\/wp-content\/uploads\/2022\/04\/cemefi-300x190.png 300w\" sizes=\"(max-width: 480px) 100vw, 480px\" loading=\"lazy\" \/>\t\t\t\t\t\t\t\t\t\t\t\t\t\t\t<\/div>\n\t\t\t\t<\/div>\n\t\t\t\t\t<\/div>\n\t\t<\/div>\n\t\t\t\t<div class=\"elementor-column elementor-col-66 elementor-top-column elementor-element elementor-element-8a571cd\" data-id=\"8a571cd\" data-element_type=\"column\" data-e-type=\"column\">\n\t\t\t<div class=\"elementor-widget-wrap elementor-element-populated\">\n\t\t\t\t\t\t<div class=\"elementor-element elementor-element-c603629 elementor-widget elementor-widget-image\" data-id=\"c603629\" data-element_type=\"widget\" data-e-type=\"widget\" data-widget_type=\"image.default\">\n\t\t\t\t<div class=\"elementor-widget-container\">\n\t\t\t\t\t\t\t\t\t\t\t\t\t\t\t\t<a href=\"https:\/\/causes.benevity.org\/causes\/840-201193434\">\n\t\t\t\t\t\t\t<img decoding=\"async\" width=\"1024\" height=\"281\" src=\"https:\/\/23.102.170.58\/wp-content\/uploads\/2022\/04\/Benevity-Logo-1024x281-1.png\" class=\"attachment-large size-large wp-image-5560\" alt=\"\" srcset=\"https:\/\/23.102.170.58\/wp-content\/uploads\/2022\/04\/Benevity-Logo-1024x281-1.png 1024w, https:\/\/23.102.170.58\/wp-content\/uploads\/2022\/04\/Benevity-Logo-1024x281-1-300x82.png 300w, https:\/\/23.102.170.58\/wp-content\/uploads\/2022\/04\/Benevity-Logo-1024x281-1-768x211.png 768w\" sizes=\"(max-width: 1024px) 100vw, 1024px\" loading=\"lazy\" \/>\t\t\t\t\t\t\t\t<\/a>\n\t\t\t\t\t\t\t\t\t\t\t\t\t\t\t<\/div>\n\t\t\t\t<\/div>\n\t\t\t\t\t<\/div>\n\t\t<\/div>\n\t\t\t\t\t<\/div>\n\t\t<\/section>\n\t\t\t\t<\/div>","protected":false},"excerpt":{"rendered":"<p>THIRD-PARTY ACCREDITATIONS Feed the Hungry San Miguel, Inc is annually rated by Charity Navigator through their Encompass Rating system and has received a 100 out of 100 rating. This score designates\u202fFeed the Hungry San Miguel\u202fas an official \u201cGive with Confidence\u201d charity, indicating that our organization is using its donations effectively based on Charity Navigator\u2019s criteria. [&hellip;]<\/p>\n","protected":false},"author":279,"featured_media":0,"parent":0,"menu_order":0,"comment_status":"closed","ping_status":"closed","template":"elementor_theme","meta":{"site-sidebar-layout":"right-sidebar","site-content-layout":"boxed-container","ast-site-content-layout":"default","site-content-style":"default","site-sidebar-style":"default","ast-global-header-display":"","ast-banner-title-visibility":"","ast-main-header-display":"","ast-hfb-above-header-display":"","ast-hfb-below-header-display":"","ast-hfb-mobile-header-display":"","site-post-title":"","ast-breadcrumbs-content":"","ast-featured-img":"disabled","footer-sml-layout":"","ast-disable-related-posts":"","theme-transparent-header-meta":"","adv-header-id-meta":"","stick-header-meta":"","header-above-stick-meta":"","header-main-stick-meta":"","header-below-stick-meta":"","astra-migrate-meta-layouts":"default","ast-page-background-enabled":"default","ast-page-background-meta":{"desktop":{"background-color":"","background-image":"","background-repeat":"repeat","background-position":"center center","background-size":"auto","background-attachment":"scroll","background-type":"","background-media":"","overlay-type":"","overlay-color":"","overlay-opacity":"","overlay-gradient":""},"tablet":{"background-color":"","background-image":"","background-repeat":"repeat","background-position":"center center","background-size":"auto","background-attachment":"scroll","background-type":"","background-media":"","overlay-type":"","overlay-color":"","overlay-opacity":"","overlay-gradient":""},"mobile":{"background-color":"","background-image":"","background-repeat":"repeat","background-position":"center center","background-size":"auto","background-attachment":"scroll","background-type":"","background-media":"","overlay-type":"","overlay-color":"","overlay-opacity":"","overlay-gradient":""}},"ast-content-background-meta":{"desktop":{"background-color":"var(--ast-global-color-5)","background-image":"","background-repeat":"repeat","background-position":"center center","background-size":"auto","background-attachment":"scroll","background-type":"","background-media":"","overlay-type":"","overlay-color":"","overlay-opacity":"","overlay-gradient":""},"tablet":{"background-color":"var(--ast-global-color-5)","background-image":"","background-repeat":"repeat","background-position":"center center","background-size":"auto","background-attachment":"scroll","background-type":"","background-media":"","overlay-type":"","overlay-color":"","overlay-opacity":"","overlay-gradient":""},"mobile":{"background-color":"var(--ast-global-color-5)","background-image":"","background-repeat":"repeat","background-position":"center center","background-size":"auto","background-attachment":"scroll","background-type":"","background-media":"","overlay-type":"","overlay-color":"","overlay-opacity":"","overlay-gradient":""}},"cybocfi_hide_featured_image":"","_joinchat":[],"footnotes":""},"class_list":["post-2471","page","type-page","status-publish","hentry"],"yoast_head":"<!-- This site is optimized with the Yoast SEO plugin v27.3 - https:\/\/yoast.com\/product\/yoast-seo-wordpress\/ -->\n<title>Certifications - Feed the Hungry San Miguel<\/title>\n<meta name=\"robots\" content=\"index, follow, max-snippet:-1, max-image-preview:large, max-video-preview:-1\" \/>\n<link rel=\"canonical\" href=\"https:\/\/23.102.170.58\/es\/certifications\/\" \/>\n<meta property=\"og:locale\" content=\"es_MX\" \/>\n<meta property=\"og:type\" content=\"article\" \/>\n<meta property=\"og:title\" content=\"Certifications - Feed the Hungry San Miguel\" \/>\n<meta property=\"og:description\" content=\"THIRD-PARTY ACCREDITATIONS Feed the Hungry San Miguel, Inc is annually rated by Charity Navigator through their Encompass Rating system and has received a 100 out of 100 rating. This score designates\u202fFeed the Hungry San Miguel\u202fas an official \u201cGive with Confidence\u201d charity, indicating that our organization is using its donations effectively based on Charity Navigator\u2019s criteria. [&hellip;]\" \/>\n<meta property=\"og:url\" content=\"https:\/\/23.102.170.58\/es\/certifications\/\" \/>\n<meta property=\"og:site_name\" content=\"Feed the Hungry San Miguel\" \/>\n<meta property=\"article:publisher\" content=\"https:\/\/www.facebook.com\/FeedtheHungrySMA\/\" \/>\n<meta property=\"article:modified_time\" content=\"2022-04-29T18:54:53+00:00\" \/>\n<meta property=\"og:image\" content=\"https:\/\/www.feedthehungrysma.org\/wp-content\/uploads\/2022\/04\/cn.jpg\" \/>\n<meta name=\"twitter:card\" content=\"summary_large_image\" \/>\n<meta name=\"twitter:site\" content=\"@FTHSanMiguel\" \/>\n<meta name=\"twitter:label1\" content=\"Tiempo de lectura\" \/>\n\t<meta name=\"twitter:data1\" content=\"1 minuto\" \/>\n<script type=\"application\/ld+json\" class=\"yoast-schema-graph\">{\"@context\":\"https:\\\/\\\/schema.org\",\"@graph\":[{\"@type\":\"WebPage\",\"@id\":\"https:\\\/\\\/23.102.170.58\\\/es\\\/certifications\\\/\",\"url\":\"https:\\\/\\\/23.102.170.58\\\/es\\\/certifications\\\/\",\"name\":\"Certifications - Feed the Hungry San Miguel\",\"isPartOf\":{\"@id\":\"https:\\\/\\\/23.102.170.58\\\/#website\"},\"primaryImageOfPage\":{\"@id\":\"https:\\\/\\\/23.102.170.58\\\/es\\\/certifications\\\/#primaryimage\"},\"image\":{\"@id\":\"https:\\\/\\\/23.102.170.58\\\/es\\\/certifications\\\/#primaryimage\"},\"thumbnailUrl\":\"https:\\\/\\\/www.feedthehungrysma.org\\\/wp-content\\\/uploads\\\/2022\\\/04\\\/cn.jpg\",\"datePublished\":\"2022-02-11T04:29:56+00:00\",\"dateModified\":\"2022-04-29T18:54:53+00:00\",\"breadcrumb\":{\"@id\":\"https:\\\/\\\/23.102.170.58\\\/es\\\/certifications\\\/#breadcrumb\"},\"inLanguage\":\"es\",\"potentialAction\":[{\"@type\":\"ReadAction\",\"target\":[\"https:\\\/\\\/23.102.170.58\\\/es\\\/certifications\\\/\"]}]},{\"@type\":\"ImageObject\",\"inLanguage\":\"es\",\"@id\":\"https:\\\/\\\/23.102.170.58\\\/es\\\/certifications\\\/#primaryimage\",\"url\":\"https:\\\/\\\/www.feedthehungrysma.org\\\/wp-content\\\/uploads\\\/2022\\\/04\\\/cn.jpg\",\"contentUrl\":\"https:\\\/\\\/www.feedthehungrysma.org\\\/wp-content\\\/uploads\\\/2022\\\/04\\\/cn.jpg\"},{\"@type\":\"BreadcrumbList\",\"@id\":\"https:\\\/\\\/23.102.170.58\\\/es\\\/certifications\\\/#breadcrumb\",\"itemListElement\":[{\"@type\":\"ListItem\",\"position\":1,\"name\":\"Home\",\"item\":\"https:\\\/\\\/23.102.170.58\\\/\"},{\"@type\":\"ListItem\",\"position\":2,\"name\":\"Certifications\"}]},{\"@type\":\"WebSite\",\"@id\":\"https:\\\/\\\/23.102.170.58\\\/#website\",\"url\":\"https:\\\/\\\/23.102.170.58\\\/\",\"name\":\"Feed the Hungry San Miguel\",\"description\":\"\",\"publisher\":{\"@id\":\"https:\\\/\\\/23.102.170.58\\\/#organization\"},\"potentialAction\":[{\"@type\":\"SearchAction\",\"target\":{\"@type\":\"EntryPoint\",\"urlTemplate\":\"https:\\\/\\\/23.102.170.58\\\/?s={search_term_string}\"},\"query-input\":{\"@type\":\"PropertyValueSpecification\",\"valueRequired\":true,\"valueName\":\"search_term_string\"}}],\"inLanguage\":\"es\"},{\"@type\":\"Organization\",\"@id\":\"https:\\\/\\\/23.102.170.58\\\/#organization\",\"name\":\"Feed the Hungry San Miguel A.C\",\"url\":\"https:\\\/\\\/23.102.170.58\\\/\",\"logo\":{\"@type\":\"ImageObject\",\"inLanguage\":\"es\",\"@id\":\"https:\\\/\\\/23.102.170.58\\\/#\\\/schema\\\/logo\\\/image\\\/\",\"url\":\"https:\\\/\\\/www.feedthehungrysma.org\\\/wp-content\\\/uploads\\\/2023\\\/12\\\/fth_40anos_v2.png\",\"contentUrl\":\"https:\\\/\\\/www.feedthehungrysma.org\\\/wp-content\\\/uploads\\\/2023\\\/12\\\/fth_40anos_v2.png\",\"width\":554,\"height\":178,\"caption\":\"Feed the Hungry San Miguel A.C\"},\"image\":{\"@id\":\"https:\\\/\\\/23.102.170.58\\\/#\\\/schema\\\/logo\\\/image\\\/\"},\"sameAs\":[\"https:\\\/\\\/www.facebook.com\\\/FeedtheHungrySMA\\\/\",\"https:\\\/\\\/x.com\\\/FTHSanMiguel\",\"https:\\\/\\\/www.instagram.com\\\/FeedTheHungrySMA\\\/\",\"https:\\\/\\\/www.youtube.com\\\/channel\\\/UC1pXgylwryRMKsayIP9bPIA\"]}]}<\/script>\n<!-- \/ Yoast SEO plugin. -->","yoast_head_json":{"title":"Certifications - Feed the Hungry San Miguel","robots":{"index":"index","follow":"follow","max-snippet":"max-snippet:-1","max-image-preview":"max-image-preview:large","max-video-preview":"max-video-preview:-1"},"canonical":"https:\/\/23.102.170.58\/es\/certifications\/","og_locale":"es_MX","og_type":"article","og_title":"Certifications - Feed the Hungry San Miguel","og_description":"THIRD-PARTY ACCREDITATIONS Feed the Hungry San Miguel, Inc is annually rated by Charity Navigator through their Encompass Rating system and has received a 100 out of 100 rating. This score designates\u202fFeed the Hungry San Miguel\u202fas an official \u201cGive with Confidence\u201d charity, indicating that our organization is using its donations effectively based on Charity Navigator\u2019s criteria. [&hellip;]","og_url":"https:\/\/23.102.170.58\/es\/certifications\/","og_site_name":"Feed the Hungry San Miguel","article_publisher":"https:\/\/www.facebook.com\/FeedtheHungrySMA\/","article_modified_time":"2022-04-29T18:54:53+00:00","og_image":[{"url":"https:\/\/www.feedthehungrysma.org\/wp-content\/uploads\/2022\/04\/cn.jpg","type":"","width":"","height":""}],"twitter_card":"summary_large_image","twitter_site":"@FTHSanMiguel","twitter_misc":{"Tiempo de lectura":"1 minuto"},"schema":{"@context":"https:\/\/schema.org","@graph":[{"@type":"WebPage","@id":"https:\/\/23.102.170.58\/es\/certifications\/","url":"https:\/\/23.102.170.58\/es\/certifications\/","name":"Certifications - Feed the Hungry San Miguel","isPartOf":{"@id":"https:\/\/23.102.170.58\/#website"},"primaryImageOfPage":{"@id":"https:\/\/23.102.170.58\/es\/certifications\/#primaryimage"},"image":{"@id":"https:\/\/23.102.170.58\/es\/certifications\/#primaryimage"},"thumbnailUrl":"https:\/\/www.feedthehungrysma.org\/wp-content\/uploads\/2022\/04\/cn.jpg","datePublished":"2022-02-11T04:29:56+00:00","dateModified":"2022-04-29T18:54:53+00:00","breadcrumb":{"@id":"https:\/\/23.102.170.58\/es\/certifications\/#breadcrumb"},"inLanguage":"es","potentialAction":[{"@type":"ReadAction","target":["https:\/\/23.102.170.58\/es\/certifications\/"]}]},{"@type":"ImageObject","inLanguage":"es","@id":"https:\/\/23.102.170.58\/es\/certifications\/#primaryimage","url":"https:\/\/www.feedthehungrysma.org\/wp-content\/uploads\/2022\/04\/cn.jpg","contentUrl":"https:\/\/www.feedthehungrysma.org\/wp-content\/uploads\/2022\/04\/cn.jpg"},{"@type":"BreadcrumbList","@id":"https:\/\/23.102.170.58\/es\/certifications\/#breadcrumb","itemListElement":[{"@type":"ListItem","position":1,"name":"Home","item":"https:\/\/23.102.170.58\/"},{"@type":"ListItem","position":2,"name":"Certifications"}]},{"@type":"WebSite","@id":"https:\/\/23.102.170.58\/#website","url":"https:\/\/23.102.170.58\/","name":"Feed the Hungry San Miguel","description":"","publisher":{"@id":"https:\/\/23.102.170.58\/#organization"},"potentialAction":[{"@type":"SearchAction","target":{"@type":"EntryPoint","urlTemplate":"https:\/\/23.102.170.58\/?s={search_term_string}"},"query-input":{"@type":"PropertyValueSpecification","valueRequired":true,"valueName":"search_term_string"}}],"inLanguage":"es"},{"@type":"Organization","@id":"https:\/\/23.102.170.58\/#organization","name":"Feed the Hungry San Miguel A.C","url":"https:\/\/23.102.170.58\/","logo":{"@type":"ImageObject","inLanguage":"es","@id":"https:\/\/23.102.170.58\/#\/schema\/logo\/image\/","url":"https:\/\/www.feedthehungrysma.org\/wp-content\/uploads\/2023\/12\/fth_40anos_v2.png","contentUrl":"https:\/\/www.feedthehungrysma.org\/wp-content\/uploads\/2023\/12\/fth_40anos_v2.png","width":554,"height":178,"caption":"Feed the Hungry San Miguel A.C"},"image":{"@id":"https:\/\/23.102.170.58\/#\/schema\/logo\/image\/"},"sameAs":["https:\/\/www.facebook.com\/FeedtheHungrySMA\/","https:\/\/x.com\/FTHSanMiguel","https:\/\/www.instagram.com\/FeedTheHungrySMA\/","https:\/\/www.youtube.com\/channel\/UC1pXgylwryRMKsayIP9bPIA"]}]}},"rttpg_featured_image_url":null,"rttpg_author":{"display_name":"Soporte Core Group Solutions","author_link":"https:\/\/www.feedthehungrysma.org\/es\/author\/soporte-fth\/"},"rttpg_comment":0,"rttpg_category":null,"rttpg_excerpt":"THIRD-PARTY ACCREDITATIONS Feed the Hungry San Miguel, Inc is annually rated by Charity Navigator through their Encompass Rating system and has received a 100 out of 100 rating. This score designates\u202fFeed the Hungry San Miguel\u202fas an official \u201cGive with Confidence\u201d charity, indicating that our organization is using its donations effectively based on Charity Navigator\u2019s criteria.&hellip;","_links":{"self":[{"href":"https:\/\/www.feedthehungrysma.org\/es\/wp-json\/wp\/v2\/pages\/2471","targetHints":{"allow":["GET"]}}],"collection":[{"href":"https:\/\/www.feedthehungrysma.org\/es\/wp-json\/wp\/v2\/pages"}],"about":[{"href":"https:\/\/www.feedthehungrysma.org\/es\/wp-json\/wp\/v2\/types\/page"}],"author":[{"embeddable":true,"href":"https:\/\/www.feedthehungrysma.org\/es\/wp-json\/wp\/v2\/users\/279"}],"replies":[{"embeddable":true,"href":"https:\/\/www.feedthehungrysma.org\/es\/wp-json\/wp\/v2\/comments?post=2471"}],"version-history":[{"count":0,"href":"https:\/\/www.feedthehungrysma.org\/es\/wp-json\/wp\/v2\/pages\/2471\/revisions"}],"wp:attachment":[{"href":"https:\/\/www.feedthehungrysma.org\/es\/wp-json\/wp\/v2\/media?parent=2471"}],"curies":[{"name":"wp","href":"https:\/\/api.w.org\/{rel}","templated":true}]}}